{"id":1284,"date":"2020-01-16T09:09:28","date_gmt":"2020-01-16T08:09:28","guid":{"rendered":"https:\/\/www.endres-lighting.de\/wordpress\/?page_id=1284"},"modified":"2026-01-13T13:48:00","modified_gmt":"2026-01-13T12:48:00","slug":"impressum","status":"publish","type":"page","link":"https:\/\/www.endres-lighting.de\/el\/impressum\/","title":{"rendered":"Impressum"},"content":{"rendered":"\t\t<div data-elementor-type=\"wp-page\" data-elementor-id=\"1284\" class=\"elementor elementor-1284\">\n\t\t\t\t\t\t<section class=\"elementor-section elementor-top-section elementor-element elementor-element-4cd3a5ac elementor-section-boxed elementor-section-height-default elementor-section-height-default\" data-id=\"4cd3a5ac\" data-element_type=\"section\" data-e-type=\"section\">\n\t\t\t\t\t\t<div class=\"elementor-container elementor-column-gap-default\">\n\t\t\t\t\t<div class=\"elementor-column elementor-col-100 elementor-top-column elementor-element elementor-element-7009627c\" data-id=\"7009627c\" data-element_type=\"column\" data-e-type=\"column\">\n\t\t\t<div class=\"elementor-widget-wrap elementor-element-populated\">\n\t\t\t\t\t\t<div class=\"elementor-element elementor-element-312f27da elementor-widget elementor-widget-text-editor\" data-id=\"312f27da\" data-element_type=\"widget\" data-e-type=\"widget\" data-widget_type=\"text-editor.default\">\n\t\t\t\t<div class=\"elementor-widget-container\">\n\t\t\t\t\t\t\t\t\t<h1>Impressum<\/h1>\n<h4>&nbsp;<\/h4>\n<h3>Angaben gem\u00e4\u00df \u00a7 5 TMG<\/h3>\n<p>Endres Lighting GmbH<br>Hinter Viedel 4<br>56751 Polch<\/p>\n<p>Handelsregister: HRB 13422<br>Registergericht: Mayen<br>Registrierungsnummer der EAR: WEEE-Reg.-Nr. DE 97116610<br><\/p>\n<h3>Vertreten durch:<\/h3>\n<p>Peter Endres, Gesch\u00e4ftsf\u00fchrer<br>Uwe Klauer,&nbsp;Gesch\u00e4ftsf\u00fchrer<\/p>\n<h3>Kontakt<\/h3>\n<p>Telefon: 02654-9487-0<br>Telefax: 02654-9487-11<br>E-Mail: info@endres-lighting.de<\/p>\n<h3>Umsatzsteuer-ID<\/h3>\n<p>Umsatzsteuer-Identifikationsnummer gem\u00e4\u00df \u00a7 27 a <br>Umsatzsteuergesetz: DE 167135191<\/p>\n<h3>Verantwortlich f\u00fcr den Inhalt nach \u00a7 55 Abs. 2 RStV<\/h3>\n<p>Peter Endres, Gesch\u00e4ftsf\u00fchrer<br>Uwe&nbsp;Klauer,&nbsp;Gesch\u00e4ftsf\u00fchrer<\/p>\n<h3>EU-Streitschlichtung<\/h3>\n<p>Die Europ\u00e4ische Kommission stellt eine Plattform zur Online-Streitbeilegung (OS) bereit:<br><u><a href=\"https:\/\/ec.europa.eu\/consumers\/odr\/.Zur\">https:\/\/ec.europa.eu\/consumers\/odr\/. <\/a><\/u><\/p>\n<p><u><\/u>Unsere E-Mail-Adresse finden Sie oben im Impressum.<br>Zur Teilnahme an einem Streitbeilegungsverfahren vor einer Verbraucherschlichtungsstelle sind wir nicht verpflichtet und nicht bereit.<\/p>\n<h3>Informationspflicht zum Elektro- und Elektronikgesetz<\/h3>\n<p><a href=\"http:\/\/www.take-e-way.de\/leistungen\/elektrogesetz-weee-elektrog\/berichts-informationspflichten\/\" target=\"_blank\" rel=\"noopener noreferrer\">Informationspflichten gem\u00e4\u00df \u00a718 Abs. 2 Elektro- und Elektronikger\u00e4tegesetz<\/a><\/p>\t\t\t\t\t\t\t\t<\/div>\n\t\t\t\t<\/div>\n\t\t\t\t\t<\/div>\n\t\t<\/div>\n\t\t\t\t\t<\/div>\n\t\t<\/section>\n\t\t\t\t<\/div>\n\t\t","protected":false},"excerpt":{"rendered":"<p>Impressum &nbsp; Angaben gem\u00e4\u00df \u00a7 5 TMG Endres Lighting GmbHHinter Viedel 456751 Polch Handelsregister: HRB 13422Registergericht: MayenRegistrierungsnummer der EAR: WEEE-Reg.-Nr. DE 97116610 Vertreten durch: Peter Endres, Gesch\u00e4ftsf\u00fchrerUwe Klauer,&nbsp;Gesch\u00e4ftsf\u00fchrer Kontakt Telefon: 02654-9487-0Telefax: 02654-9487-11E-Mail: info@endres-lighting.de Umsatzsteuer-ID Umsatzsteuer-Identifikationsnummer gem\u00e4\u00df \u00a7 27 a Umsatzsteuergesetz: DE 167135191 Verantwortlich f\u00fcr den Inhalt nach \u00a7 55 Abs. 2 RStV Peter Endres, Gesch\u00e4ftsf\u00fchrerUwe&nbsp;Klauer,&nbsp;Gesch\u00e4ftsf\u00fchrer [&hellip;]<\/p>\n","protected":false},"author":1,"featured_media":0,"parent":0,"menu_order":0,"comment_status":"closed","ping_status":"closed","template":"","meta":{"_crdt_document":"","_monsterinsights_skip_tracking":false,"_monsterinsights_sitenote_active":false,"_monsterinsights_sitenote_note":"","_monsterinsights_sitenote_category":0,"footnotes":""},"class_list":["post-1284","page","type-page","status-publish","hentry"],"_links":{"self":[{"href":"https:\/\/www.endres-lighting.de\/el\/wp-json\/wp\/v2\/pages\/1284","targetHints":{"allow":["GET"]}}],"collection":[{"href":"https:\/\/www.endres-lighting.de\/el\/wp-json\/wp\/v2\/pages"}],"about":[{"href":"https:\/\/www.endres-lighting.de\/el\/wp-json\/wp\/v2\/types\/page"}],"author":[{"embeddable":true,"href":"https:\/\/www.endres-lighting.de\/el\/wp-json\/wp\/v2\/users\/1"}],"replies":[{"embeddable":true,"href":"https:\/\/www.endres-lighting.de\/el\/wp-json\/wp\/v2\/comments?post=1284"}],"version-history":[{"count":29,"href":"https:\/\/www.endres-lighting.de\/el\/wp-json\/wp\/v2\/pages\/1284\/revisions"}],"predecessor-version":[{"id":9405,"href":"https:\/\/www.endres-lighting.de\/el\/wp-json\/wp\/v2\/pages\/1284\/revisions\/9405"}],"wp:attachment":[{"href":"https:\/\/www.endres-lighting.de\/el\/wp-json\/wp\/v2\/media?parent=1284"}],"curies":[{"name":"wp","href":"https:\/\/api.w.org\/{rel}","templated":true}]}}