{"id":2648,"date":"2020-02-26T14:24:57","date_gmt":"2020-02-26T13:24:57","guid":{"rendered":"https:\/\/www.endres-lighting.de\/wordpress\/?page_id=2648"},"modified":"2024-05-16T13:09:54","modified_gmt":"2024-05-16T11:09:54","slug":"led-technik-nach-einsatzbereichen","status":"publish","type":"page","link":"https:\/\/www.endres-lighting.de\/el\/led-technik-nach-einsatzbereichen\/","title":{"rendered":"LED Technik nach Einsatzbereichen"},"content":{"rendered":"\t\t<div data-elementor-type=\"wp-page\" data-elementor-id=\"2648\" class=\"elementor elementor-2648\">\n\t\t\t\t\t\t<section class=\"elementor-section elementor-top-section elementor-element elementor-element-20e049b elementor-section-boxed elementor-section-height-default elementor-section-height-default\" data-id=\"20e049b\" data-element_type=\"section\" data-e-type=\"section\">\n\t\t\t\t\t\t<div class=\"elementor-container elementor-column-gap-default\">\n\t\t\t\t\t<div class=\"elementor-column elementor-col-100 elementor-top-column elementor-element elementor-element-4b429bad\" data-id=\"4b429bad\" data-element_type=\"column\" data-e-type=\"column\">\n\t\t\t<div class=\"elementor-widget-wrap elementor-element-populated\">\n\t\t\t\t\t\t<div class=\"elementor-element elementor-element-1f4c3ece elementor-widget elementor-widget-text-editor\" data-id=\"1f4c3ece\" data-element_type=\"widget\" data-e-type=\"widget\" data-widget_type=\"text-editor.default\">\n\t\t\t\t<div class=\"elementor-widget-container\">\n\t\t\t\t\t\t\t\t\t<p><\/p>\n<h2 class=\"wp-block-heading\">LED Technik nach Einsatzbereichen<\/h2>\n<p><\/p>\n<p>LED Technik eignet sich f\u00fcr beinahe jeden Einsatzbereich &#8211; ob Lagerhallen, Industriehallen, Gewerbe und B\u00fcro, Sportpl\u00e4tze und Sportfl\u00e4chen.<br>LED Beleuchtungstechnik ist vielseitig und gewinnt immer mehr an Bedeutung. <strong>Welchen Bereich m\u00f6chten Sie mit LED Technik ausstatten?<\/strong> <br>Ein Klick auf das entsprechende Bild f\u00fchrt Sie zu den Angeboten, die zu Ihrer pers\u00f6nlichen Planung passen.<\/p>\n<p><\/p>\n<div class=\"wp-block-spacer\" style=\"height: 21px;\" aria-hidden=\"true\">&nbsp;<\/div>\n<p><\/p>\n<div class=\"wp-block-columns is-layout-flex wp-container-core-columns-is-layout-8f761849 wp-block-columns-is-layout-flex\">\n<p><\/p>\n<div class=\"wp-block-column is-layout-flow wp-block-column-is-layout-flow\">\n<p><\/p>\n<h4 class=\"wp-block-heading\">Gewerbe und B\u00fcro<\/h4>\n<figure class=\"wp-block-image size-large\"><img fetchpriority=\"high\" decoding=\"async\" class=\"wp-image-2196\" src=\"https:\/\/www.endres-lighting.de\/el\/wp-content\/uploads\/2020\/02\/jeansworld-verkaufsraum-mit-bunkerleuchte-300x166.jpg\" alt=\"Jeansworld Emmelshausen Verkaufsraum Ansicht mit Bunkerleuchte\" width=\"730\" height=\"405\" srcset=\"https:\/\/www.endres-lighting.de\/el\/wp-content\/uploads\/2020\/02\/jeansworld-verkaufsraum-mit-bunkerleuchte-300x166.jpg 300w, https:\/\/www.endres-lighting.de\/el\/wp-content\/uploads\/2020\/02\/jeansworld-verkaufsraum-mit-bunkerleuchte-700x388.jpg 700w, https:\/\/www.endres-lighting.de\/el\/wp-content\/uploads\/2020\/02\/jeansworld-verkaufsraum-mit-bunkerleuchte-768x426.jpg 768w, https:\/\/www.endres-lighting.de\/el\/wp-content\/uploads\/2020\/02\/jeansworld-verkaufsraum-mit-bunkerleuchte.jpg 1100w\" sizes=\"(max-width: 730px) 100vw, 730px\" \/><\/figure>\n<figure class=\"wp-block-image size-large\">Gewerbebetriebe, B\u00fcros und auch Verkaufsr\u00e4ume, wie z. B. hier bei Jeans World, dass mit umger\u00fcsteten Bunkerleuchten aus Berlins Untergrund ausgestattet wurde, profitieren von moderner LED Technik.<\/figure>\n<figure class=\"wp-block-image size-large\"><\/figure>\n<p><\/p>\n<\/div>\n<p><\/p>\n<div class=\"wp-block-column is-layout-flow wp-block-column-is-layout-flow\">\n<p><\/p>\n<h4 class=\"wp-block-heading\"><strong>Industriehallen<\/strong><\/h4>\n<p><\/p>\n<figure class=\"wp-block-image size-large\"><img decoding=\"async\" class=\"alignnone wp-image-7958 size-full\" src=\"https:\/\/www.endres-lighting.de\/el\/wp-content\/uploads\/2024\/04\/Industriehallen.jpg\" alt=\"\" width=\"730\" height=\"410\" srcset=\"https:\/\/www.endres-lighting.de\/el\/wp-content\/uploads\/2024\/04\/Industriehallen.jpg 730w, https:\/\/www.endres-lighting.de\/el\/wp-content\/uploads\/2024\/04\/Industriehallen-300x168.jpg 300w, https:\/\/www.endres-lighting.de\/el\/wp-content\/uploads\/2024\/04\/Industriehallen-700x393.jpg 700w\" sizes=\"(max-width: 730px) 100vw, 730px\" \/><\/figure>\n<figure class=\"wp-block-image size-large\"><span style=\"color: var( --e-global-color-text ); font-family: var( --e-global-typography-text-font-family ), Sans-serif; font-weight: var( --e-global-typography-text-font-weight );\">F\u00fcr Lagerhallen und andere gro\u00dfe Fl\u00e4chen ist LED Beleuchtung die erste Wahl. Ihr Einsatz amortisiert sich in kurzer Zeit durch die Einsparung an Energiekosten.<\/span><\/figure>\n<p><\/p>\n<\/div>\n<p><\/p>\n<div class=\"wp-block-column is-layout-flow wp-block-column-is-layout-flow\">\n<p><\/p>\n<h4 class=\"wp-block-heading\"><strong>Sportpl\u00e4tze und Sportfl\u00e4chen<\/strong><\/h4>\n<h4><\/h4>\n<figure class=\"wp-block-image size-large\"><img decoding=\"async\" class=\"wp-image-5859 size-full aligncenter\" src=\"https:\/\/www.endres-lighting.de\/el\/wp-content\/uploads\/2021\/10\/LED-Flutlicht-5-3.jpg\" alt=\"\" width=\"730\" height=\"410\" srcset=\"https:\/\/www.endres-lighting.de\/el\/wp-content\/uploads\/2021\/10\/LED-Flutlicht-5-3.jpg 730w, https:\/\/www.endres-lighting.de\/el\/wp-content\/uploads\/2021\/10\/LED-Flutlicht-5-3-700x393.jpg 700w, https:\/\/www.endres-lighting.de\/el\/wp-content\/uploads\/2021\/10\/LED-Flutlicht-5-3-300x168.jpg 300w\" sizes=\"(max-width: 730px) 100vw, 730px\" \/><\/figure>\n<figure class=\"wp-block-image size-large\"><span style=\"color: var( --e-global-color-text ); font-family: var( --e-global-typography-text-font-family ), Sans-serif; font-weight: var( --e-global-typography-text-font-weight );\">LED Flutlicht und Flutlichtstrahler eignen sich f\u00fcr die Ausleuchtung von Sportpl\u00e4tzen und gr\u00f6\u00dferen Sportfl\u00e4chen. Profitieren Sie von Effizienz, Energiekosteneinsparung und Langlebigkeit.<\/span><\/figure>\n<p><\/p>\n<\/div>\n<p><\/p>\n<\/div>\n<p><\/p>\n<div class=\"wp-block-columns is-layout-flex wp-container-core-columns-is-layout-8f761849 wp-block-columns-is-layout-flex\">\n<p><\/p>\n<div class=\"wp-block-column is-layout-flow wp-block-column-is-layout-flow\">\n<p><\/p>\n<h4 class=\"wp-block-heading\"><strong>Stra\u00dfenbeleuchtung<\/strong><\/h4>\n<p><\/p>\n<figure class=\"wp-block-image size-large\"><img loading=\"lazy\" decoding=\"async\" class=\"alignnone wp-image-7945 size-full\" src=\"https:\/\/www.endres-lighting.de\/el\/wp-content\/uploads\/2024\/04\/Strassenbeleuchtung.jpg\" alt=\"\" width=\"730\" height=\"410\" srcset=\"https:\/\/www.endres-lighting.de\/el\/wp-content\/uploads\/2024\/04\/Strassenbeleuchtung.jpg 730w, https:\/\/www.endres-lighting.de\/el\/wp-content\/uploads\/2024\/04\/Strassenbeleuchtung-300x168.jpg 300w, https:\/\/www.endres-lighting.de\/el\/wp-content\/uploads\/2024\/04\/Strassenbeleuchtung-700x393.jpg 700w\" sizes=\"(max-width: 730px) 100vw, 730px\" \/><p><\/p>\n<figcaption>Mit moderner LED Stra\u00dfenbeleuchtung k\u00f6nnen Kommunen und Gemeinden bis zu 80% Energiekosten sparen und zudem die Wartungskosten erheblich senken.<\/figcaption>\n<\/figure>\n<p><\/p>\n<\/div>\n<p><\/p>\n<div class=\"wp-block-column is-layout-flow wp-block-column-is-layout-flow\">\n<p><\/p>\n<h4 class=\"wp-block-heading\"><strong>LED Leuchtmittel f\u00fcr Stra\u00dfenbeleuchtung<\/strong><\/h4>\n<p><\/p>\n<figure class=\"wp-block-image size-large\"><img loading=\"lazy\" decoding=\"async\" class=\"alignnone wp-image-7953 size-full\" src=\"https:\/\/www.endres-lighting.de\/el\/wp-content\/uploads\/2024\/04\/LED-Leuchtmittel-fuer-Strassenbeleuchtung-1.jpg\" alt=\"\" width=\"730\" height=\"410\" srcset=\"https:\/\/www.endres-lighting.de\/el\/wp-content\/uploads\/2024\/04\/LED-Leuchtmittel-fuer-Strassenbeleuchtung-1.jpg 730w, https:\/\/www.endres-lighting.de\/el\/wp-content\/uploads\/2024\/04\/LED-Leuchtmittel-fuer-Strassenbeleuchtung-1-300x168.jpg 300w, https:\/\/www.endres-lighting.de\/el\/wp-content\/uploads\/2024\/04\/LED-Leuchtmittel-fuer-Strassenbeleuchtung-1-700x393.jpg 700w\" sizes=\"(max-width: 730px) 100vw, 730px\" \/><p><\/p>\n<figcaption>Die Umr\u00fcstung der Stra\u00dfenbeleuchtung mit Pandia Top-Hat Retrofit LED ist mit geringem Montageaufwand m\u00f6glich. Eine Neuplanung er\u00fcbrigt sich, da die Leuchten weiter verwendet werden k\u00f6nnen.<p><\/p>\n<p><\/p>\n<\/figcaption>\n<\/figure>\n<\/div>\n<div class=\"wp-block-column\">\n<h4>PANDIA Laliniaris LED Langfeldleuchte<\/h4>\n<h4><img loading=\"lazy\" decoding=\"async\" class=\"alignnone wp-image-8332 size-full\" style=\"font-family: var( --e-global-typography-text-font-family ), Sans-serif; color: var( --e-global-color-text ); font-weight: var( --e-global-typography-text-font-weight ); font-size: 16px; border-radius: inherit;\" src=\"https:\/\/www.endres-lighting.de\/el\/wp-content\/uploads\/2024\/05\/Laliniaris-1.jpg\" alt=\"\" width=\"730\" height=\"410\" srcset=\"https:\/\/www.endres-lighting.de\/el\/wp-content\/uploads\/2024\/05\/Laliniaris-1.jpg 730w, https:\/\/www.endres-lighting.de\/el\/wp-content\/uploads\/2024\/05\/Laliniaris-1-300x168.jpg 300w, https:\/\/www.endres-lighting.de\/el\/wp-content\/uploads\/2024\/05\/Laliniaris-1-700x393.jpg 700w\" sizes=\"(max-width: 730px) 100vw, 730px\" \/><\/h4>\n<p><span style=\"color: var( --e-global-color-text ); font-family: var( --e-global-typography-text-font-family ), Sans-serif; font-weight: var( --e-global-typography-text-font-weight );\">Eine energieeffiziente und wartungsarme Alternative zu traditionellen (linearen) Leuchtstofflampen. Laliniaris ist die optimale L\u00f6sung, sowohl f\u00fcr herk\u00f6mmliche Beleuchtungssysteme, als auch f\u00fcr neue Anlagen \u2013 alles in einer Leuchte und die Installation ist nahezu werkzeuglos. Das spart Zeit und Geld, auch im Hinblick auf die geringe Wartungskosten.<\/span><br><\/p>\n<p><\/p>\n<\/div>\n<p><\/p>\n<\/div>\n<p><\/p>\t\t\t\t\t\t\t\t<\/div>\n\t\t\t\t<\/div>\n\t\t\t\t\t<\/div>\n\t\t<\/div>\n\t\t\t\t\t<\/div>\n\t\t<\/section>\n\t\t\t\t<\/div>\n\t\t","protected":false},"excerpt":{"rendered":"<p>LED Technik nach Einsatzbereichen LED Technik eignet sich f\u00fcr beinahe jeden Einsatzbereich &#8211; ob Lagerhallen, Industriehallen, Gewerbe und B\u00fcro, Sportpl\u00e4tze und Sportfl\u00e4chen.LED Beleuchtungstechnik ist vielseitig und gewinnt immer mehr an Bedeutung. Welchen Bereich m\u00f6chten Sie mit LED Technik ausstatten? Ein Klick auf das entsprechende Bild f\u00fchrt Sie zu den Angeboten, die zu Ihrer pers\u00f6nlichen Planung [&hellip;]<\/p>\n","protected":false},"author":1,"featured_media":0,"parent":0,"menu_order":0,"comment_status":"closed","ping_status":"closed","template":"","meta":{"_crdt_document":"","_monsterinsights_skip_tracking":false,"_monsterinsights_sitenote_active":false,"_monsterinsights_sitenote_note":"","_monsterinsights_sitenote_category":0,"footnotes":""},"class_list":["post-2648","page","type-page","status-publish","hentry"],"_links":{"self":[{"href":"https:\/\/www.endres-lighting.de\/el\/wp-json\/wp\/v2\/pages\/2648","targetHints":{"allow":["GET"]}}],"collection":[{"href":"https:\/\/www.endres-lighting.de\/el\/wp-json\/wp\/v2\/pages"}],"about":[{"href":"https:\/\/www.endres-lighting.de\/el\/wp-json\/wp\/v2\/types\/page"}],"author":[{"embeddable":true,"href":"https:\/\/www.endres-lighting.de\/el\/wp-json\/wp\/v2\/users\/1"}],"replies":[{"embeddable":true,"href":"https:\/\/www.endres-lighting.de\/el\/wp-json\/wp\/v2\/comments?post=2648"}],"version-history":[{"count":100,"href":"https:\/\/www.endres-lighting.de\/el\/wp-json\/wp\/v2\/pages\/2648\/revisions"}],"predecessor-version":[{"id":8346,"href":"https:\/\/www.endres-lighting.de\/el\/wp-json\/wp\/v2\/pages\/2648\/revisions\/8346"}],"wp:attachment":[{"href":"https:\/\/www.endres-lighting.de\/el\/wp-json\/wp\/v2\/media?parent=2648"}],"curies":[{"name":"wp","href":"https:\/\/api.w.org\/{rel}","templated":true}]}}