{"id":53,"date":"2019-01-22T11:34:22","date_gmt":"2019-01-22T10:34:22","guid":{"rendered":"http:\/\/www.endres-lighting.de\/wordpress\/?page_id=53"},"modified":"2021-05-04T10:14:10","modified_gmt":"2021-05-04T08:14:10","slug":"kontakt","status":"publish","type":"page","link":"https:\/\/www.endres-lighting.de\/el\/kontakt\/","title":{"rendered":"Kontakt &#038; Anfahrt"},"content":{"rendered":"\t\t<div data-elementor-type=\"wp-post\" data-elementor-id=\"53\" class=\"elementor elementor-53\">\n\t\t\t\t\t\t<section class=\"elementor-section elementor-top-section elementor-element elementor-element-53e753a9 elementor-section-boxed elementor-section-height-default elementor-section-height-default\" data-id=\"53e753a9\" data-element_type=\"section\" data-e-type=\"section\">\n\t\t\t\t\t\t<div class=\"elementor-container elementor-column-gap-default\">\n\t\t\t\t\t<div class=\"elementor-column elementor-col-100 elementor-top-column elementor-element elementor-element-1115c29\" data-id=\"1115c29\" data-element_type=\"column\" data-e-type=\"column\" data-settings=\"{&quot;background_background&quot;:&quot;gradient&quot;}\">\n\t\t\t<div class=\"elementor-widget-wrap elementor-element-populated\">\n\t\t\t\t\t\t<div class=\"elementor-element elementor-element-d77ab8a elementor-widget elementor-widget-text-editor\" data-id=\"d77ab8a\" data-element_type=\"widget\" data-e-type=\"widget\" data-widget_type=\"text-editor.default\">\n\t\t\t\t<div class=\"elementor-widget-container\">\n\t\t\t\t\t\t\t\t\t<p>\u00a0<\/p>\n<h6>Schreiben Sie uns eine Nachricht!<\/h6>\n<p>\u00a0<\/p>\n<p><span style=\"color: #000000; line-height: 20px; font-family: 'Trebuchet MS'; font-size: 13px;\">Vielen Dank f\u00fcr Ihr Interesse. \u00dcbermitteln Sie uns Ihre Fragen oder W\u00fcnsche einfach per<a href=\"mailto:info@endres-lighting.de\"> E-Mail.<\/a> Sie erhalten zeitnah eine Antwort.<\/span><\/p>\n<p>\u00a0<span style=\"color: #000000; line-height: 20px; font-family: 'Trebuchet MS'; font-size: 13px;\"><span style=\"color: #000000; line-height: 20px; font-family: 'Trebuchet MS'; font-size: 13px;\"><strong>Datenschutz:<\/strong> <br \/>Ja, ich habe die <a href=\"http:\/\/www.endres-lighting.de\/Datenschutzerklaerung.pdf\" target=\"_blank\" rel=\"noopener\">Datenschutzerkl\u00e4rung<\/a> zur Kenntnis genommen und bin damit einverstanden, dass die von <br \/>mir angegebenen Daten zweckgebunden zur Bearbeitung und Beantwortung meiner Anfrage elektronisch erhoben und <br \/>gespeichert werden. Mit dem Absenden des Kontaktformulars erkl\u00e4re ich mich mit der Verarbeitung einverstanden.<\/span><\/span><\/p>\t\t\t\t\t\t\t\t<\/div>\n\t\t\t\t<\/div>\n\t\t\t\t\t<\/div>\n\t\t<\/div>\n\t\t\t\t\t<\/div>\n\t\t<\/section>\n\t\t\t\t<section class=\"elementor-section elementor-top-section elementor-element elementor-element-49e2b33 elementor-section-boxed elementor-section-height-default elementor-section-height-default\" data-id=\"49e2b33\" data-element_type=\"section\" data-e-type=\"section\">\n\t\t\t\t\t\t<div class=\"elementor-container elementor-column-gap-default\">\n\t\t\t\t\t<div class=\"elementor-column elementor-col-100 elementor-top-column elementor-element elementor-element-f2af9c8\" data-id=\"f2af9c8\" data-element_type=\"column\" data-e-type=\"column\">\n\t\t\t<div class=\"elementor-widget-wrap elementor-element-populated\">\n\t\t\t\t\t\t<div class=\"elementor-element elementor-element-079e036 elementor-widget elementor-widget-heading\" data-id=\"079e036\" data-element_type=\"widget\" data-e-type=\"widget\" data-widget_type=\"heading.default\">\n\t\t\t\t<div class=\"elementor-widget-container\">\n\t\t\t\t\t<h6 class=\"elementor-heading-title elementor-size-default\">Anfahrt - Hier finden Sie uns!<\/h6>\t\t\t\t<\/div>\n\t\t\t\t<\/div>\n\t\t\t\t\t<\/div>\n\t\t<\/div>\n\t\t\t\t\t<\/div>\n\t\t<\/section>\n\t\t\t\t<section class=\"elementor-section elementor-top-section elementor-element elementor-element-b4f1310 elementor-section-boxed elementor-section-height-default elementor-section-height-default\" data-id=\"b4f1310\" data-element_type=\"section\" data-e-type=\"section\">\n\t\t\t\t\t\t<div class=\"elementor-container elementor-column-gap-default\">\n\t\t\t\t\t<div class=\"elementor-column elementor-col-100 elementor-top-column elementor-element elementor-element-8385f20\" data-id=\"8385f20\" data-element_type=\"column\" data-e-type=\"column\">\n\t\t\t<div class=\"elementor-widget-wrap elementor-element-populated\">\n\t\t\t\t\t\t<div class=\"elementor-element elementor-element-50300a8 elementor-widget elementor-widget-google_maps\" data-id=\"50300a8\" data-element_type=\"widget\" data-e-type=\"widget\" data-widget_type=\"google_maps.default\">\n\t\t\t\t<div class=\"elementor-widget-container\">\n\t\t\t\t\t\t\t<div class=\"elementor-custom-embed\">\n\t\t\t<iframe loading=\"lazy\"\n\t\t\t\t\tsrc=\"https:\/\/maps.google.com\/maps?q=Hinter%20Viedel%204-8%2C%2056751%20Polch&#038;t=m&#038;z=10&#038;output=embed&#038;iwloc=near\"\n\t\t\t\t\ttitle=\"Hinter Viedel 4-8, 56751 Polch\"\n\t\t\t\t\taria-label=\"Hinter Viedel 4-8, 56751 Polch\"\n\t\t\t><\/iframe>\n\t\t<\/div>\n\t\t\t\t\t\t<\/div>\n\t\t\t\t<\/div>\n\t\t\t\t\t<\/div>\n\t\t<\/div>\n\t\t\t\t\t<\/div>\n\t\t<\/section>\n\t\t\t\t<\/div>\n\t\t","protected":false},"excerpt":{"rendered":"<p>\u00a0 Schreiben Sie uns eine Nachricht! \u00a0 Vielen Dank f\u00fcr Ihr Interesse. \u00dcbermitteln Sie uns Ihre Fragen oder W\u00fcnsche einfach per E-Mail. Sie erhalten zeitnah eine Antwort. \u00a0Datenschutz: Ja, ich habe die Datenschutzerkl\u00e4rung zur Kenntnis genommen und bin damit einverstanden, dass die von mir angegebenen Daten zweckgebunden zur Bearbeitung und Beantwortung meiner Anfrage elektronisch erhoben [&hellip;]<\/p>\n","protected":false},"author":1,"featured_media":0,"parent":0,"menu_order":0,"comment_status":"closed","ping_status":"closed","template":"elementor_header_footer","meta":{"_crdt_document":"","_monsterinsights_skip_tracking":false,"_monsterinsights_sitenote_active":false,"_monsterinsights_sitenote_note":"","_monsterinsights_sitenote_category":0,"footnotes":""},"class_list":["post-53","page","type-page","status-publish","hentry"],"_links":{"self":[{"href":"https:\/\/www.endres-lighting.de\/el\/wp-json\/wp\/v2\/pages\/53","targetHints":{"allow":["GET"]}}],"collection":[{"href":"https:\/\/www.endres-lighting.de\/el\/wp-json\/wp\/v2\/pages"}],"about":[{"href":"https:\/\/www.endres-lighting.de\/el\/wp-json\/wp\/v2\/types\/page"}],"author":[{"embeddable":true,"href":"https:\/\/www.endres-lighting.de\/el\/wp-json\/wp\/v2\/users\/1"}],"replies":[{"embeddable":true,"href":"https:\/\/www.endres-lighting.de\/el\/wp-json\/wp\/v2\/comments?post=53"}],"version-history":[{"count":136,"href":"https:\/\/www.endres-lighting.de\/el\/wp-json\/wp\/v2\/pages\/53\/revisions"}],"predecessor-version":[{"id":5711,"href":"https:\/\/www.endres-lighting.de\/el\/wp-json\/wp\/v2\/pages\/53\/revisions\/5711"}],"wp:attachment":[{"href":"https:\/\/www.endres-lighting.de\/el\/wp-json\/wp\/v2\/media?parent=53"}],"curies":[{"name":"wp","href":"https:\/\/api.w.org\/{rel}","templated":true}]}}