{"id":837,"date":"2019-07-15T11:37:01","date_gmt":"2019-07-15T09:37:01","guid":{"rendered":"http:\/\/www.endres-lighting.de\/wordpress\/?page_id=837"},"modified":"2026-01-13T13:37:31","modified_gmt":"2026-01-13T12:37:31","slug":"karriere-jobs","status":"publish","type":"page","link":"https:\/\/www.endres-lighting.de\/el\/karriere-jobs\/","title":{"rendered":"Karriere &#8211; Bei ENDRES Lighting"},"content":{"rendered":"\t\t<div data-elementor-type=\"wp-page\" data-elementor-id=\"837\" class=\"elementor elementor-837\">\n\t\t\t\t\t\t<section class=\"elementor-section elementor-top-section elementor-element elementor-element-67db180d elementor-section-boxed elementor-section-height-default elementor-section-height-default\" data-id=\"67db180d\" data-element_type=\"section\" data-e-type=\"section\">\n\t\t\t\t\t\t<div class=\"elementor-container elementor-column-gap-default\">\n\t\t\t\t\t<div class=\"elementor-column elementor-col-100 elementor-top-column elementor-element elementor-element-144c3556\" data-id=\"144c3556\" data-element_type=\"column\" data-e-type=\"column\">\n\t\t\t<div class=\"elementor-widget-wrap elementor-element-populated\">\n\t\t\t\t\t\t<div class=\"elementor-element elementor-element-3be906b0 elementor-widget elementor-widget-text-editor\" data-id=\"3be906b0\" data-element_type=\"widget\" data-e-type=\"widget\" data-widget_type=\"text-editor.default\">\n\t\t\t\t<div class=\"elementor-widget-container\">\n\t\t\t\t\t\t\t\t\t<h2><strong>Unser Team braucht Verst\u00e4rkung!<\/strong><\/h2>\n<p><\/p>\n<p class=\"has-normal-font-size wp-block-paragraph\">ENDRES Lighting GmbH ist ein familiengef\u00fchrter Full-Service Anbieter f\u00fcr innovative LED-Technik und Beleuchtungskonzepte. Unsere Begeisterung f\u00fcr Lichttechnik, sowie langj\u00e4hrige Erfahrung, konstante Entwicklung und intensive Zusammenarbeit mit externen Partnern erm\u00f6glichten uns die Realisation einiger Alleinstellungsmerkmale. Unser Angebot richtet sich haupts\u00e4chlich an Kommunen, Gemeinden und Unternehmen, die durch Umr\u00fcstung auf moderne LED-Technik bis zu 80% Energie- und Folgekosten sparen.<\/p>\n<p><\/p>\n<p class=\"has-normal-font-size wp-block-paragraph\"><b>Bewerben Sie sich jetzt &#8211; Wir freuen uns aus Sie!<\/b><\/p>\n<div class=\"wp-block-image\">\n<figure class=\"aligncenter size-large\"><img fetchpriority=\"high\" decoding=\"async\" class=\"alignnone wp-image-8167\" src=\"https:\/\/www.endres-lighting.de\/el\/wp-content\/uploads\/2024\/04\/Stellenanzeige-Elektroinstallateur-120-x-95-mm-1289x1024.jpg\" alt=\"\" width=\"504\" height=\"400\" srcset=\"https:\/\/www.endres-lighting.de\/el\/wp-content\/uploads\/2024\/04\/Stellenanzeige-Elektroinstallateur-120-x-95-mm-1289x1024.jpg 1289w, https:\/\/www.endres-lighting.de\/el\/wp-content\/uploads\/2024\/04\/Stellenanzeige-Elektroinstallateur-120-x-95-mm-300x238.jpg 300w, https:\/\/www.endres-lighting.de\/el\/wp-content\/uploads\/2024\/04\/Stellenanzeige-Elektroinstallateur-120-x-95-mm-768x610.jpg 768w, https:\/\/www.endres-lighting.de\/el\/wp-content\/uploads\/2024\/04\/Stellenanzeige-Elektroinstallateur-120-x-95-mm-700x556.jpg 700w, https:\/\/www.endres-lighting.de\/el\/wp-content\/uploads\/2024\/04\/Stellenanzeige-Elektroinstallateur-120-x-95-mm.jpg 1435w\" sizes=\"(max-width: 504px) 100vw, 504px\" \/><p><\/p>\n<\/figure>\n<\/div>\n<p><\/p>\n<p><\/p>\n<div class=\"wp-block-media-text alignwide has-very-light-gray-background-color has-background\">\n<figure class=\"wp-block-media-text__media\"><img decoding=\"async\" class=\"alignnone wp-image-7940 size-medium\" src=\"https:\/\/www.endres-lighting.de\/el\/wp-content\/uploads\/2024\/04\/Wir-suchen-bundesweit-300x225.jpg\" alt=\"\" width=\"300\" height=\"225\" data-wp-editing=\"1\" srcset=\"https:\/\/www.endres-lighting.de\/el\/wp-content\/uploads\/2024\/04\/Wir-suchen-bundesweit-300x225.jpg 300w, https:\/\/www.endres-lighting.de\/el\/wp-content\/uploads\/2024\/04\/Wir-suchen-bundesweit-1364x1024.jpg 1364w, https:\/\/www.endres-lighting.de\/el\/wp-content\/uploads\/2024\/04\/Wir-suchen-bundesweit-768x576.jpg 768w, https:\/\/www.endres-lighting.de\/el\/wp-content\/uploads\/2024\/04\/Wir-suchen-bundesweit-1536x1153.jpg 1536w, https:\/\/www.endres-lighting.de\/el\/wp-content\/uploads\/2024\/04\/Wir-suchen-bundesweit-350x263.jpg 350w, https:\/\/www.endres-lighting.de\/el\/wp-content\/uploads\/2024\/04\/Wir-suchen-bundesweit-700x525.jpg 700w, https:\/\/www.endres-lighting.de\/el\/wp-content\/uploads\/2024\/04\/Wir-suchen-bundesweit.jpg 1772w\" sizes=\"(max-width: 300px) 100vw, 300px\" \/><\/figure>\n<div class=\"wp-block-media-text__content\">\n<p><\/p>\n<figure class=\"wp-block-table\">\n<table class=\"table table-hover\">\n<tbody>\n<tr>\n<td>&nbsp;<\/td>\n<td>\n<p><strong>Wir suchen bundesweit:<\/strong><\/p>\n<p>Au\u00dfendienstmitarbeiter m\/w\/d in Festanstellung<\/p>\n<p><strong>Ihre Aufgaben:<\/strong><br>\u2013 Neukundenaquise<br>\u2013 kaufm. und techn. Bearbeitung von Kundenanfragen<br>\u2013 umfassende Kundenbetreuung<br>\u2013 aktive Marktbeobachtung<\/p>\n<p>Ihr Einsatzgebiet wird in einem angemessenen Radius <br>um Ihren Wohnort bestimmt.<\/p>\n<\/td>\n<\/tr>\n<\/tbody>\n<\/table>\n<\/figure>\n<p><\/p>\n<\/div>\n<\/div>\n<p><\/p>\n<p><\/p>\n<p><noscript class=\"ninja-forms-noscript-message\">\n\tHinweis: F\u00fcr diesen Inhalt ist JavaScript erforderlich.<\/noscript>\n<div id=\"nf-form-18-cont\" class=\"nf-form-cont\" aria-live=\"polite\" aria-labelledby=\"nf-form-title-18\" aria-describedby=\"nf-form-errors-18\" role=\"form\">\n\n    <div class=\"nf-loading-spinner\"><\/div>\n\n<\/div>\n        <!-- That data is being printed as a workaround to page builders reordering the order of the scripts loaded-->\n        <script>var formDisplay=1;var nfForms=nfForms||[];var form=[];form.id='18';form.settings={\"objectType\":\"Form Setting\",\"editActive\":true,\"title\":\"Bewerben Sie sich online \",\"created_at\":\"2020-09-22 08:42:58\",\"default_label_pos\":\"above\",\"show_title\":\"1\",\"clear_complete\":\"1\",\"hide_complete\":\"1\",\"logged_in\":\"0\",\"wrapper_class\":\"\",\"element_class\":\"\",\"key\":\"\",\"add_submit\":\"1\",\"currency\":\"\",\"unique_field_error\":\"A form with this value has already been submitted.\",\"not_logged_in_msg\":\"\",\"sub_limit_msg\":\"The form has reached its submission limit.\",\"calculations\":[],\"formContentData\":[\"name_1583496359455\",\"vorname_1579601124872\",\"geburtstag_1583496377125\",\"email_1523908522614\",\"telefon_1583496400412\",\"strasse_1583496426468\",\"postleitzahl_ort_1583496667316\",\"ausbildung_beruf_1583496476290\",\"vorherige_aktuelle_taetigkeit_1583496536816\",\"ihre_nachricht_an_uns_-_schreiben_sie_ein_paar_worte_ueber_sich_1583496576277\",\"checkbox_1584345546775\",\"recaptcha_1579602730814\",\"senden_1579605782972\"],\"drawerDisabled\":false,\"changeEmailErrorMsg\":\"Bitte gib eine g\\u00fcltige E-Mail-Adresse ein.\",\"changeDateErrorMsg\":\"Bitte gib ein g\\u00fcltiges Datum ein!\",\"confirmFieldErrorMsg\":\"Diese Felder m\\u00fcssen \\u00fcbereinstimmen!\",\"fieldNumberNumMinError\":\"Die eingegebene Zahl ist zu klein.\",\"fieldNumberNumMaxError\":\"Die eingegebene Zahl ist zu gross.\",\"fieldNumberIncrementBy\":\"Bitte erh\\u00f6hen in Schritten von\",\"formErrorsCorrectErrors\":\"Bitte korrigiere die Fehler, bevor du das Formular sendest.\",\"validateRequiredField\":\"Dies ist ein Pflichtfeld.\",\"honeypotHoneypotError\":\"Honeypot-Fehler\",\"fieldsMarkedRequired\":\"Felder mit einem <span class=\\\"ninja-forms-req-symbol\\\">*<\\\/span> sind Pflichtfelder\",\"allow_public_link\":0,\"embed_form\":\"\",\"ninjaForms\":\"Ninja Forms\",\"fieldTextareaRTEInsertLink\":\"Link einf\\u00fcgen\",\"fieldTextareaRTEInsertMedia\":\"Medien einf\\u00fcgen\",\"fieldTextareaRTESelectAFile\":\"Eine Datei ausw\\u00e4hlen\",\"formHoneypot\":\"Falls du ein Mensch bist und dieses Feld siehst, dann lasse es bitte leer.\",\"fileUploadOldCodeFileUploadInProgress\":\"Datei-Upload l\\u00e4uft.\",\"fileUploadOldCodeFileUpload\":\"DATEI-UPLOAD\",\"currencySymbol\":\"&euro;\",\"thousands_sep\":\".\",\"decimal_point\":\",\",\"siteLocale\":\"de_DE\",\"dateFormat\":\"d\\\/m\\\/Y\",\"startOfWeek\":\"1\",\"of\":\"von\",\"previousMonth\":\"Vorheriger Monat\",\"nextMonth\":\"N\\u00e4chster Monat\",\"months\":[\"Januar\",\"Februar\",\"M\\u00e4rz\",\"April\",\"Mai\",\"Juni\",\"Juli\",\"August\",\"September\",\"Oktober\",\"November\",\"Dezember\"],\"monthsShort\":[\"Jan.\",\"Feb.\",\"M\\u00e4rz\",\"Apr.\",\"Mai\",\"Juni\",\"Juli\",\"Aug\",\"Sep.\",\"Okt.\",\"Nov.\",\"Dez.\"],\"weekdays\":[\"Sonntag\",\"Montag\",\"Dienstag\",\"Mittwoch\",\"Donnerstag\",\"Freitag\",\"Samstag\"],\"weekdaysShort\":[\"So.\",\"Mo.\",\"Di.\",\"Mi.\",\"Do.\",\"Fr.\",\"Sa.\"],\"weekdaysMin\":[\"So.\",\"Mo.\",\"Di.\",\"Mi.\",\"Do.\",\"Fr.\",\"Sa.\"],\"recaptchaConsentMissing\":\"reCaptcha validation couldn&#039;t load.\",\"recaptchaMissingCookie\":\"reCaptcha v3 validation couldn&#039;t load the cookie needed to submit the form.\",\"recaptchaConsentEvent\":\"Accept reCaptcha cookies before sending the form.\",\"currency_symbol\":\"\",\"beforeForm\":\"\",\"beforeFields\":\"\",\"afterFields\":\"\",\"afterForm\":\"\"};form.fields=[{\"objectType\":\"Field\",\"objectDomain\":\"fields\",\"editActive\":false,\"order\":1,\"label\":\"Name\",\"type\":\"textbox\",\"key\":\"name_1583496359455\",\"label_pos\":\"above\",\"required\":1,\"default\":\"\",\"placeholder\":\"\",\"container_class\":\"\",\"element_class\":\"\",\"input_limit\":\"\",\"input_limit_type\":\"characters\",\"input_limit_msg\":\"verbleibende(s) Zeichen\",\"manual_key\":\"\",\"admin_label\":\"\",\"help_text\":\"\",\"mask\":\"\",\"custom_mask\":\"\",\"custom_name_attribute\":\"\",\"personally_identifiable\":\"\",\"value\":\"\",\"drawerDisabled\":\"\",\"field_label\":\"Name\",\"field_key\":\"name_1583496359455\",\"id\":334,\"beforeField\":\"\",\"afterField\":\"\",\"parentType\":\"textbox\",\"element_templates\":[\"textbox\",\"input\"],\"old_classname\":\"\",\"wrap_template\":\"wrap\"},{\"objectType\":\"Field\",\"objectDomain\":\"fields\",\"editActive\":false,\"order\":2,\"label\":\"Vorname\",\"type\":\"firstname\",\"key\":\"vorname_1579601124872\",\"label_pos\":\"above\",\"required\":1,\"default\":\"\",\"placeholder\":\"\",\"container_class\":\"one-half first\",\"element_class\":\"\",\"admin_label\":\"\",\"help_text\":\"\",\"custom_name_attribute\":\"fname\",\"field_label\":\"Vorname\",\"field_key\":\"vorname_1579601124872\",\"personally_identifiable\":1,\"value\":\"\",\"drawerDisabled\":\"\",\"id\":329,\"beforeField\":\"\",\"afterField\":\"\",\"parentType\":\"firstname\",\"element_templates\":[\"firstname\",\"input\"],\"old_classname\":\"\",\"wrap_template\":\"wrap\"},{\"objectType\":\"Field\",\"objectDomain\":\"fields\",\"editActive\":false,\"order\":3,\"label\":\"Geburtstag\",\"type\":\"lastname\",\"key\":\"geburtstag_1583496377125\",\"label_pos\":\"above\",\"required\":1,\"default\":\"\",\"placeholder\":\"\",\"container_class\":\"one-half second\",\"element_class\":\"\",\"admin_label\":\"\",\"help_text\":\"\",\"custom_name_attribute\":\"lname\",\"drawerDisabled\":\"\",\"field_label\":\"Geburtstag\",\"field_key\":\"geburtstag_1583496377125\",\"personally_identifiable\":1,\"value\":\"\",\"id\":330,\"beforeField\":\"\",\"afterField\":\"\",\"parentType\":\"lastname\",\"element_templates\":[\"lastname\",\"input\"],\"old_classname\":\"\",\"wrap_template\":\"wrap\"},{\"objectType\":\"Field\",\"objectDomain\":\"fields\",\"editActive\":false,\"order\":4,\"label\":\"Email\",\"type\":\"email\",\"key\":\"email_1523908522614\",\"label_pos\":\"above\",\"required\":1,\"default\":\"\",\"placeholder\":\"\",\"container_class\":\"\",\"element_class\":\"\",\"admin_label\":\"\",\"help_text\":\"\",\"custom_name_attribute\":\"email\",\"field_label\":\"Email\",\"field_key\":\"email_1523908522614\",\"personally_identifiable\":1,\"value\":\"\",\"drawerDisabled\":\"\",\"desc_text\":\"\",\"id\":331,\"beforeField\":\"\",\"afterField\":\"\",\"parentType\":\"email\",\"element_templates\":[\"email\",\"input\"],\"old_classname\":\"\",\"wrap_template\":\"wrap\"},{\"objectType\":\"Field\",\"objectDomain\":\"fields\",\"editActive\":false,\"order\":5,\"label\":\"Telefon\",\"type\":\"textbox\",\"key\":\"telefon_1583496400412\",\"label_pos\":\"above\",\"required\":0,\"default\":\"\",\"placeholder\":\"\",\"container_class\":\"\",\"element_class\":\"\",\"input_limit\":\"\",\"input_limit_type\":\"characters\",\"input_limit_msg\":\"verbleibende(s) Zeichen\",\"manual_key\":\"\",\"admin_label\":\"\",\"help_text\":\"\",\"mask\":\"\",\"custom_mask\":\"\",\"custom_name_attribute\":\"\",\"personally_identifiable\":\"\",\"value\":\"\",\"field_label\":\"Telefon\",\"field_key\":\"telefon_1583496400412\",\"id\":335,\"beforeField\":\"\",\"afterField\":\"\",\"parentType\":\"textbox\",\"element_templates\":[\"textbox\",\"input\"],\"old_classname\":\"\",\"wrap_template\":\"wrap\"},{\"objectType\":\"Field\",\"objectDomain\":\"fields\",\"editActive\":false,\"order\":6,\"label\":\"Stra\\u00dfe\",\"type\":\"textbox\",\"key\":\"strasse_1583496426468\",\"label_pos\":\"above\",\"required\":1,\"default\":\"\",\"placeholder\":\"\",\"container_class\":\"\",\"element_class\":\"\",\"input_limit\":\"\",\"input_limit_type\":\"characters\",\"input_limit_msg\":\"verbleibende(s) Zeichen\",\"manual_key\":\"\",\"admin_label\":\"\",\"help_text\":\"\",\"mask\":\"\",\"custom_mask\":\"\",\"custom_name_attribute\":\"\",\"personally_identifiable\":\"\",\"value\":\"\",\"field_label\":\"Stra\\u00dfe\",\"field_key\":\"strasse_1583496426468\",\"id\":337,\"beforeField\":\"\",\"afterField\":\"\",\"parentType\":\"textbox\",\"element_templates\":[\"textbox\",\"input\"],\"old_classname\":\"\",\"wrap_template\":\"wrap\"},{\"objectType\":\"Field\",\"objectDomain\":\"fields\",\"editActive\":false,\"order\":7,\"label\":\"Postleitzahl \\\/ Ort\",\"type\":\"textbox\",\"key\":\"postleitzahl_ort_1583496667316\",\"label_pos\":\"above\",\"required\":1,\"default\":\"\",\"placeholder\":\"\",\"container_class\":\"\",\"element_class\":\"\",\"input_limit\":\"\",\"input_limit_type\":\"characters\",\"input_limit_msg\":\"verbleibende(s) Zeichen\",\"manual_key\":\"\",\"admin_label\":\"\",\"help_text\":\"\",\"mask\":\"\",\"custom_mask\":\"\",\"custom_name_attribute\":\"\",\"personally_identifiable\":\"\",\"value\":\"\",\"field_label\":\"Postleitzahl \\\/ Ort\",\"field_key\":\"postleitzahl_ort_1583496667316\",\"id\":338,\"beforeField\":\"\",\"afterField\":\"\",\"parentType\":\"textbox\",\"element_templates\":[\"textbox\",\"input\"],\"old_classname\":\"\",\"wrap_template\":\"wrap\"},{\"objectType\":\"Field\",\"objectDomain\":\"fields\",\"editActive\":false,\"order\":8,\"label\":\"Ausbildung\\\/Beruf\",\"type\":\"textbox\",\"key\":\"ausbildung_beruf_1583496476290\",\"label_pos\":\"above\",\"required\":1,\"default\":\"\",\"placeholder\":\"\",\"container_class\":\"\",\"element_class\":\"\",\"input_limit\":\"\",\"input_limit_type\":\"characters\",\"input_limit_msg\":\"verbleibende(s) Zeichen\",\"manual_key\":\"\",\"admin_label\":\"\",\"help_text\":\"\",\"mask\":\"\",\"custom_mask\":\"\",\"custom_name_attribute\":\"\",\"personally_identifiable\":\"\",\"value\":\"\",\"field_label\":\"Ausbildung\\\/Beruf\",\"field_key\":\"ausbildung_beruf_1583496476290\",\"id\":339,\"beforeField\":\"\",\"afterField\":\"\",\"parentType\":\"textbox\",\"element_templates\":[\"textbox\",\"input\"],\"old_classname\":\"\",\"wrap_template\":\"wrap\"},{\"objectType\":\"Field\",\"objectDomain\":\"fields\",\"editActive\":false,\"order\":9,\"label\":\"Vorherige \\\/ aktuelle T\\u00e4tigkeit\",\"type\":\"textbox\",\"key\":\"vorherige_aktuelle_taetigkeit_1583496536816\",\"label_pos\":\"above\",\"required\":1,\"default\":\"\",\"placeholder\":\"\",\"container_class\":\"\",\"element_class\":\"\",\"input_limit\":\"\",\"input_limit_type\":\"characters\",\"input_limit_msg\":\"verbleibende(s) Zeichen\",\"manual_key\":\"\",\"admin_label\":\"\",\"help_text\":\"\",\"mask\":\"\",\"custom_mask\":\"\",\"custom_name_attribute\":\"\",\"personally_identifiable\":\"\",\"value\":\"\",\"field_label\":\"Vorherige \\\/ aktuelle T\\u00e4tigkeit\",\"field_key\":\"vorherige_aktuelle_taetigkeit_1583496536816\",\"id\":340,\"beforeField\":\"\",\"afterField\":\"\",\"parentType\":\"textbox\",\"element_templates\":[\"textbox\",\"input\"],\"old_classname\":\"\",\"wrap_template\":\"wrap\"},{\"objectType\":\"Field\",\"objectDomain\":\"fields\",\"editActive\":false,\"order\":10,\"label\":\"Ihre Nachricht an uns - schreiben Sie ein paar Worte \\u00fcber sich\",\"type\":\"textarea\",\"key\":\"ihre_nachricht_an_uns_-_schreiben_sie_ein_paar_worte_ueber_sich_1583496576277\",\"label_pos\":\"above\",\"required\":1,\"default\":\"\",\"placeholder\":\"\",\"container_class\":\"\",\"element_class\":\"\",\"input_limit\":\"\",\"input_limit_type\":\"characters\",\"input_limit_msg\":\"Character(s) left\",\"manual_key\":\"\",\"admin_label\":\"\",\"help_text\":\"\",\"textarea_rte\":\"\",\"disable_rte_mobile\":\"\",\"textarea_media\":\"\",\"field_label\":\"Ihre Nachricht an uns - schreiben Sie ein paar Worte \\u00fcber sich\",\"field_key\":\"ihre_nachricht_an_uns_-_schreiben_sie_ein_paar_worte_ueber_sich_1583496576277\",\"value\":\"\",\"drawerDisabled\":\"\",\"id\":332,\"beforeField\":\"\",\"afterField\":\"\",\"parentType\":\"textarea\",\"element_templates\":[\"textarea\",\"input\"],\"old_classname\":\"\",\"wrap_template\":\"wrap\"},{\"objectType\":\"Field\",\"objectDomain\":\"fields\",\"editActive\":false,\"order\":11,\"label\":\"\",\"type\":\"checkbox\",\"key\":\"checkbox_1584345546775\",\"label_pos\":\"right\",\"required\":1,\"container_class\":\"\",\"element_class\":\"\",\"manual_key\":\"\",\"admin_label\":\"\",\"help_text\":\"\",\"desc_text\":\"<p>Ich habe die <a href=\\\"https:\\\/\\\/www.endres-lighting.de\\\/el\\\/datenschutzerklaerung\\\/\\\" target=\\\"_blank\\\">Datenschutzerkl\\u00e4rung<\\\/a> gelesen<br><\\\/p>\",\"default_value\":\"unchecked\",\"checked_value\":\"Ausgew\\u00e4hlt\",\"unchecked_value\":\"Nicht ausgew\\u00e4hlt\",\"checked_calc_value\":\"\",\"unchecked_calc_value\":\"\",\"drawerDisabled\":\"\",\"field_label\":\"\",\"field_key\":\"checkbox_1584345546775\",\"id\":341,\"beforeField\":\"\",\"afterField\":\"\",\"value\":\"\",\"parentType\":\"checkbox\",\"element_templates\":[\"checkbox\",\"input\"],\"old_classname\":\"\",\"wrap_template\":\"wrap\"},{\"objectType\":\"Field\",\"objectDomain\":\"fields\",\"editActive\":false,\"order\":12,\"label\":\"Recaptcha\",\"type\":\"recaptcha\",\"container_class\":\"\",\"element_class\":\"\",\"size\":\"visible\",\"key\":\"recaptcha_1579602730814\",\"drawerDisabled\":\"\",\"field_label\":\"Recaptcha\",\"field_key\":\"recaptcha_1579602730814\",\"id\":336,\"beforeField\":\"\",\"afterField\":\"\",\"value\":\"\",\"label_pos\":\"above\",\"parentType\":\"textbox\",\"element_templates\":[\"recaptcha\",\"input\"],\"old_classname\":\"\",\"wrap_template\":\"wrap\",\"site_key\":\"6LeP6K0UAAAAADQaj-T3q2HaTaDza41LK8SOQqn5\",\"theme\":\"light\",\"lang\":\"de-DE\"},{\"objectType\":\"Field\",\"objectDomain\":\"fields\",\"editActive\":false,\"order\":13,\"type\":\"submit\",\"label\":\"Senden\",\"processing_label\":\"Nachricht wird \\u00fcbermittelt\",\"container_class\":\"\",\"element_class\":\"\",\"key\":\"senden_1579605782972\",\"field_label\":\"Senden\",\"field_key\":\"senden_1579605782972\",\"drawerDisabled\":\"\",\"id\":333,\"beforeField\":\"\",\"afterField\":\"\",\"value\":\"\",\"label_pos\":\"above\",\"parentType\":\"textbox\",\"element_templates\":[\"submit\",\"button\",\"input\"],\"old_classname\":\"\",\"wrap_template\":\"wrap-no-label\"}];nfForms.push(form);<\/script>\n        <\/p>\t\t\t\t\t\t\t\t<\/div>\n\t\t\t\t<\/div>\n\t\t\t\t\t<\/div>\n\t\t<\/div>\n\t\t\t\t\t<\/div>\n\t\t<\/section>\n\t\t\t\t<\/div>\n\t\t","protected":false},"excerpt":{"rendered":"<p>Unser Team braucht Verst\u00e4rkung! ENDRES Lighting GmbH ist ein familiengef\u00fchrter Full-Service Anbieter f\u00fcr innovative LED-Technik und Beleuchtungskonzepte. Unsere Begeisterung f\u00fcr Lichttechnik, sowie langj\u00e4hrige Erfahrung, konstante Entwicklung und intensive Zusammenarbeit mit externen Partnern erm\u00f6glichten uns die Realisation einiger Alleinstellungsmerkmale. Unser Angebot richtet sich haupts\u00e4chlich an Kommunen, Gemeinden und Unternehmen, die durch Umr\u00fcstung auf moderne LED-Technik bis [&hellip;]<\/p>\n","protected":false},"author":1,"featured_media":839,"parent":0,"menu_order":0,"comment_status":"closed","ping_status":"closed","template":"page-fullwidth.php","meta":{"_crdt_document":"","_monsterinsights_skip_tracking":false,"_monsterinsights_sitenote_active":false,"_monsterinsights_sitenote_note":"","_monsterinsights_sitenote_category":0,"footnotes":""},"class_list":["post-837","page","type-page","status-publish","has-post-thumbnail","hentry"],"_links":{"self":[{"href":"https:\/\/www.endres-lighting.de\/el\/wp-json\/wp\/v2\/pages\/837","targetHints":{"allow":["GET"]}}],"collection":[{"href":"https:\/\/www.endres-lighting.de\/el\/wp-json\/wp\/v2\/pages"}],"about":[{"href":"https:\/\/www.endres-lighting.de\/el\/wp-json\/wp\/v2\/types\/page"}],"author":[{"embeddable":true,"href":"https:\/\/www.endres-lighting.de\/el\/wp-json\/wp\/v2\/users\/1"}],"replies":[{"embeddable":true,"href":"https:\/\/www.endres-lighting.de\/el\/wp-json\/wp\/v2\/comments?post=837"}],"version-history":[{"count":146,"href":"https:\/\/www.endres-lighting.de\/el\/wp-json\/wp\/v2\/pages\/837\/revisions"}],"predecessor-version":[{"id":9402,"href":"https:\/\/www.endres-lighting.de\/el\/wp-json\/wp\/v2\/pages\/837\/revisions\/9402"}],"wp:featuredmedia":[{"embeddable":true,"href":"https:\/\/www.endres-lighting.de\/el\/wp-json\/wp\/v2\/media\/839"}],"wp:attachment":[{"href":"https:\/\/www.endres-lighting.de\/el\/wp-json\/wp\/v2\/media?parent=837"}],"curies":[{"name":"wp","href":"https:\/\/api.w.org\/{rel}","templated":true}]}}