{"id":3336,"date":"2020-03-11T13:12:35","date_gmt":"2020-03-11T12:12:35","guid":{"rendered":"https:\/\/www.endres-lighting.de\/wordpress\/?post_type=product&#038;p=3336"},"modified":"2025-07-03T09:41:53","modified_gmt":"2025-07-03T07:41:53","slug":"hyperion-led-strassenleuchte-effizienz-in-zwei-groessen","status":"publish","type":"product","link":"https:\/\/www.endres-lighting.de\/el\/produkt\/hyperion-led-strassenleuchte-effizienz-in-zwei-groessen\/","title":{"rendered":"Hyperion"},"content":{"rendered":"<p>Die ENDRES Lighting LED Stra\u00dfenleuchte \u201eHyperion\u201c ist neben der regul\u00e4ren Ausf\u00fchrung auch in der Variante mini erh\u00e4ltlich.<br \/>\nMit zeitgem\u00e4\u00df schn\u00f6rkellosem und funktionalem Design f\u00fcgt sie sich in nahezu jede Umgebung ein. Geh\u00e4use, Verschluss, Rahmen und Masteinschublager<br \/>\nbestehen aus robustem Aluminium, pulverbeschichtet. Formgebung und Verarbeitung geben der Leuchte nicht nur ein hochwertiges Look &amp; Feel,<br \/>\nsondern machen sie auch widerstandsf\u00e4hig gegen \u00e4u\u00dfere Einfl\u00fcsse. Hyperion eignet sich f\u00fcr Anlieger-, Fu\u00df-, Rad- und Zufahrtswege, Br\u00fccken,<br \/>\nIndustrieanlagen, Parkpl\u00e4tze, Verkehrsberuhigte Zonen und kleine Pl\u00e4tze.<\/p>\n<a  href=\"#'\" data-placement=\"left\" title=\"Diese Eigenschaften gelten f\u00fcr beide Ausf\u00fchrungen von Hyperion\"  class=\"osc_tooltip \" target=\"\">Eigenschaften:<\/a>\n\n    <script>\n        jQuery(document).ready(function() {\n            jQuery('.osc_tooltip').tooltip();\n        });\n    <\/script>\n    \n<ul>\n<li>Lichtstrom Lumen programmierbar<\/li>\n<li>verf\u00fcgbar mit unterschiedlicher Leistung<\/li>\n<li>Eingangsspannung: 120-277 Volt<\/li>\n<li>Ausgangsstrombereich: einstellbar<\/li>\n<li>hoher \u00dcberspannungsschutz: bis zu 6 kV (in Schutzklasse I oder II)<\/li>\n<li>geringe Lichtausbeutentoleranz durch geringe Ausgangsstromtoleranz von \u00b1 3 Prozent<\/li>\n<li>autonomes Dimmen mit f\u00fcnf unabh\u00e4ngigen Leveln (Astro-, Zeit-Modus) (L1, N, PE)<\/li>\n<li>Dimmen \u00fcber eine externe Steuerungsphase (L2, L1, N, PE)<\/li>\n<li>\u00dcbertemperaturschutz \u00fcber externen NTC<\/li>\n<li>Umgebungstemperatur (ta): -40 &#8211; +60 Grad<\/li>\n<li>Konstantlichtstrom-Nachf\u00fchrung CLO<\/li>\n<li>Betriebslebensdauer: L90\/B10 &gt; 50.000 Stunden bei 60 Grad an tp-Punkt.<\/li>\n<li>Optiken f\u00fcr Stra\u00dfenbeleuchtung: M-Class, P-Class, Area<\/li>\n<li>alle Bauteile VDE bzw. ENEC gepr\u00fcft, CE, RoHs, 5 Jahre Garantie<\/li>\n<\/ul>\n<p><strong>Ausstattung:<\/strong><br \/>\nDas Geh\u00e4use, der Verschluss, Rahmen und Masteinschublager bestehen aus robustem Aluminium, pulverbeschichtet.<br \/>\nDie Klarglasscheibe besteht aus geh\u00e4rtetem Glas. Eine gemeinsame Abdeckung f\u00fcr Elektro- und Lampenraum.<br \/>\nDas geschlossene Dichtsystem gew\u00e4hrleistet dauerhaften IP-Schutz, verhindert das Eindringen von Insekten und verl\u00e4ngert die Wartungsintervalle.<br \/>\n<strong>In unseren Umr\u00fcsts\u00e4tzen und Stra\u00dfenleuchten verwenden wir ausschlie\u00dflich LED und Treiber der Marke Signify.<\/strong><\/p>\n<p><strong>Service:<\/strong><br \/>\nEine servicefreundliche Wartung wird durch das werkzeuglos zu \u00f6ffnende Geh\u00e4use gew\u00e4hrleistet. Auch die im Geh\u00e4use untergebrachten Betriebsger\u00e4te,<br \/>\nsind leicht zu erreichen.<\/p>\n<hr class=\" rule-shadow osc-rule\" \/>\n<p><img fetchpriority=\"high\" decoding=\"async\" class=\"wp-image-3364 alignleft\" src=\"https:\/\/www.endres-lighting.de\/el\/wp-content\/uploads\/2020\/03\/endres-hyperion-beide-titel-1920-1080.jpg\" alt=\"\" width=\"676\" height=\"380\" srcset=\"https:\/\/www.endres-lighting.de\/el\/wp-content\/uploads\/2020\/03\/endres-hyperion-beide-titel-1920-1080.jpg 1920w, https:\/\/www.endres-lighting.de\/el\/wp-content\/uploads\/2020\/03\/endres-hyperion-beide-titel-1920-1080-700x394.jpg 700w, https:\/\/www.endres-lighting.de\/el\/wp-content\/uploads\/2020\/03\/endres-hyperion-beide-titel-1920-1080-300x169.jpg 300w, https:\/\/www.endres-lighting.de\/el\/wp-content\/uploads\/2020\/03\/endres-hyperion-beide-titel-1920-1080-1820x1024.jpg 1820w, https:\/\/www.endres-lighting.de\/el\/wp-content\/uploads\/2020\/03\/endres-hyperion-beide-titel-1920-1080-768x432.jpg 768w, https:\/\/www.endres-lighting.de\/el\/wp-content\/uploads\/2020\/03\/endres-hyperion-beide-titel-1920-1080-1536x864.jpg 1536w, https:\/\/www.endres-lighting.de\/el\/wp-content\/uploads\/2020\/03\/endres-hyperion-beide-titel-1920-1080-730x410.jpg 730w\" sizes=\"(max-width: 676px) 100vw, 676px\" \/><\/p>\n","protected":false},"excerpt":{"rendered":"<h5><span style=\"color: #808080;\">Stra\u00dfenleuchte Hyperion in zwei Gr\u00f6\u00dfen, f\u00fcr Anlieger-, Sammel- und Durchgangsstra\u00dfen, Pl\u00e4tze und Fu\u00dfg\u00e4ngerbereiche, Fu\u00df-, Rad- und Zufahrtswege, Br\u00fccken, Industrieanlagen, Parkpl\u00e4tze und verkehrsberuhigte Zonen.<\/span><\/h5>\n<hr \/>\n<p>&nbsp;<\/p>\n","protected":false},"featured_media":3365,"template":"","meta":{"_crdt_document":"","_monsterinsights_skip_tracking":false,"_monsterinsights_sitenote_active":false,"_monsterinsights_sitenote_note":"","_monsterinsights_sitenote_category":0},"product_brand":[],"product_cat":[96],"product_tag":[223,191,222,178,190],"class_list":{"0":"post-3336","1":"product","2":"type-product","3":"status-publish","4":"has-post-thumbnail","6":"product_cat-led-strassenbeleuchtung","7":"product_tag-hyperion","8":"product_tag-led-strassenbeleuchtung","9":"product_tag-led-strassenleuchte","10":"product_tag-strassenbeleuchtung","11":"product_tag-strassenleuchte","13":"first","14":"outofstock","15":"shipping-taxable","16":"product-type-variable","17":"has-default-attributes"},"_links":{"self":[{"href":"https:\/\/www.endres-lighting.de\/el\/wp-json\/wp\/v2\/product\/3336","targetHints":{"allow":["GET"]}}],"collection":[{"href":"https:\/\/www.endres-lighting.de\/el\/wp-json\/wp\/v2\/product"}],"about":[{"href":"https:\/\/www.endres-lighting.de\/el\/wp-json\/wp\/v2\/types\/product"}],"wp:featuredmedia":[{"embeddable":true,"href":"https:\/\/www.endres-lighting.de\/el\/wp-json\/wp\/v2\/media\/3365"}],"wp:attachment":[{"href":"https:\/\/www.endres-lighting.de\/el\/wp-json\/wp\/v2\/media?parent=3336"}],"wp:term":[{"taxonomy":"product_brand","embeddable":true,"href":"https:\/\/www.endres-lighting.de\/el\/wp-json\/wp\/v2\/product_brand?post=3336"},{"taxonomy":"product_cat","embeddable":true,"href":"https:\/\/www.endres-lighting.de\/el\/wp-json\/wp\/v2\/product_cat?post=3336"},{"taxonomy":"product_tag","embeddable":true,"href":"https:\/\/www.endres-lighting.de\/el\/wp-json\/wp\/v2\/product_tag?post=3336"}],"curies":[{"name":"wp","href":"https:\/\/api.w.org\/{rel}","templated":true}]}}