{"id":3366,"date":"2020-03-12T09:03:45","date_gmt":"2020-03-12T08:03:45","guid":{"rendered":"https:\/\/www.endres-lighting.de\/wordpress\/?post_type=product&#038;p=3366"},"modified":"2025-07-03T09:43:11","modified_gmt":"2025-07-03T07:43:11","slug":"caso-led-strassenleuchte","status":"publish","type":"product","link":"https:\/\/www.endres-lighting.de\/el\/produkt\/caso-led-strassenleuchte\/","title":{"rendered":"Caso"},"content":{"rendered":"<p>Formgebung und Funktionalit\u00e4t bilden bei diesem Leuchtenmodell ein hochwertiges Gesamtkonzept. Geh\u00e4use, Verschluss, Rahmen und Masteinschublager<br \/>\nbestehen aus robustem Aluminium, pulverbeschichtet, die Klarglasscheibe besteht aus geh\u00e4rtetem Glas. Caso wurde f\u00fcr normgerechte Ausleuchtung<br \/>\nvon Stra\u00dfen, Wegen und Pl\u00e4tzen gem\u00e4\u00df EN 13201 entwickelt, sie eignet sich f\u00fcr Anlieger-, Durchfahrts-, Sammelstra\u00dfen, Fu\u00df-, Rad- und Zufahrtswege,<br \/>\nIndustrieanlagen, Parkpl\u00e4tze, verkehrsberuhigte Zonen, kleine Pl\u00e4tze, Br\u00fccken.<\/p>\n<p>Geh\u00e4use, Verschluss, Rahmen und Masteinschublager bestehen aus robustem Aluminium, pulverbeschichtet. Die Klarglasscheibe besteht aus<br \/>\nschlagz\u00e4hem Glas. Eine servicefreundliche Wartung wird durch das werkzeuglos zu \u00f6ffnende Geh\u00e4use gew\u00e4hrleistet. Auch die im Geh\u00e4use<br \/>\nuntergebrachten Betriebsger\u00e4te, sind leicht zu erreichen.<\/p>\n<p><strong>In unseren Umr\u00fcsts\u00e4tzen und Stra\u00dfenleuchten verwenden wir ausschlie\u00dflich LED und Treiber der Marke Signify.<\/strong><\/p>\n<p><strong>Befestigung:<\/strong><br \/>\nMastbefestigungssystem aus Aluminium-Druckguss, universell f\u00fcr Mastaufsatz, Mastzopf \u00d8 76 mm, (Neigung der Leuchte 15\u00b0),<br \/>\nkeine zus\u00e4tzlichen Adapterst\u00fccke erforderlich.<\/p>\n\n\t\t<style type=\"text\/css\">\n\t\t\t#gallery-1 {\n\t\t\t\tmargin: auto;\n\t\t\t}\n\t\t\t#gallery-1 .gallery-item {\n\t\t\t\tfloat: left;\n\t\t\t\tmargin-top: 10px;\n\t\t\t\ttext-align: center;\n\t\t\t\twidth: 25%;\n\t\t\t}\n\t\t\t#gallery-1 img {\n\t\t\t\tborder: 2px solid #cfcfcf;\n\t\t\t}\n\t\t\t#gallery-1 .gallery-caption {\n\t\t\t\tmargin-left: 0;\n\t\t\t}\n\t\t\t\/* see gallery_shortcode() in wp-includes\/media.php *\/\n\t\t<\/style>\n\t\t<div id='gallery-1' class='gallery galleryid-3366 gallery-columns-4 gallery-size-medium'><dl class='gallery-item'>\n\t\t\t<dt class='gallery-icon landscape'>\n\t\t\t\t<a href='https:\/\/www.endres-lighting.de\/el\/wp-content\/uploads\/2020\/03\/Caso_led_40_still.jpg'><img fetchpriority=\"high\" decoding=\"async\" width=\"300\" height=\"169\" src=\"https:\/\/www.endres-lighting.de\/el\/wp-content\/uploads\/2020\/03\/Caso_led_40_still-300x169.jpg\" class=\"attachment-medium size-medium\" alt=\"\" aria-describedby=\"gallery-1-3384\" srcset=\"https:\/\/www.endres-lighting.de\/el\/wp-content\/uploads\/2020\/03\/Caso_led_40_still-300x169.jpg 300w, https:\/\/www.endres-lighting.de\/el\/wp-content\/uploads\/2020\/03\/Caso_led_40_still-700x394.jpg 700w, https:\/\/www.endres-lighting.de\/el\/wp-content\/uploads\/2020\/03\/Caso_led_40_still-1820x1024.jpg 1820w, https:\/\/www.endres-lighting.de\/el\/wp-content\/uploads\/2020\/03\/Caso_led_40_still-768x432.jpg 768w, https:\/\/www.endres-lighting.de\/el\/wp-content\/uploads\/2020\/03\/Caso_led_40_still-1536x864.jpg 1536w, https:\/\/www.endres-lighting.de\/el\/wp-content\/uploads\/2020\/03\/Caso_led_40_still-730x410.jpg 730w, https:\/\/www.endres-lighting.de\/el\/wp-content\/uploads\/2020\/03\/Caso_led_40_still.jpg 1920w\" sizes=\"(max-width: 300px) 100vw, 300px\" \/><\/a>\n\t\t\t<\/dt>\n\t\t\t\t<dd class='wp-caption-text gallery-caption' id='gallery-1-3384'>\n\t\t\t\tCaso LED 40\n\t\t\t\t<\/dd><\/dl><dl class='gallery-item'>\n\t\t\t<dt class='gallery-icon landscape'>\n\t\t\t\t<a href='https:\/\/www.endres-lighting.de\/el\/wp-content\/uploads\/2020\/03\/caso-plato-wird-montiert.jpg'><img decoding=\"async\" width=\"300\" height=\"169\" src=\"https:\/\/www.endres-lighting.de\/el\/wp-content\/uploads\/2020\/03\/caso-plato-wird-montiert-300x169.jpg\" class=\"attachment-medium size-medium\" alt=\"\" aria-describedby=\"gallery-1-3386\" srcset=\"https:\/\/www.endres-lighting.de\/el\/wp-content\/uploads\/2020\/03\/caso-plato-wird-montiert-300x169.jpg 300w, https:\/\/www.endres-lighting.de\/el\/wp-content\/uploads\/2020\/03\/caso-plato-wird-montiert-700x394.jpg 700w, https:\/\/www.endres-lighting.de\/el\/wp-content\/uploads\/2020\/03\/caso-plato-wird-montiert-1820x1024.jpg 1820w, https:\/\/www.endres-lighting.de\/el\/wp-content\/uploads\/2020\/03\/caso-plato-wird-montiert-768x432.jpg 768w, https:\/\/www.endres-lighting.de\/el\/wp-content\/uploads\/2020\/03\/caso-plato-wird-montiert-1536x864.jpg 1536w, https:\/\/www.endres-lighting.de\/el\/wp-content\/uploads\/2020\/03\/caso-plato-wird-montiert-730x410.jpg 730w, https:\/\/www.endres-lighting.de\/el\/wp-content\/uploads\/2020\/03\/caso-plato-wird-montiert.jpg 1920w\" sizes=\"(max-width: 300px) 100vw, 300px\" \/><\/a>\n\t\t\t<\/dt>\n\t\t\t\t<dd class='wp-caption-text gallery-caption' id='gallery-1-3386'>\n\t\t\t\tCaso LED 40 &#8211; Plato wird montiert\n\t\t\t\t<\/dd><\/dl><dl class='gallery-item'>\n\t\t\t<dt class='gallery-icon landscape'>\n\t\t\t\t<a href='https:\/\/www.endres-lighting.de\/el\/wp-content\/uploads\/2020\/03\/Caso-E27-TopHat.jpg'><img decoding=\"async\" width=\"300\" height=\"169\" src=\"https:\/\/www.endres-lighting.de\/el\/wp-content\/uploads\/2020\/03\/Caso-E27-TopHat-300x169.jpg\" class=\"attachment-medium size-medium\" alt=\"\" aria-describedby=\"gallery-1-3378\" srcset=\"https:\/\/www.endres-lighting.de\/el\/wp-content\/uploads\/2020\/03\/Caso-E27-TopHat-300x169.jpg 300w, https:\/\/www.endres-lighting.de\/el\/wp-content\/uploads\/2020\/03\/Caso-E27-TopHat-700x394.jpg 700w, https:\/\/www.endres-lighting.de\/el\/wp-content\/uploads\/2020\/03\/Caso-E27-TopHat-1820x1024.jpg 1820w, https:\/\/www.endres-lighting.de\/el\/wp-content\/uploads\/2020\/03\/Caso-E27-TopHat-768x432.jpg 768w, https:\/\/www.endres-lighting.de\/el\/wp-content\/uploads\/2020\/03\/Caso-E27-TopHat-1536x864.jpg 1536w, https:\/\/www.endres-lighting.de\/el\/wp-content\/uploads\/2020\/03\/Caso-E27-TopHat-730x410.jpg 730w, https:\/\/www.endres-lighting.de\/el\/wp-content\/uploads\/2020\/03\/Caso-E27-TopHat.jpg 1920w\" sizes=\"(max-width: 300px) 100vw, 300px\" \/><\/a>\n\t\t\t<\/dt>\n\t\t\t\t<dd class='wp-caption-text gallery-caption' id='gallery-1-3378'>\n\t\t\t\tCaso E27\n\t\t\t\t<\/dd><\/dl><dl class='gallery-item'>\n\t\t\t<dt class='gallery-icon landscape'>\n\t\t\t\t<a href='https:\/\/www.endres-lighting.de\/el\/wp-content\/uploads\/2020\/03\/TopHat-Retrofit-E27-verlieren-Sie-den-faden-1920x1080-1.jpg'><img loading=\"lazy\" decoding=\"async\" width=\"300\" height=\"169\" src=\"https:\/\/www.endres-lighting.de\/el\/wp-content\/uploads\/2020\/03\/TopHat-Retrofit-E27-verlieren-Sie-den-faden-1920x1080-1-300x169.jpg\" class=\"attachment-medium size-medium\" alt=\"\" aria-describedby=\"gallery-1-3389\" srcset=\"https:\/\/www.endres-lighting.de\/el\/wp-content\/uploads\/2020\/03\/TopHat-Retrofit-E27-verlieren-Sie-den-faden-1920x1080-1-300x169.jpg 300w, https:\/\/www.endres-lighting.de\/el\/wp-content\/uploads\/2020\/03\/TopHat-Retrofit-E27-verlieren-Sie-den-faden-1920x1080-1-700x394.jpg 700w, https:\/\/www.endres-lighting.de\/el\/wp-content\/uploads\/2020\/03\/TopHat-Retrofit-E27-verlieren-Sie-den-faden-1920x1080-1-1820x1024.jpg 1820w, https:\/\/www.endres-lighting.de\/el\/wp-content\/uploads\/2020\/03\/TopHat-Retrofit-E27-verlieren-Sie-den-faden-1920x1080-1-768x432.jpg 768w, https:\/\/www.endres-lighting.de\/el\/wp-content\/uploads\/2020\/03\/TopHat-Retrofit-E27-verlieren-Sie-den-faden-1920x1080-1-1536x864.jpg 1536w, https:\/\/www.endres-lighting.de\/el\/wp-content\/uploads\/2020\/03\/TopHat-Retrofit-E27-verlieren-Sie-den-faden-1920x1080-1-730x410.jpg 730w, https:\/\/www.endres-lighting.de\/el\/wp-content\/uploads\/2020\/03\/TopHat-Retrofit-E27-verlieren-Sie-den-faden-1920x1080-1.jpg 1920w\" sizes=\"(max-width: 300px) 100vw, 300px\" \/><\/a>\n\t\t\t<\/dt>\n\t\t\t\t<dd class='wp-caption-text gallery-caption' id='gallery-1-3389'>\n\t\t\t\tPandia Top Hat Retrofit LED\n\t\t\t\t<\/dd><\/dl><br style=\"clear: both\" \/>\n\t\t<\/div>\n\n<p>&nbsp;<\/p>\n","protected":false},"excerpt":{"rendered":"<h5><span style=\"color: #808080;\">Die LED Stra\u00dfenleuchte &#8222;Caso&#8220; ist mit Pandia Plato LED Modul und als Ausf\u00fchrung &#8222;E27&#8220;,<br \/>\nmit Retrofit Leuchtmittel Pandia Top Hat erh\u00e4ltlich.<\/span><\/h5>\n<p>&nbsp;<\/p>\n[rule style=\"rule-dotted\" ]\n","protected":false},"featured_media":3375,"template":"","meta":{"_crdt_document":"","_monsterinsights_skip_tracking":false,"_monsterinsights_sitenote_active":false,"_monsterinsights_sitenote_note":"","_monsterinsights_sitenote_category":0},"product_brand":[],"product_cat":[96],"product_tag":[191,192,79,181,178,190],"class_list":{"0":"post-3366","1":"product","2":"type-product","3":"status-publish","4":"has-post-thumbnail","6":"product_cat-led-strassenbeleuchtung","7":"product_tag-led-strassenbeleuchtung","8":"product_tag-plato-led-modul","9":"product_tag-retrofit","10":"product_tag-retrofit-led","11":"product_tag-strassenbeleuchtung","12":"product_tag-strassenleuchte","14":"first","15":"outofstock","16":"shipping-taxable","17":"product-type-variable","18":"has-default-attributes"},"_links":{"self":[{"href":"https:\/\/www.endres-lighting.de\/el\/wp-json\/wp\/v2\/product\/3366","targetHints":{"allow":["GET"]}}],"collection":[{"href":"https:\/\/www.endres-lighting.de\/el\/wp-json\/wp\/v2\/product"}],"about":[{"href":"https:\/\/www.endres-lighting.de\/el\/wp-json\/wp\/v2\/types\/product"}],"wp:featuredmedia":[{"embeddable":true,"href":"https:\/\/www.endres-lighting.de\/el\/wp-json\/wp\/v2\/media\/3375"}],"wp:attachment":[{"href":"https:\/\/www.endres-lighting.de\/el\/wp-json\/wp\/v2\/media?parent=3366"}],"wp:term":[{"taxonomy":"product_brand","embeddable":true,"href":"https:\/\/www.endres-lighting.de\/el\/wp-json\/wp\/v2\/product_brand?post=3366"},{"taxonomy":"product_cat","embeddable":true,"href":"https:\/\/www.endres-lighting.de\/el\/wp-json\/wp\/v2\/product_cat?post=3366"},{"taxonomy":"product_tag","embeddable":true,"href":"https:\/\/www.endres-lighting.de\/el\/wp-json\/wp\/v2\/product_tag?post=3366"}],"curies":[{"name":"wp","href":"https:\/\/api.w.org\/{rel}","templated":true}]}}