{"id":3390,"date":"2020-03-12T13:19:19","date_gmt":"2020-03-12T12:19:19","guid":{"rendered":"https:\/\/www.endres-lighting.de\/wordpress\/?post_type=product&#038;p=3390"},"modified":"2025-07-03T09:44:46","modified_gmt":"2025-07-03T07:44:46","slug":"eleganz-iii-led-strassenleuchte","status":"publish","type":"product","link":"https:\/\/www.endres-lighting.de\/el\/produkt\/eleganz-iii-led-strassenleuchte\/","title":{"rendered":"Eleganz III"},"content":{"rendered":"<p>Eleganz III &#8211; LED Stra\u00dfenleuchte, ihr Name ist Programm! Sie punktet durch\u00a0 elegantes und schmales Design, des Geh\u00e4use besteht aus pulverbeschichtetem, hochfestem Aluminium. Die Ersparnis an Energiekosten betr\u00e4gt bis zu 70% &#8211; dazu kommen ca. 80% geringere Personalkosten durch entsprechende Senkung des Wartungszyklus. Aufgrund fehlender UV- bzw. IR-Strahlung werden au\u00dferdem keine Insekten angelockt, was auf Dauer eine geringere Verschmutzung des Lampengeh\u00e4uses zur Folge hat. Die Sichtscheibe besteht aus geh\u00e4rtetem Glas, das sich auch bei l\u00e4ngerem Betrieb nicht verf\u00e4rbt.<\/p>\n<p>Eleganz III hat eine homogene und verlustarme Lichtverteilung und eignet sich f\u00fcr Mast An- und Aufsatzmontage, durch einen vertikal drehbaren Arm ist sie individuell zu befestigen.<\/p>\n<p><strong>In unseren Umr\u00fcsts\u00e4tzen und Stra\u00dfenleuchten verwenden wir ausschlie\u00dflich LED und Treiber der Marke Signify.<\/strong><\/p>\n<p>&nbsp;<\/p>\n<p><strong>Eigenschaften:<\/strong><\/p>\n<p>\u2022 Elegantes Design, aus Aluminium, pulverbeschichtet<br \/>\n\u2022 die Ersparnis der Energiekosten betr\u00e4gt bis zu 70%<br \/>\n\u2022 ca. 80% geringere Personalkosten durch Senkung des Wartungszyklus<br \/>\n\u2022 verminderte CO\u2082- Emission, somit geringere Umweltbelastungen<br \/>\n\u2022 aufgrund fehlender UV- bzw. IR-Strahlung werden keine Insekten angelockt = geringere Verschmutzung des Geh\u00e4uses<br \/>\n\u2022 homogene und verlustarme Lichtverteilung<br \/>\n\u2022 f\u00fcr Mast An- und Aufsatzmontage, durch den vertikal drehbaren Arm individuell zu befestigen<br \/>\n\u2022 wetterbest\u00e4ndige Beschichtung<br \/>\n\u2022 benutzerfreundliches Design<br \/>\n\u2022 keine Verf\u00e4rbung der Sichtscheibe, da geh\u00e4rtetes Glas<br \/>\n\u2022 Mittlere Bemessungslebensdauer L80 = 100.000 h<br \/>\n\u2022 Schutzklasse I oder II<br \/>\n\u2022 LED Module und Treiber VDE zertifiziert<br \/>\n\u2022 \u00dcberspannungsschutz bis zu 10 kV<br \/>\n\u2022 Step Dim (Halbschaltung) m\u00f6glich<br \/>\n\u2022 Astro Dim (Time based\/astro based) m\u00f6glich<\/p>\n<p>&nbsp;<\/p>\n<p>&nbsp;<\/p>\n","protected":false},"excerpt":{"rendered":"<h5><span style=\"color: #808080;\">Eleganz III punktet durch elegantes und schmales Design, des Geh\u00e4use besteht aus pulverbeschichtetem, hochfestem Aluminium.<br \/>\n<\/span><br \/>\n<a href=\"https:\/\/www.endres-lighting.de\/el\/produkt\/eleganz-iii-mini-led-strassenleuchte\/\"><span style=\"color: #808080;\"><span style=\"color: #99cc00;\"><span style=\"color: #808000;\"><span style=\"color: #008000;\"><span style=\"color: #808000;\"><span style=\"color: #333333;\">Eleganz III ist auch in der Ausf\u00fchrung &#8222;mini&#8220; erh\u00e4ltlich.<\/span><\/span><\/span><\/span><\/span><\/span><\/a><\/h5>\n<hr \/>\n<p>&nbsp;<\/p>\n","protected":false},"featured_media":3397,"template":"","meta":{"_crdt_document":"","_monsterinsights_skip_tracking":false,"_monsterinsights_sitenote_active":false,"_monsterinsights_sitenote_note":"","_monsterinsights_sitenote_category":0},"product_brand":[],"product_cat":[96],"product_tag":[191,178,190],"class_list":{"0":"post-3390","1":"product","2":"type-product","3":"status-publish","4":"has-post-thumbnail","6":"product_cat-led-strassenbeleuchtung","7":"product_tag-led-strassenbeleuchtung","8":"product_tag-strassenbeleuchtung","9":"product_tag-strassenleuchte","11":"first","12":"outofstock","13":"shipping-taxable","14":"product-type-variable","15":"has-default-attributes"},"_links":{"self":[{"href":"https:\/\/www.endres-lighting.de\/el\/wp-json\/wp\/v2\/product\/3390","targetHints":{"allow":["GET"]}}],"collection":[{"href":"https:\/\/www.endres-lighting.de\/el\/wp-json\/wp\/v2\/product"}],"about":[{"href":"https:\/\/www.endres-lighting.de\/el\/wp-json\/wp\/v2\/types\/product"}],"wp:featuredmedia":[{"embeddable":true,"href":"https:\/\/www.endres-lighting.de\/el\/wp-json\/wp\/v2\/media\/3397"}],"wp:attachment":[{"href":"https:\/\/www.endres-lighting.de\/el\/wp-json\/wp\/v2\/media?parent=3390"}],"wp:term":[{"taxonomy":"product_brand","embeddable":true,"href":"https:\/\/www.endres-lighting.de\/el\/wp-json\/wp\/v2\/product_brand?post=3390"},{"taxonomy":"product_cat","embeddable":true,"href":"https:\/\/www.endres-lighting.de\/el\/wp-json\/wp\/v2\/product_cat?post=3390"},{"taxonomy":"product_tag","embeddable":true,"href":"https:\/\/www.endres-lighting.de\/el\/wp-json\/wp\/v2\/product_tag?post=3390"}],"curies":[{"name":"wp","href":"https:\/\/api.w.org\/{rel}","templated":true}]}}