{"id":3495,"date":"2020-03-18T08:49:38","date_gmt":"2020-03-18T07:49:38","guid":{"rendered":"https:\/\/www.endres-lighting.de\/wordpress\/?post_type=product&#038;p=3495"},"modified":"2025-07-03T09:47:44","modified_gmt":"2025-07-03T07:47:44","slug":"classic-led-strassenleuchte","status":"publish","type":"product","link":"https:\/\/www.endres-lighting.de\/el\/produkt\/classic-led-strassenleuchte\/","title":{"rendered":"Classic"},"content":{"rendered":"<p>Au\u00dfenleuchte f\u00fcr Anlieger-, Sammel- und Verkehrsstra\u00dfen, Pl\u00e4tze und Fu\u00dfg\u00e4ngerbereiche. Das Leuchtengeh\u00e4use besteht aus Aluminium, das Oberteil aus<br \/>\nAluminium-Guss und das Glas aus schlagfestem Polycarbonat.<\/p>\n<p>Optional ist eine einstufige, mehrstufige oder autarke Leistungsreduzierung m\u00f6glich.<\/p>\n<p><strong>In unseren Umr\u00fcsts\u00e4tzen und Stra\u00dfenleuchten verwenden wir ausschlie\u00dflich LED und Treiber der Marke Signify.<\/strong><\/p>\n","protected":false},"excerpt":{"rendered":"<h5><span style=\"color: #808080;\">Classic &#8211; Au\u00dfenleuchte f\u00fcr Anlieger-, Sammel- und Verkehrsstra\u00dfen, Pl\u00e4tze und Fu\u00dfg\u00e4ngerbereiche. Das Leuchtengeh\u00e4use besteht aus Aluminium, das Oberteil aus Aluminium-Guss und das Glas aus schlagfestem Polycarbonat. Classic ist mit Pandia Plato LED Modul und Pandia Top Hat Retrofit erh\u00e4ltlich.<\/span><\/h5>\n<h5><span style=\"color: #808080;\">\u00a0<\/span><\/h5>\n<hr \/>\n<p>&nbsp;<\/p>\n","protected":false},"featured_media":3501,"template":"","meta":{"_crdt_document":"","_monsterinsights_skip_tracking":false,"_monsterinsights_sitenote_active":false,"_monsterinsights_sitenote_note":"","_monsterinsights_sitenote_category":0},"product_brand":[],"product_cat":[96],"product_tag":[191,178,190],"class_list":{"0":"post-3495","1":"product","2":"type-product","3":"status-publish","4":"has-post-thumbnail","6":"product_cat-led-strassenbeleuchtung","7":"product_tag-led-strassenbeleuchtung","8":"product_tag-strassenbeleuchtung","9":"product_tag-strassenleuchte","11":"first","12":"instock","13":"shipping-taxable","14":"product-type-variable","15":"has-default-attributes"},"_links":{"self":[{"href":"https:\/\/www.endres-lighting.de\/el\/wp-json\/wp\/v2\/product\/3495","targetHints":{"allow":["GET"]}}],"collection":[{"href":"https:\/\/www.endres-lighting.de\/el\/wp-json\/wp\/v2\/product"}],"about":[{"href":"https:\/\/www.endres-lighting.de\/el\/wp-json\/wp\/v2\/types\/product"}],"wp:featuredmedia":[{"embeddable":true,"href":"https:\/\/www.endres-lighting.de\/el\/wp-json\/wp\/v2\/media\/3501"}],"wp:attachment":[{"href":"https:\/\/www.endres-lighting.de\/el\/wp-json\/wp\/v2\/media?parent=3495"}],"wp:term":[{"taxonomy":"product_brand","embeddable":true,"href":"https:\/\/www.endres-lighting.de\/el\/wp-json\/wp\/v2\/product_brand?post=3495"},{"taxonomy":"product_cat","embeddable":true,"href":"https:\/\/www.endres-lighting.de\/el\/wp-json\/wp\/v2\/product_cat?post=3495"},{"taxonomy":"product_tag","embeddable":true,"href":"https:\/\/www.endres-lighting.de\/el\/wp-json\/wp\/v2\/product_tag?post=3495"}],"curies":[{"name":"wp","href":"https:\/\/api.w.org\/{rel}","templated":true}]}}