{"id":3527,"date":"2020-03-18T13:14:16","date_gmt":"2020-03-18T12:14:16","guid":{"rendered":"https:\/\/www.endres-lighting.de\/wordpress\/?post_type=product&#038;p=3527"},"modified":"2025-07-03T09:48:47","modified_gmt":"2025-07-03T07:48:47","slug":"zylk-iii","status":"publish","type":"product","link":"https:\/\/www.endres-lighting.de\/el\/produkt\/zylk-iii\/","title":{"rendered":"Zylk III"},"content":{"rendered":"<p>Au\u00dfenleuchte f\u00fcr Anlieger-, Sammel- und Verkehrsstra\u00dfen, Pl\u00e4tze und Fu\u00dfg\u00e4ngerbereiche.<br \/>\nDas Leuchtengeh\u00e4use besteht aus Aluminium, das Oberteil aus Aluminium-Guss und das Glas aus schlagfestem Polycarbonat.<\/p>\n<p>Zylk III ist wahlweise mit Pandia Plato oder Top Hat erh\u00e4ltlich.<\/p>\n<p><strong>In unseren Umr\u00fcsts\u00e4tzen und Stra\u00dfenleuchten verwenden wir ausschlie\u00dflich LED und Treiber der Marke Signify.<\/strong><\/p>\n<p>&nbsp;<\/p>\n<p>&nbsp;<\/p>\n","protected":false},"excerpt":{"rendered":"<h5><span style=\"color: #808080;\">Zylk III &#8211; Au\u00dfenleuchte f\u00fcr Anlieger-, Sammel- und Verkehrsstra\u00dfen, Pl\u00e4tze und Fu\u00dfg\u00e4ngerbereiche.<\/span><br \/>\n<span style=\"color: #808080;\">Das Leuchtengeh\u00e4use besteht aus Aluminium, das Oberteil aus Aluminium-Guss und das Glas aus schlagfestem Polycarbonat.<\/span><\/h5>\n<h5><span style=\"color: #808080;\">Zylk III ist wahlweise mit Pandia Plato oder Top Hat erh\u00e4ltlich.<\/span><\/h5>\n<hr \/>\n<p>&nbsp;<\/p>\n","protected":false},"featured_media":3531,"template":"","meta":{"_crdt_document":"","_monsterinsights_skip_tracking":false,"_monsterinsights_sitenote_active":false,"_monsterinsights_sitenote_note":"","_monsterinsights_sitenote_category":0},"product_brand":[],"product_cat":[96],"product_tag":[191,192,181,178,190],"class_list":{"0":"post-3527","1":"product","2":"type-product","3":"status-publish","4":"has-post-thumbnail","6":"product_cat-led-strassenbeleuchtung","7":"product_tag-led-strassenbeleuchtung","8":"product_tag-plato-led-modul","9":"product_tag-retrofit-led","10":"product_tag-strassenbeleuchtung","11":"product_tag-strassenleuchte","13":"first","14":"outofstock","15":"shipping-taxable","16":"product-type-variable","17":"has-default-attributes"},"_links":{"self":[{"href":"https:\/\/www.endres-lighting.de\/el\/wp-json\/wp\/v2\/product\/3527","targetHints":{"allow":["GET"]}}],"collection":[{"href":"https:\/\/www.endres-lighting.de\/el\/wp-json\/wp\/v2\/product"}],"about":[{"href":"https:\/\/www.endres-lighting.de\/el\/wp-json\/wp\/v2\/types\/product"}],"wp:featuredmedia":[{"embeddable":true,"href":"https:\/\/www.endres-lighting.de\/el\/wp-json\/wp\/v2\/media\/3531"}],"wp:attachment":[{"href":"https:\/\/www.endres-lighting.de\/el\/wp-json\/wp\/v2\/media?parent=3527"}],"wp:term":[{"taxonomy":"product_brand","embeddable":true,"href":"https:\/\/www.endres-lighting.de\/el\/wp-json\/wp\/v2\/product_brand?post=3527"},{"taxonomy":"product_cat","embeddable":true,"href":"https:\/\/www.endres-lighting.de\/el\/wp-json\/wp\/v2\/product_cat?post=3527"},{"taxonomy":"product_tag","embeddable":true,"href":"https:\/\/www.endres-lighting.de\/el\/wp-json\/wp\/v2\/product_tag?post=3527"}],"curies":[{"name":"wp","href":"https:\/\/api.w.org\/{rel}","templated":true}]}}