{"id":3538,"date":"2020-03-19T07:46:49","date_gmt":"2020-03-19T06:46:49","guid":{"rendered":"https:\/\/www.endres-lighting.de\/wordpress\/?post_type=product&#038;p=3538"},"modified":"2025-07-03T09:49:30","modified_gmt":"2025-07-03T07:49:30","slug":"prestige","status":"publish","type":"product","link":"https:\/\/www.endres-lighting.de\/el\/produkt\/prestige\/","title":{"rendered":"Prestige"},"content":{"rendered":"<p>Prestige ist in den Ausf\u00fchrungen mit Pandia Plato LED Modul und mit Pandia E27 TopHat Retrofit verf\u00fcgbar.<\/p>\n<p>Au\u00dfenleuchte f\u00fcr Anlieger-, Sammel- und Verkehrsstra\u00dfen, Pl\u00e4tze und Fu\u00dfg\u00e4ngerbereiche. Das Leuchtengeh\u00e4use besteht aus Aluminium, das Oberteil aus Aluminium-Guss und das Glas aus schlagfestem Polycarbonat.<\/p>\n<p>Optional ist eine einstufige, mehrstufige oder autarke Leistungsreduzierung m\u00f6glich.<\/p>\n<p><strong>In unseren Umr\u00fcsts\u00e4tzen und Stra\u00dfenleuchten verwenden wir ausschlie\u00dflich LED und Treiber der Marke Signify.<\/strong><\/p>\n<p>&nbsp;<\/p>\n","protected":false},"excerpt":{"rendered":"<h5><span style=\"color: #808080;\">Prestige ist in den Ausf\u00fchrungen mit Pandia Plato LED Modul und mit Pandia E27 TopHat Retrofit verf\u00fcgbar.<\/span><\/h5>\n<h5><span style=\"color: #808080;\">Au\u00dfenleuchte f\u00fcr Anlieger-, Sammel- und Verkehrsstra\u00dfen, Pl\u00e4tze und Fu\u00dfg\u00e4ngerbereiche. Das Leuchtengeh\u00e4use besteht aus Aluminium, das Oberteil aus Aluminium-Guss und das Glas aus schlagfestem Polycarbonat.<\/span><\/h5>\n<hr \/>\n<p>&nbsp;<\/p>\n","protected":false},"featured_media":3546,"template":"","meta":{"_crdt_document":"","_monsterinsights_skip_tracking":false,"_monsterinsights_sitenote_active":false,"_monsterinsights_sitenote_note":"","_monsterinsights_sitenote_category":0},"product_brand":[],"product_cat":[96],"product_tag":[214,191,195,192,178,190,215],"class_list":{"0":"post-3538","1":"product","2":"type-product","3":"status-publish","4":"has-post-thumbnail","6":"product_cat-led-strassenbeleuchtung","7":"product_tag-e-27","8":"product_tag-led-strassenbeleuchtung","9":"product_tag-pandia-plato-led-modul","10":"product_tag-plato-led-modul","11":"product_tag-strassenbeleuchtung","12":"product_tag-strassenleuchte","13":"product_tag-top-hat","15":"first","16":"instock","17":"shipping-taxable","18":"product-type-variable","19":"has-default-attributes"},"_links":{"self":[{"href":"https:\/\/www.endres-lighting.de\/el\/wp-json\/wp\/v2\/product\/3538","targetHints":{"allow":["GET"]}}],"collection":[{"href":"https:\/\/www.endres-lighting.de\/el\/wp-json\/wp\/v2\/product"}],"about":[{"href":"https:\/\/www.endres-lighting.de\/el\/wp-json\/wp\/v2\/types\/product"}],"wp:featuredmedia":[{"embeddable":true,"href":"https:\/\/www.endres-lighting.de\/el\/wp-json\/wp\/v2\/media\/3546"}],"wp:attachment":[{"href":"https:\/\/www.endres-lighting.de\/el\/wp-json\/wp\/v2\/media?parent=3538"}],"wp:term":[{"taxonomy":"product_brand","embeddable":true,"href":"https:\/\/www.endres-lighting.de\/el\/wp-json\/wp\/v2\/product_brand?post=3538"},{"taxonomy":"product_cat","embeddable":true,"href":"https:\/\/www.endres-lighting.de\/el\/wp-json\/wp\/v2\/product_cat?post=3538"},{"taxonomy":"product_tag","embeddable":true,"href":"https:\/\/www.endres-lighting.de\/el\/wp-json\/wp\/v2\/product_tag?post=3538"}],"curies":[{"name":"wp","href":"https:\/\/api.w.org\/{rel}","templated":true}]}}