{"id":3554,"date":"2020-03-19T10:25:07","date_gmt":"2020-03-19T09:25:07","guid":{"rendered":"https:\/\/www.endres-lighting.de\/wordpress\/?post_type=product&#038;p=3554"},"modified":"2025-07-03T09:50:53","modified_gmt":"2025-07-03T07:50:53","slug":"nostalgie-iii-plato","status":"publish","type":"product","link":"https:\/\/www.endres-lighting.de\/el\/produkt\/nostalgie-iii-plato\/","title":{"rendered":"Nostalgie III &#8211; Plato"},"content":{"rendered":"<p>Moderne Technologie in klassischer Erscheinung. Die nostalgische Formgebung eignet sich hervorragend f\u00fcr historische Stadtbereiche- und Pl\u00e4tze.<br \/>\nLED-Ausstattung: High Power LED bis zu 162 lm pro Watt.<\/p>\n<p><strong>In unseren Umr\u00fcsts\u00e4tzen und Stra\u00dfenleuchten verwenden wir ausschlie\u00dflich LED und Treiber der Marke Signify.<\/strong><\/p>\n<p><img decoding=\"async\" class=\"wp-image-3556 alignleft\" src=\"https:\/\/www.endres-lighting.de\/el\/wp-content\/uploads\/2020\/03\/High-Lumen-LED-Chip-160lm-W.png\" alt=\"\" width=\"155\" height=\"60\" \/><\/p>\n<p>&nbsp;<\/p>\n<p>&nbsp;<\/p>\n<p>&nbsp;<\/p>\n<p>\u2022\u00a0 Energieeffizienzklasse: A++, A+, A<br \/>\n\u2022\u00a0 Geh\u00e4usefarbe: schwarz<br \/>\n\u2022\u00a0 Nennspannung: 220..240V, AC, 50\/60Hz<br \/>\n\u2022\u00a0 Sto\u00dfspannungsfestigkeit: 10kV (L\/N\/Ls &#8211; EQUI )<br \/>\n\u2022\u00a0 Schutzart IP 54<br \/>\n\u2022\u00a0 Schutzklasse I oder II<br \/>\n\u2022\u00a0 Temperaturbereich -20\u00b0C &#8211; +50\u00b0C<br \/>\n\u2022\u00a0 Farbtemperatur CCT 1750K\/3000K\/4000K<br \/>\n\u2022\u00a0 Farbwiedergabeindex (CRI) Ra&gt;70<br \/>\n\u2022\u00a0 LED Leistung (Watt) 13-34<br \/>\n\u2022\u00a0 Leuchten-Leistung (Watt) 17-41<br \/>\n\u2022\u00a0 Leuchten-Lichtstrom (lm) 2200-4900<br \/>\n\u2022\u00a0 Leuchten-Lichtausbeute (lm) 120<br \/>\n\u2022\u00a0 Abmessung (mm) 770 x 440 x 440<br \/>\n\u2022\u00a0 Mastanschluss (mm) \u00d8 26<br \/>\n\u2022\u00a0 Gewicht (kg) 5,2<\/p>\n<p>Alle Leuchten sind auch in gr\u00f6\u00dferen Wattagen erh\u00e4ltlich.<\/p>\n<p>&nbsp;<\/p>\n","protected":false},"excerpt":{"rendered":"<h5><span style=\"color: #808080;\">Nostalgie III Plato &#8211; Moderne Technologie in klassischer Erscheinung. Die nostalgische Formgebung eignet sich hervorragend f\u00fcr historische Stadtbereiche- und Pl\u00e4tze<\/span><\/h5>\n<p>&nbsp;<\/p>\n<hr \/>\n<p>&nbsp;<\/p>\n","protected":false},"featured_media":3559,"template":"","meta":{"_crdt_document":"","_monsterinsights_skip_tracking":false,"_monsterinsights_sitenote_active":false,"_monsterinsights_sitenote_note":"","_monsterinsights_sitenote_category":0},"product_brand":[],"product_cat":[96],"product_tag":[191,195,192,178,190],"class_list":{"0":"post-3554","1":"product","2":"type-product","3":"status-publish","4":"has-post-thumbnail","6":"product_cat-led-strassenbeleuchtung","7":"product_tag-led-strassenbeleuchtung","8":"product_tag-pandia-plato-led-modul","9":"product_tag-plato-led-modul","10":"product_tag-strassenbeleuchtung","11":"product_tag-strassenleuchte","13":"first","14":"instock","15":"shipping-taxable","16":"product-type-simple"},"_links":{"self":[{"href":"https:\/\/www.endres-lighting.de\/el\/wp-json\/wp\/v2\/product\/3554","targetHints":{"allow":["GET"]}}],"collection":[{"href":"https:\/\/www.endres-lighting.de\/el\/wp-json\/wp\/v2\/product"}],"about":[{"href":"https:\/\/www.endres-lighting.de\/el\/wp-json\/wp\/v2\/types\/product"}],"wp:featuredmedia":[{"embeddable":true,"href":"https:\/\/www.endres-lighting.de\/el\/wp-json\/wp\/v2\/media\/3559"}],"wp:attachment":[{"href":"https:\/\/www.endres-lighting.de\/el\/wp-json\/wp\/v2\/media?parent=3554"}],"wp:term":[{"taxonomy":"product_brand","embeddable":true,"href":"https:\/\/www.endres-lighting.de\/el\/wp-json\/wp\/v2\/product_brand?post=3554"},{"taxonomy":"product_cat","embeddable":true,"href":"https:\/\/www.endres-lighting.de\/el\/wp-json\/wp\/v2\/product_cat?post=3554"},{"taxonomy":"product_tag","embeddable":true,"href":"https:\/\/www.endres-lighting.de\/el\/wp-json\/wp\/v2\/product_tag?post=3554"}],"curies":[{"name":"wp","href":"https:\/\/api.w.org\/{rel}","templated":true}]}}