{"id":3564,"date":"2020-03-19T11:54:53","date_gmt":"2020-03-19T10:54:53","guid":{"rendered":"https:\/\/www.endres-lighting.de\/wordpress\/?post_type=product&#038;p=3564"},"modified":"2025-07-03T09:52:05","modified_gmt":"2025-07-03T07:52:05","slug":"corona","status":"publish","type":"product","link":"https:\/\/www.endres-lighting.de\/el\/produkt\/corona\/","title":{"rendered":"Corona"},"content":{"rendered":"<p><strong>In unseren Umr\u00fcsts\u00e4tzen und Stra\u00dfenleuchten verwenden wir ausschlie\u00dflich LED und Treiber der Marke Signify.<\/strong><\/p>\n<p><strong>Eigens<\/strong><img decoding=\"async\" class=\"wp-image-3565 alignleft\" src=\"https:\/\/www.endres-lighting.de\/el\/wp-content\/uploads\/2020\/03\/12-farbtoene-corona.png\" alt=\"\" width=\"177\" height=\"75\" \/><strong>chaften:<\/strong><br \/>\n\u2022 Leuchte und Lichtmast sind aus eloxiertem Aluminiumrohr<br \/>\n\u2022 die Eloxalschicht kann aus 12 Farben gew\u00e4hlt werden<br \/>\n\u2022 empfohlene Lichtmasth\u00f6he von 5 bis 7 Meter<br \/>\n\u2022 die Ersparnis der Energiekosten betr\u00e4gt bis zu 70%<br \/>\n\u2022 ca. 80% geringere Personalkosten durch Senkung des Wartungszyklus<br \/>\n\u2022 hohe Lebensdauer, Wartungszyklus ca. 50.000 Std.<br \/>\n\u2022 verminderte CO\u2082- Emission, geringere Umweltbelastungen<br \/>\n\u2022 aufgrund fehlender UV- bzw. IR-Strahlung werden keine Insekten angelockt, dadurch geringere Verschmutzung des Lampengeh\u00e4uses<br \/>\n\u2022 homogene und verlustarme Lichtverteilung<br \/>\n\u2022 Druckgussgeh\u00e4use aus hochfester Aluminiumlegierung<br \/>\n\u2022 wetterbest\u00e4ndige Beschichtung<br \/>\n\u2022 benutzerfreundliches Design<\/p>\n<p><img decoding=\"async\" class=\"wp-image-3568 alignleft\" src=\"https:\/\/www.endres-lighting.de\/el\/wp-content\/uploads\/2020\/03\/12-farbtoene.jpg\" alt=\"\" width=\"60\" height=\"595\" \/> <img decoding=\"async\" class=\"wp-image-3566 alignleft\" src=\"https:\/\/www.endres-lighting.de\/el\/wp-content\/uploads\/2020\/03\/cree-chipsatz.png\" alt=\"\" width=\"153\" height=\"66\" \/><\/p>\n","protected":false},"excerpt":{"rendered":"<h5><span style=\"color: #808080;\">Corona &#8211; Strassenleuchte &#8211; Leuchte und Lichtmast sind aus eloxiertem Aluminiumrohr, die Eloxalschicht kann aus 12 Farben gew\u00e4hlt werden.<\/span><\/h5>\n<p>&nbsp;<\/p>\n<hr \/>\n<p>&nbsp;<\/p>\n","protected":false},"featured_media":3570,"template":"","meta":{"_crdt_document":"","_monsterinsights_skip_tracking":false,"_monsterinsights_sitenote_active":false,"_monsterinsights_sitenote_note":"","_monsterinsights_sitenote_category":0},"product_brand":[],"product_cat":[96],"product_tag":[191,178,190],"class_list":{"0":"post-3564","1":"product","2":"type-product","3":"status-publish","4":"has-post-thumbnail","6":"product_cat-led-strassenbeleuchtung","7":"product_tag-led-strassenbeleuchtung","8":"product_tag-strassenbeleuchtung","9":"product_tag-strassenleuchte","11":"first","12":"instock","13":"shipping-taxable","14":"product-type-simple"},"_links":{"self":[{"href":"https:\/\/www.endres-lighting.de\/el\/wp-json\/wp\/v2\/product\/3564","targetHints":{"allow":["GET"]}}],"collection":[{"href":"https:\/\/www.endres-lighting.de\/el\/wp-json\/wp\/v2\/product"}],"about":[{"href":"https:\/\/www.endres-lighting.de\/el\/wp-json\/wp\/v2\/types\/product"}],"wp:featuredmedia":[{"embeddable":true,"href":"https:\/\/www.endres-lighting.de\/el\/wp-json\/wp\/v2\/media\/3570"}],"wp:attachment":[{"href":"https:\/\/www.endres-lighting.de\/el\/wp-json\/wp\/v2\/media?parent=3564"}],"wp:term":[{"taxonomy":"product_brand","embeddable":true,"href":"https:\/\/www.endres-lighting.de\/el\/wp-json\/wp\/v2\/product_brand?post=3564"},{"taxonomy":"product_cat","embeddable":true,"href":"https:\/\/www.endres-lighting.de\/el\/wp-json\/wp\/v2\/product_cat?post=3564"},{"taxonomy":"product_tag","embeddable":true,"href":"https:\/\/www.endres-lighting.de\/el\/wp-json\/wp\/v2\/product_tag?post=3564"}],"curies":[{"name":"wp","href":"https:\/\/api.w.org\/{rel}","templated":true}]}}