{"id":3591,"date":"2020-03-19T14:36:14","date_gmt":"2020-03-19T13:36:14","guid":{"rendered":"https:\/\/www.endres-lighting.de\/wordpress\/?post_type=product&#038;p=3591"},"modified":"2025-08-07T13:59:10","modified_gmt":"2025-08-07T11:59:10","slug":"karin-stelen","status":"publish","type":"product","link":"https:\/\/www.endres-lighting.de\/el\/produkt\/karin-stelen\/","title":{"rendered":"Karin Stelen"},"content":{"rendered":"<p><strong>In unseren Umr\u00fcsts\u00e4tzen und Stra\u00dfenleuchten verwenden wir ausschlie\u00dflich LED und Treiber der Marke Signify.<\/strong><\/p>\n<p><strong>Eigenschaften <\/strong><strong><img decoding=\"async\" class=\"wp-image-3565 alignleft\" src=\"https:\/\/www.endres-lighting.de\/el\/wp-content\/uploads\/2020\/03\/12-farbtoene-corona.png\" alt=\"\" width=\"210\" height=\"94\" srcset=\"https:\/\/www.endres-lighting.de\/el\/wp-content\/uploads\/2020\/03\/12-farbtoene-corona.png 487w, https:\/\/www.endres-lighting.de\/el\/wp-content\/uploads\/2020\/03\/12-farbtoene-corona-300x135.png 300w\" sizes=\"(max-width: 210px) 100vw, 210px\" \/><\/strong><\/p>\n<p>\u2022 Pfosten und S\u00e4ulen sind aus zylindrischem, eloxiertem Aluminiumrohr mit gefrostetem PMMA-Einsatz<br \/>\n\u2022 die Eloxalschicht kann aus 12 Farben gew\u00e4hlt werden<br \/>\n\u2022 ab 2400 mm wahlweise mit Erdst\u00fcck oder Flansch<br \/>\nF\u00fcr die Montage mit Flansch erhalten Sie optional fertige Betonfundamente mit Kabeldurchf\u00fchrung und Gewindebolzen zum Einsetzen in das Erdreich.<\/p>\n<p><img fetchpriority=\"high\" decoding=\"async\" class=\"wp-image-3623 alignleft\" src=\"https:\/\/www.endres-lighting.de\/el\/wp-content\/uploads\/2020\/03\/Karin-Stelen-Beispiel-2-582x1024.jpg\" alt=\"\" width=\"211\" height=\"644\" \/> <img decoding=\"async\" class=\"wp-image-3621 alignleft\" src=\"https:\/\/www.endres-lighting.de\/el\/wp-content\/uploads\/2020\/03\/Karin-Stelen-alle.jpg\" alt=\"\" width=\"701\" height=\"375\" srcset=\"https:\/\/www.endres-lighting.de\/el\/wp-content\/uploads\/2020\/03\/Karin-Stelen-alle.jpg 1920w, https:\/\/www.endres-lighting.de\/el\/wp-content\/uploads\/2020\/03\/Karin-Stelen-alle-700x373.jpg 700w, https:\/\/www.endres-lighting.de\/el\/wp-content\/uploads\/2020\/03\/Karin-Stelen-alle-300x160.jpg 300w, https:\/\/www.endres-lighting.de\/el\/wp-content\/uploads\/2020\/03\/Karin-Stelen-alle-768x410.jpg 768w, https:\/\/www.endres-lighting.de\/el\/wp-content\/uploads\/2020\/03\/Karin-Stelen-alle-1536x819.jpg 1536w\" sizes=\"(max-width: 701px) 100vw, 701px\" \/><\/p>\n<p>&nbsp;<\/p>\n<p>&nbsp;<\/p>\n<p>&nbsp;<\/p>\n<p>&nbsp;<\/p>\n<p>&nbsp;<\/p>\n<p>&nbsp;<\/p>\n<p>&nbsp;<\/p>\n<p>&nbsp;<\/p>\n<p>&nbsp;<\/p>\n<p>&nbsp;<\/p>\n<p>&nbsp;<\/p>\n","protected":false},"excerpt":{"rendered":"<h5><span style=\"color: #808080;\">LED-Stelen Lichtstelen Karin wirken formsch\u00f6n und elegant, die matte Leuchtenabdeckung bewirkt eine blendfreie Lichtverteilung. Karin Lichtstelen haben eine symmetrische Lichtverteilung und sind wahlweise in warmwei\u00df, neutralwei\u00df oder kaltwei\u00df erh\u00e4ltlich. Sie eignet sich f\u00fcr die Illumination innerst\u00e4dtischer Bereiche, \u00f6ffentlicher Bereiche und Pl\u00e4tze, ihr Licht erzeugt eine angenehme Atmosph\u00e4re.<\/span><\/h5>\n<hr \/>\n<p>&nbsp;<\/p>\n","protected":false},"featured_media":3622,"template":"","meta":{"_crdt_document":"","_monsterinsights_skip_tracking":false,"_monsterinsights_sitenote_active":false,"_monsterinsights_sitenote_note":"","_monsterinsights_sitenote_category":0},"product_brand":[],"product_cat":[96],"product_tag":[191,178,190],"class_list":{"0":"post-3591","1":"product","2":"type-product","3":"status-publish","4":"has-post-thumbnail","6":"product_cat-led-strassenbeleuchtung","7":"product_tag-led-strassenbeleuchtung","8":"product_tag-strassenbeleuchtung","9":"product_tag-strassenleuchte","11":"first","12":"outofstock","13":"shipping-taxable","14":"product-type-variable","15":"has-default-attributes"},"_links":{"self":[{"href":"https:\/\/www.endres-lighting.de\/el\/wp-json\/wp\/v2\/product\/3591","targetHints":{"allow":["GET"]}}],"collection":[{"href":"https:\/\/www.endres-lighting.de\/el\/wp-json\/wp\/v2\/product"}],"about":[{"href":"https:\/\/www.endres-lighting.de\/el\/wp-json\/wp\/v2\/types\/product"}],"wp:featuredmedia":[{"embeddable":true,"href":"https:\/\/www.endres-lighting.de\/el\/wp-json\/wp\/v2\/media\/3622"}],"wp:attachment":[{"href":"https:\/\/www.endres-lighting.de\/el\/wp-json\/wp\/v2\/media?parent=3591"}],"wp:term":[{"taxonomy":"product_brand","embeddable":true,"href":"https:\/\/www.endres-lighting.de\/el\/wp-json\/wp\/v2\/product_brand?post=3591"},{"taxonomy":"product_cat","embeddable":true,"href":"https:\/\/www.endres-lighting.de\/el\/wp-json\/wp\/v2\/product_cat?post=3591"},{"taxonomy":"product_tag","embeddable":true,"href":"https:\/\/www.endres-lighting.de\/el\/wp-json\/wp\/v2\/product_tag?post=3591"}],"curies":[{"name":"wp","href":"https:\/\/api.w.org\/{rel}","templated":true}]}}