{"id":3628,"date":"2020-03-23T11:34:30","date_gmt":"2020-03-23T10:34:30","guid":{"rendered":"https:\/\/www.endres-lighting.de\/wordpress\/?post_type=product&#038;p=3628"},"modified":"2025-01-09T14:55:31","modified_gmt":"2025-01-09T13:55:31","slug":"pandia-top-hat-e-27","status":"publish","type":"product","link":"https:\/\/www.endres-lighting.de\/el\/produkt\/pandia-top-hat-e-27\/","title":{"rendered":"Pandia Top-Hat E 27"},"content":{"rendered":"<h3><strong>Verlieren Sie den Faden &#8211; nicht die Fassung!<\/strong><\/h3>\n<p><span style=\"color: #808080;\">Als hochwertigen Ersatz f\u00fcr NAV- und HQL-Leuchten im Bereich der Stra\u00dfenbeleuchtung bieten wir mit Top-Hat E 27 eine kosteng\u00fcnstige und effiziente Technologie. Durch den einfachen Austausch k\u00f6nnen bereits vorhandene Stra\u00dfenleuchten weiter verwendet werden, eine Neuplanung ist nicht erforderlich.<\/span><\/p>\n<p>Eigenschaften:<\/p>\n<p>\u2022 Der gro\u00dffl\u00e4chige Aufbau des Aluminium-K\u00fchlk\u00f6rpers erm\u00f6glicht einen optimalen W\u00e4rmeaustausch und sorgt f\u00fcr eine lange Lebensdauer.<br \/>\n\u2022 Bereits vorhandene Stra\u00dfenleuchten k\u00f6nnen durch einen einfachen Austausch des Leuchtmittels weiter verwendet werden &#8211; eine Neuplanung ist nicht erforderlich.<br \/>\n\u2022 Hochwertiger Ersatz f\u00fcr NAV- und HQL-Leuchten im Bereich Stra\u00dfenbeleuchtung f\u00fcr Kommunen, Gewerbe und Industrie.<br \/>\n\u2022 Rundum strahlendes Licht (360\u00b0)<br \/>\n\u2022 Kosteng\u00fcnstige und effiziente Technologie.<\/p>\n<p>&nbsp;<\/p>\n<p><strong>Kosten sparen &#8211; Umwelt sch\u00fctzen<\/strong><\/p>\n<p>Der Schritt in die Zukunft moderner Beleuchtungstechnik bedeutet f\u00fcr Kommunen allgemein:<br \/>\n&#8211; den Austausch der alten Leuchten<br \/>\n&#8211; normgerechte Neuplaung der Beleuchtungsanlage<br \/>\n&#8211; aufw\u00e4ndige und arbeitsintensive Umr\u00fcstung<br \/>\n&#8211; hohe Kosten f\u00fcr Planung, neue Leuchten und Installation<\/p>\n<p><strong>Pandia Top-Hat &#8211; Die Pluspunkt-Alternative!<\/strong><\/p>\n<p>+ die Leuchten k\u00f6nnen weiter verwendet werden<br \/>\n+ eine Neuplaung ist nicht erforderlich<br \/>\n+ geringer Montageaufwand<br \/>\n+ Umlage- oder Anliegerkosten werden nicht f\u00e4llig<\/p>\n<p>Die HQL- oder NAV Leuchtmittel werden durch Pandia Top-Hat LED-Retrofit-Leuchtmittel ersetzt, die Leuchten arbeiten sofort energieeffizient<br \/>\nund umweltschonend und erreichen eine Energiekosten-Einsparung von \u00fcber 70%. Dieses Einsparpotential steht in Relation zur CO\u2082 Reduktion &#8211;<br \/>\nentscheiden Sie sich f\u00fcr das Licht der Zukunft!<\/p>\n<p>&nbsp;<\/p>\n<p><img fetchpriority=\"high\" decoding=\"async\" class=\" wp-image-3652 alignleft\" src=\"https:\/\/www.endres-lighting.de\/el\/wp-content\/uploads\/2020\/03\/Top-Hat-Rechenbeispiel-1122x1024.jpg\" alt=\"\" width=\"496\" height=\"453\" srcset=\"https:\/\/www.endres-lighting.de\/el\/wp-content\/uploads\/2020\/03\/Top-Hat-Rechenbeispiel-1122x1024.jpg 1122w, https:\/\/www.endres-lighting.de\/el\/wp-content\/uploads\/2020\/03\/Top-Hat-Rechenbeispiel-700x639.jpg 700w, https:\/\/www.endres-lighting.de\/el\/wp-content\/uploads\/2020\/03\/Top-Hat-Rechenbeispiel-300x274.jpg 300w, https:\/\/www.endres-lighting.de\/el\/wp-content\/uploads\/2020\/03\/Top-Hat-Rechenbeispiel-768x701.jpg 768w, https:\/\/www.endres-lighting.de\/el\/wp-content\/uploads\/2020\/03\/Top-Hat-Rechenbeispiel-1536x1402.jpg 1536w, https:\/\/www.endres-lighting.de\/el\/wp-content\/uploads\/2020\/03\/Top-Hat-Rechenbeispiel.jpg 2030w\" sizes=\"(max-width: 496px) 100vw, 496px\" \/><\/p>\n<p><img decoding=\"async\" class=\"wp-image-3555 alignleft\" src=\"https:\/\/www.endres-lighting.de\/el\/wp-content\/uploads\/2020\/03\/5-Jahre-Garantie.png\" alt=\"\" width=\"123\" height=\"103\" srcset=\"https:\/\/www.endres-lighting.de\/el\/wp-content\/uploads\/2020\/03\/5-Jahre-Garantie.png 396w, https:\/\/www.endres-lighting.de\/el\/wp-content\/uploads\/2020\/03\/5-Jahre-Garantie-300x252.png 300w\" sizes=\"(max-width: 123px) 100vw, 123px\" \/><\/p>\n","protected":false},"excerpt":{"rendered":"<h4><span style=\"color: #808080;\"><strong>Pandia Top-Hat E 27 Retrofit LED<br \/>\nVerlieren Sie den Faden &#8211; nicht die Fassung!<\/strong><\/span><\/h4>\n<p><span style=\"color: #808080;\">Als hochwertigen Ersatz f\u00fcr NAV- und HQL-Leuchten im Bereich der Stra\u00dfenbeleuchtung bieten wir mit Top-Hat E 27 eine kosteng\u00fcnstige und effiziente Technologie. Durch den einfachen Austausch k\u00f6nnen bereits vorhandene Stra\u00dfenleuchten weiter verwendet werden, eine Neuplanung ist nicht erforderlich.<\/span><\/p>\n<hr \/>\n<p>&nbsp;<\/p>\n","protected":false},"featured_media":3643,"template":"","meta":{"_crdt_document":"","_monsterinsights_skip_tracking":false,"_monsterinsights_sitenote_active":false,"_monsterinsights_sitenote_note":"","_monsterinsights_sitenote_category":0},"product_brand":[],"product_cat":[309,101,330],"product_tag":[214,177,79,215],"class_list":{"0":"post-3628","1":"product","2":"type-product","3":"status-publish","4":"has-post-thumbnail","6":"product_cat-led-leuchtmittel-mit-e-sockel","7":"product_cat-led-leuchtmittel-strasse","8":"product_cat-leuchtmittel-mit-e-27-sockel","9":"product_tag-e-27","10":"product_tag-led-retrofit","11":"product_tag-retrofit","12":"product_tag-top-hat","14":"first","15":"outofstock","16":"shipping-taxable","17":"product-type-variable","18":"has-default-attributes"},"_links":{"self":[{"href":"https:\/\/www.endres-lighting.de\/el\/wp-json\/wp\/v2\/product\/3628","targetHints":{"allow":["GET"]}}],"collection":[{"href":"https:\/\/www.endres-lighting.de\/el\/wp-json\/wp\/v2\/product"}],"about":[{"href":"https:\/\/www.endres-lighting.de\/el\/wp-json\/wp\/v2\/types\/product"}],"wp:featuredmedia":[{"embeddable":true,"href":"https:\/\/www.endres-lighting.de\/el\/wp-json\/wp\/v2\/media\/3643"}],"wp:attachment":[{"href":"https:\/\/www.endres-lighting.de\/el\/wp-json\/wp\/v2\/media?parent=3628"}],"wp:term":[{"taxonomy":"product_brand","embeddable":true,"href":"https:\/\/www.endres-lighting.de\/el\/wp-json\/wp\/v2\/product_brand?post=3628"},{"taxonomy":"product_cat","embeddable":true,"href":"https:\/\/www.endres-lighting.de\/el\/wp-json\/wp\/v2\/product_cat?post=3628"},{"taxonomy":"product_tag","embeddable":true,"href":"https:\/\/www.endres-lighting.de\/el\/wp-json\/wp\/v2\/product_tag?post=3628"}],"curies":[{"name":"wp","href":"https:\/\/api.w.org\/{rel}","templated":true}]}}