{"id":3695,"date":"2020-03-24T08:54:21","date_gmt":"2020-03-24T07:54:21","guid":{"rendered":"https:\/\/www.endres-lighting.de\/wordpress\/?post_type=product&#038;p=3695"},"modified":"2025-01-09T15:19:30","modified_gmt":"2025-01-09T14:19:30","slug":"led-kompakt","status":"publish","type":"product","link":"https:\/\/www.endres-lighting.de\/el\/produkt\/led-kompakt\/","title":{"rendered":"Pandia LED Kompakt"},"content":{"rendered":"<p>LED Kompakt ist in drei Gr\u00f6\u00dfen erh\u00e4ltlich und bietet viele Vorteile. Ein Lichtstrom zwischen 800, 1200 und 1800lm, bei einer Leistungsaufnahme<br \/>\nvon nur 8, 12, oder 18 W erreichen eine ausgezeichnete Lichtausbeute. Die Lichtfarbe, universalwei\u00df mit einer Farbtemperatur von 4000 K,<br \/>\nerzeugt eine angenehme Stimmung. Der Abstrahlwinkel betr\u00e4gt 180\u00b0. Das Leuchtmittel hat einen 2G11 Sockel und ist nicht dimmbar.<br \/>\nDie Lebensdauer betr\u00e4gt 50000 h.<\/p>\n<p><img fetchpriority=\"high\" decoding=\"async\" class=\"alignnone wp-image-8742 size-large\" src=\"https:\/\/www.endres-lighting.de\/el\/wp-content\/uploads\/2020\/03\/Pandia-LED-Kompakt-1920x542.jpg\" alt=\"\" width=\"730\" height=\"206\" srcset=\"https:\/\/www.endres-lighting.de\/el\/wp-content\/uploads\/2020\/03\/Pandia-LED-Kompakt-1920x542.jpg 1920w, https:\/\/www.endres-lighting.de\/el\/wp-content\/uploads\/2020\/03\/Pandia-LED-Kompakt-300x85.jpg 300w, https:\/\/www.endres-lighting.de\/el\/wp-content\/uploads\/2020\/03\/Pandia-LED-Kompakt-768x217.jpg 768w, https:\/\/www.endres-lighting.de\/el\/wp-content\/uploads\/2020\/03\/Pandia-LED-Kompakt-1536x434.jpg 1536w, https:\/\/www.endres-lighting.de\/el\/wp-content\/uploads\/2020\/03\/Pandia-LED-Kompakt-2048x578.jpg 2048w, https:\/\/www.endres-lighting.de\/el\/wp-content\/uploads\/2020\/03\/Pandia-LED-Kompakt-700x198.jpg 700w\" sizes=\"(max-width: 730px) 100vw, 730px\" \/><\/p>\n<p><img decoding=\"async\" class=\"wp-image-3697 alignleft\" src=\"https:\/\/www.endres-lighting.de\/el\/wp-content\/uploads\/2020\/03\/abstrahlwinkel-180-grad.jpg\" alt=\"\" width=\"187\" height=\"74\" srcset=\"https:\/\/www.endres-lighting.de\/el\/wp-content\/uploads\/2020\/03\/abstrahlwinkel-180-grad.jpg 408w, https:\/\/www.endres-lighting.de\/el\/wp-content\/uploads\/2020\/03\/abstrahlwinkel-180-grad-300x119.jpg 300w\" sizes=\"(max-width: 187px) 100vw, 187px\" \/><\/p>\n<p>&nbsp;<\/p>\n<p><img decoding=\"async\" class=\"wp-image-3696 alignleft\" src=\"https:\/\/www.endres-lighting.de\/el\/wp-content\/uploads\/2020\/03\/high-power-led.jpg\" alt=\"\" width=\"151\" height=\"59\" srcset=\"https:\/\/www.endres-lighting.de\/el\/wp-content\/uploads\/2020\/03\/high-power-led.jpg 359w, https:\/\/www.endres-lighting.de\/el\/wp-content\/uploads\/2020\/03\/high-power-led-300x118.jpg 300w\" sizes=\"(max-width: 151px) 100vw, 151px\" \/><\/p>\n<p>&nbsp;<\/p>\n<p>&nbsp;<\/p>\n<p>&nbsp;<\/p>\n","protected":false},"excerpt":{"rendered":"<h5><span style=\"color: #808080;\">Pandia LED Kompakt &#8211; LED Kompakt ist in drei Gr\u00f6\u00dfen erh\u00e4ltlich und bietet viele Vorteile. Ein Lichtstrom zwischen 800, 1200 und 1800lm, bei einer Leistungsaufnahme von nur 8, 12, oder 18 W erreichen eine ausgezeichnete Lichtausbeute.<\/span><\/h5>\n<p>&nbsp;<\/p>\n<hr \/>\n<p>&nbsp;<\/p>\n","protected":false},"featured_media":3698,"template":"","meta":{"_crdt_document":"","_monsterinsights_skip_tracking":false,"_monsterinsights_sitenote_active":false,"_monsterinsights_sitenote_note":"","_monsterinsights_sitenote_category":0},"product_brand":[],"product_cat":[309,101],"product_tag":[182,177,78,180,79,181],"class_list":{"0":"post-3695","1":"product","2":"type-product","3":"status-publish","4":"has-post-thumbnail","6":"product_cat-led-leuchtmittel-mit-e-sockel","7":"product_cat-led-leuchtmittel-strasse","8":"product_tag-2g11","9":"product_tag-led-retrofit","10":"product_tag-led-roehre","11":"product_tag-leuchtstoffroehre","12":"product_tag-retrofit","13":"product_tag-retrofit-led","15":"first","16":"outofstock","17":"shipping-taxable","18":"product-type-variable","19":"has-default-attributes"},"_links":{"self":[{"href":"https:\/\/www.endres-lighting.de\/el\/wp-json\/wp\/v2\/product\/3695","targetHints":{"allow":["GET"]}}],"collection":[{"href":"https:\/\/www.endres-lighting.de\/el\/wp-json\/wp\/v2\/product"}],"about":[{"href":"https:\/\/www.endres-lighting.de\/el\/wp-json\/wp\/v2\/types\/product"}],"wp:featuredmedia":[{"embeddable":true,"href":"https:\/\/www.endres-lighting.de\/el\/wp-json\/wp\/v2\/media\/3698"}],"wp:attachment":[{"href":"https:\/\/www.endres-lighting.de\/el\/wp-json\/wp\/v2\/media?parent=3695"}],"wp:term":[{"taxonomy":"product_brand","embeddable":true,"href":"https:\/\/www.endres-lighting.de\/el\/wp-json\/wp\/v2\/product_brand?post=3695"},{"taxonomy":"product_cat","embeddable":true,"href":"https:\/\/www.endres-lighting.de\/el\/wp-json\/wp\/v2\/product_cat?post=3695"},{"taxonomy":"product_tag","embeddable":true,"href":"https:\/\/www.endres-lighting.de\/el\/wp-json\/wp\/v2\/product_tag?post=3695"}],"curies":[{"name":"wp","href":"https:\/\/api.w.org\/{rel}","templated":true}]}}