{"id":3712,"date":"2020-03-24T09:59:51","date_gmt":"2020-03-24T08:59:51","guid":{"rendered":"https:\/\/www.endres-lighting.de\/wordpress\/?post_type=product&#038;p=3712"},"modified":"2025-01-09T09:44:23","modified_gmt":"2025-01-09T08:44:23","slug":"maste-gerade-1x-abgesetzt","status":"publish","type":"product","link":"https:\/\/www.endres-lighting.de\/el\/produkt\/maste-gerade-1x-abgesetzt\/","title":{"rendered":"Maste &#8211; gerade &#8211; 1x abgesetzt"},"content":{"rendered":"<h3><strong>Maste &#8211; gerade &#8211; 1x abgesetzt<\/strong><\/h3>\n<p><strong><br \/>\nStahl, feuerverzinkt<\/strong><br \/>\n<strong>Zopfdurchmesser 60\/76 mm<\/strong><br \/>\n<strong>DIN EN 40<\/strong><\/p>\n<p><strong>Standardausstattung:<br \/>\n<\/strong>T\u00fcr nach DIN 49778 mit Dreikantverschlussschraube, Kabeleinf\u00fchrungs\u00f6ffnung 50 x 150 mm, feuerverzinkt gem\u00e4\u00df DIN EN ISO 1461.<\/p>\n<p style=\"text-align: left;\"><img fetchpriority=\"high\" decoding=\"async\" class=\"wp-image-3714 alignleft\" src=\"https:\/\/www.endres-lighting.de\/el\/wp-content\/uploads\/2020\/03\/Gerade-einmal-abgesetzt-Zopf-60_76-Vektor-183x1024.png\" alt=\"\" width=\"114\" height=\"638\" srcset=\"https:\/\/www.endres-lighting.de\/el\/wp-content\/uploads\/2020\/03\/Gerade-einmal-abgesetzt-Zopf-60_76-Vektor-183x1024.png 183w, https:\/\/www.endres-lighting.de\/el\/wp-content\/uploads\/2020\/03\/Gerade-einmal-abgesetzt-Zopf-60_76-Vektor-274x1536.png 274w, https:\/\/www.endres-lighting.de\/el\/wp-content\/uploads\/2020\/03\/Gerade-einmal-abgesetzt-Zopf-60_76-Vektor-366x2048.png 366w, https:\/\/www.endres-lighting.de\/el\/wp-content\/uploads\/2020\/03\/Gerade-einmal-abgesetzt-Zopf-60_76-Vektor.png 572w\" sizes=\"(max-width: 114px) 100vw, 114px\" \/><\/p>\n<p>&nbsp;<\/p>\n<p><strong>Sonderausstattung\/-anfertigung:<\/strong><\/p>\n<ul>\n<li style=\"text-align: left;\">anschraubbare Grundplatte<\/li>\n<li style=\"text-align: left;\">Korrosionsschutzmanschette PE w\u00e4rmeschrumpfend<\/li>\n<li style=\"text-align: left;\">Schutzanstrich f\u00fcr das Erdst\u00fcck<\/li>\n<li style=\"text-align: left;\">Kantenschutz f\u00fcr Kabeleinf\u00fchrungs\u00f6ffnung<\/li>\n<li style=\"text-align: left;\">Pulverbeschichtung gem. RAL\/DB<\/li>\n<li style=\"text-align: left;\">Nasslackierung gem. RAL\/DB<\/li>\n<li style=\"text-align: left;\">Maste mit Korrosionsschutzmanschette aus Stahl<\/li>\n<li style=\"text-align: left;\">Maste mit Flanschplatte zum Aufschrauben<\/li>\n<\/ul>\n<p><img decoding=\"async\" class=\"wp-image-3744 alignleft\" src=\"https:\/\/www.endres-lighting.de\/el\/wp-content\/uploads\/2020\/03\/Daten-Mast-gerade-1x-abgesetzt.png\" alt=\"\" width=\"651\" height=\"253\" srcset=\"https:\/\/www.endres-lighting.de\/el\/wp-content\/uploads\/2020\/03\/Daten-Mast-gerade-1x-abgesetzt.png 981w, https:\/\/www.endres-lighting.de\/el\/wp-content\/uploads\/2020\/03\/Daten-Mast-gerade-1x-abgesetzt-700x272.png 700w, https:\/\/www.endres-lighting.de\/el\/wp-content\/uploads\/2020\/03\/Daten-Mast-gerade-1x-abgesetzt-300x117.png 300w, https:\/\/www.endres-lighting.de\/el\/wp-content\/uploads\/2020\/03\/Daten-Mast-gerade-1x-abgesetzt-768x298.png 768w\" sizes=\"(max-width: 651px) 100vw, 651px\" \/><\/p>\n","protected":false},"excerpt":{"rendered":"<h5><span style=\"color: #808080;\"><strong>Maste &#8211; gerade &#8211; 1x abgesetzt<br \/>\n\u2022 Stahl, feuerverzinkt<\/strong><\/span><br \/>\n<span style=\"color: #808080;\"><strong>\u2022 Zopfdurchmesser 60\/76 mm<\/strong><\/span><br \/>\n<span style=\"color: #808080;\"><strong>\u2022 DIN EN 40<\/strong><\/span><\/h5>\n<p>&nbsp;<\/p>\n<hr \/>\n<p>&nbsp;<\/p>\n","protected":false},"featured_media":3721,"template":"","meta":{"_crdt_document":"","_monsterinsights_skip_tracking":false,"_monsterinsights_sitenote_active":false,"_monsterinsights_sitenote_note":"","_monsterinsights_sitenote_category":0},"product_brand":[],"product_cat":[108],"product_tag":[208,167,207,165,166,168,169],"class_list":{"0":"post-3712","1":"product","2":"type-product","3":"status-publish","4":"has-post-thumbnail","6":"product_cat-maste","7":"product_tag-1x-abgesetzt","8":"product_tag-feuerverzinkt","9":"product_tag-gerade","10":"product_tag-mast","11":"product_tag-maste","12":"product_tag-sonderanfertigung","13":"product_tag-zopfdurchmesser","15":"first","16":"outofstock","17":"shipping-taxable","18":"product-type-variable"},"_links":{"self":[{"href":"https:\/\/www.endres-lighting.de\/el\/wp-json\/wp\/v2\/product\/3712","targetHints":{"allow":["GET"]}}],"collection":[{"href":"https:\/\/www.endres-lighting.de\/el\/wp-json\/wp\/v2\/product"}],"about":[{"href":"https:\/\/www.endres-lighting.de\/el\/wp-json\/wp\/v2\/types\/product"}],"wp:featuredmedia":[{"embeddable":true,"href":"https:\/\/www.endres-lighting.de\/el\/wp-json\/wp\/v2\/media\/3721"}],"wp:attachment":[{"href":"https:\/\/www.endres-lighting.de\/el\/wp-json\/wp\/v2\/media?parent=3712"}],"wp:term":[{"taxonomy":"product_brand","embeddable":true,"href":"https:\/\/www.endres-lighting.de\/el\/wp-json\/wp\/v2\/product_brand?post=3712"},{"taxonomy":"product_cat","embeddable":true,"href":"https:\/\/www.endres-lighting.de\/el\/wp-json\/wp\/v2\/product_cat?post=3712"},{"taxonomy":"product_tag","embeddable":true,"href":"https:\/\/www.endres-lighting.de\/el\/wp-json\/wp\/v2\/product_tag?post=3712"}],"curies":[{"name":"wp","href":"https:\/\/api.w.org\/{rel}","templated":true}]}}