{"id":3787,"date":"2020-03-25T08:02:17","date_gmt":"2020-03-25T07:02:17","guid":{"rendered":"https:\/\/www.endres-lighting.de\/wordpress\/?post_type=product&#038;p=3787"},"modified":"2025-01-09T09:48:24","modified_gmt":"2025-01-09T08:48:24","slug":"maste-gerade-peitsche-3x-abgesetzt","status":"publish","type":"product","link":"https:\/\/www.endres-lighting.de\/el\/produkt\/maste-gerade-peitsche-3x-abgesetzt\/","title":{"rendered":"Maste &#8211; gerade Peitsche, 3x abgesetzt"},"content":{"rendered":"<h3>Maste &#8211; gerade &#8211; Peitsche 3x abgesetzt<\/h3>\n<div class=\"woocommerce-product-details__short-description\">\n<p><strong>\u2022 Stahl, feuerverzinkt<\/strong><br \/>\n<strong>\u2022 Zopfdurchmesser 60 mm<br \/>\n<\/strong><strong>\u2022 Neigung 15 Grad<\/strong><br \/>\n<strong>\u2022 DIN EN 40<\/strong><\/p>\n<\/div>\n<p><strong>Standardausstattung:<br \/>\n<\/strong>T\u00fcr nach DIN 49778 mit Dreikantverschlussschraube, Kabeleinf\u00fchrungs\u00f6ffnung 50 x 150 mm, feuerverzinkt gem\u00e4\u00df DIN EN ISO 1461.<\/p>\n<p style=\"text-align: left;\"><img fetchpriority=\"high\" decoding=\"async\" class=\"wp-image-3800 alignleft\" src=\"https:\/\/www.endres-lighting.de\/el\/wp-content\/uploads\/2020\/03\/Gerader-Peitschenmast-3x-abgesetzt-Zopf-60-15-Grad-Vektor-280x1024.png\" alt=\"\" width=\"159\" height=\"581\" srcset=\"https:\/\/www.endres-lighting.de\/el\/wp-content\/uploads\/2020\/03\/Gerader-Peitschenmast-3x-abgesetzt-Zopf-60-15-Grad-Vektor-280x1024.png 280w, https:\/\/www.endres-lighting.de\/el\/wp-content\/uploads\/2020\/03\/Gerader-Peitschenmast-3x-abgesetzt-Zopf-60-15-Grad-Vektor-700x2563.png 700w, https:\/\/www.endres-lighting.de\/el\/wp-content\/uploads\/2020\/03\/Gerader-Peitschenmast-3x-abgesetzt-Zopf-60-15-Grad-Vektor-82x300.png 82w, https:\/\/www.endres-lighting.de\/el\/wp-content\/uploads\/2020\/03\/Gerader-Peitschenmast-3x-abgesetzt-Zopf-60-15-Grad-Vektor-768x2812.png 768w, https:\/\/www.endres-lighting.de\/el\/wp-content\/uploads\/2020\/03\/Gerader-Peitschenmast-3x-abgesetzt-Zopf-60-15-Grad-Vektor.png 1321w\" sizes=\"(max-width: 159px) 100vw, 159px\" \/><\/p>\n<p>&nbsp;<\/p>\n<p>&nbsp;<\/p>\n<p><strong>Sonderausstattung\/-anfertigung:<\/strong><\/p>\n<ul>\n<li style=\"text-align: left;\">Stutzen \u00d8 42 mm, anschraubbare Grundplatte<\/li>\n<li style=\"text-align: left;\">Korrosionsschutzmanschette PE w\u00e4rmeschrumpfend<\/li>\n<li style=\"text-align: left;\">Schutzanstrich f\u00fcr das Erdst\u00fcck<\/li>\n<li style=\"text-align: left;\">Kantenschutz f\u00fcr Kabeleinf\u00fchrungs\u00f6ffnung<\/li>\n<li style=\"text-align: left;\">Pulverbeschichtung gem. RAL\/DB<\/li>\n<li style=\"text-align: left;\">Nasslackierung gem. RAL\/DB<\/li>\n<li style=\"text-align: left;\">Maste mit Korrosionsschutzmanschette aus Stahl<\/li>\n<li style=\"text-align: left;\">Maste mit Flanschplatte zum Aufschrauben<\/li>\n<\/ul>\n<p><img decoding=\"async\" class=\"wp-image-3801 alignnone\" src=\"https:\/\/www.endres-lighting.de\/el\/wp-content\/uploads\/2020\/03\/Daten-Mast-gerade-peitsche-3x-abgesetzt.png\" alt=\"\" width=\"764\" height=\"168\" srcset=\"https:\/\/www.endres-lighting.de\/el\/wp-content\/uploads\/2020\/03\/Daten-Mast-gerade-peitsche-3x-abgesetzt.png 1016w, https:\/\/www.endres-lighting.de\/el\/wp-content\/uploads\/2020\/03\/Daten-Mast-gerade-peitsche-3x-abgesetzt-700x154.png 700w, https:\/\/www.endres-lighting.de\/el\/wp-content\/uploads\/2020\/03\/Daten-Mast-gerade-peitsche-3x-abgesetzt-300x66.png 300w, https:\/\/www.endres-lighting.de\/el\/wp-content\/uploads\/2020\/03\/Daten-Mast-gerade-peitsche-3x-abgesetzt-768x169.png 768w\" sizes=\"(max-width: 764px) 100vw, 764px\" \/><\/p>\n<p>&nbsp;<\/p>\n<p>&nbsp;<\/p>\n<p>&nbsp;<\/p>\n<p>&nbsp;<\/p>\n","protected":false},"excerpt":{"rendered":"<h5><span style=\"color: #808080;\"><strong>Maste &#8211; gerade Peitsche, 3x abgesetzt<br \/>\n\u2022 Stahl, feuerverzinkt<br \/>\n\u2022 Zopfdurchmesser 60mm<br \/>\n\u2022 Neigung 15 Grad<br \/>\n\u2022 DIN EN 4<\/strong><\/span><\/h5>\n<p>&nbsp;<\/p>\n<hr \/>\n<p>&nbsp;<\/p>\n","protected":false},"featured_media":3802,"template":"","meta":{"_crdt_document":"","_monsterinsights_skip_tracking":false,"_monsterinsights_sitenote_active":false,"_monsterinsights_sitenote_note":"","_monsterinsights_sitenote_category":0},"product_brand":[],"product_cat":[108],"product_tag":[211,167,207,165,166,210,168,169],"class_list":{"0":"post-3787","1":"product","2":"type-product","3":"status-publish","4":"has-post-thumbnail","6":"product_cat-maste","7":"product_tag-3-x-abgesetzt","8":"product_tag-feuerverzinkt","9":"product_tag-gerade","10":"product_tag-mast","11":"product_tag-maste","12":"product_tag-peitsche","13":"product_tag-sonderanfertigung","14":"product_tag-zopfdurchmesser","16":"first","17":"outofstock","18":"shipping-taxable","19":"product-type-variable"},"_links":{"self":[{"href":"https:\/\/www.endres-lighting.de\/el\/wp-json\/wp\/v2\/product\/3787","targetHints":{"allow":["GET"]}}],"collection":[{"href":"https:\/\/www.endres-lighting.de\/el\/wp-json\/wp\/v2\/product"}],"about":[{"href":"https:\/\/www.endres-lighting.de\/el\/wp-json\/wp\/v2\/types\/product"}],"wp:featuredmedia":[{"embeddable":true,"href":"https:\/\/www.endres-lighting.de\/el\/wp-json\/wp\/v2\/media\/3802"}],"wp:attachment":[{"href":"https:\/\/www.endres-lighting.de\/el\/wp-json\/wp\/v2\/media?parent=3787"}],"wp:term":[{"taxonomy":"product_brand","embeddable":true,"href":"https:\/\/www.endres-lighting.de\/el\/wp-json\/wp\/v2\/product_brand?post=3787"},{"taxonomy":"product_cat","embeddable":true,"href":"https:\/\/www.endres-lighting.de\/el\/wp-json\/wp\/v2\/product_cat?post=3787"},{"taxonomy":"product_tag","embeddable":true,"href":"https:\/\/www.endres-lighting.de\/el\/wp-json\/wp\/v2\/product_tag?post=3787"}],"curies":[{"name":"wp","href":"https:\/\/api.w.org\/{rel}","templated":true}]}}