{"id":3811,"date":"2020-03-25T10:09:27","date_gmt":"2020-03-25T09:09:27","guid":{"rendered":"https:\/\/www.endres-lighting.de\/wordpress\/?post_type=product&#038;p=3811"},"modified":"2025-01-09T09:49:34","modified_gmt":"2025-01-09T08:49:34","slug":"maste-konisch","status":"publish","type":"product","link":"https:\/\/www.endres-lighting.de\/el\/produkt\/maste-konisch\/","title":{"rendered":"Maste &#8211; konisch"},"content":{"rendered":"<h3>Maste &#8211; konisch<\/h3>\n<div class=\"woocommerce-product-details__short-description\">\n<p><strong>\u2022 Stahl, feuerverzinkt<\/strong><br \/>\n<strong>\u2022 Zopfdurchmesser 76 mm<br \/>\n<\/strong><strong>\u2022 Stahlg\u00fcte S235 \/ S275 \/ S355<\/strong><br \/>\n<strong>\u2022 DIN EN 40<\/strong><\/p>\n<\/div>\n<p><strong>Standardausstattung:<br \/>\n<\/strong>T\u00fcr nach DIN 49778 mit Dreikantverschlussschraube, Kabeleinf\u00fchrungs\u00f6ffnung 50 x 150 mm, feuerverzinkt gem\u00e4\u00df DIN EN ISO 1461.<\/p>\n<p style=\"text-align: left;\"><img fetchpriority=\"high\" decoding=\"async\" class=\"wp-image-3718 alignleft\" src=\"https:\/\/www.endres-lighting.de\/el\/wp-content\/uploads\/2020\/03\/Konisch-rund-Zopf-76-Vektor.png\" alt=\"\" width=\"85\" height=\"620\" srcset=\"https:\/\/www.endres-lighting.de\/el\/wp-content\/uploads\/2020\/03\/Konisch-rund-Zopf-76-Vektor.png 103w, https:\/\/www.endres-lighting.de\/el\/wp-content\/uploads\/2020\/03\/Konisch-rund-Zopf-76-Vektor-41x300.png 41w\" sizes=\"(max-width: 85px) 100vw, 85px\" \/><\/p>\n<p>&nbsp;<\/p>\n<p><strong>Sonderausstattung\/-anfertigung:<\/strong><\/p>\n<ul>\n<li style=\"text-align: left;\">Anschraubbare Grundplatte<\/li>\n<li style=\"text-align: left;\">Korrosionsschutzmanschette PE w\u00e4rmeschrumpfend<\/li>\n<li style=\"text-align: left;\">Schutzanstrich f\u00fcr das Erdst\u00fcck<\/li>\n<li style=\"text-align: left;\">Kantenschutz f\u00fcr Kabeleinf\u00fchrungs\u00f6ffnung<\/li>\n<li style=\"text-align: left;\">Pulverbeschichtung gem. RAL\/DB<\/li>\n<li style=\"text-align: left;\">Nasslackierung gem. RAL\/DB<\/li>\n<li style=\"text-align: left;\">Maste mit Korrosionsschutzmanschette aus Stahl<\/li>\n<li style=\"text-align: left;\">Maste mit Flanschplatte zum Aufschrauben<\/li>\n<\/ul>\n<p><img decoding=\"async\" class=\"wp-image-3817 alignleft\" src=\"https:\/\/www.endres-lighting.de\/el\/wp-content\/uploads\/2020\/03\/Daten-Mast-konisch.png\" alt=\"\" width=\"783\" height=\"283\" srcset=\"https:\/\/www.endres-lighting.de\/el\/wp-content\/uploads\/2020\/03\/Daten-Mast-konisch.png 1074w, https:\/\/www.endres-lighting.de\/el\/wp-content\/uploads\/2020\/03\/Daten-Mast-konisch-700x253.png 700w, https:\/\/www.endres-lighting.de\/el\/wp-content\/uploads\/2020\/03\/Daten-Mast-konisch-300x108.png 300w, https:\/\/www.endres-lighting.de\/el\/wp-content\/uploads\/2020\/03\/Daten-Mast-konisch-768x277.png 768w\" sizes=\"(max-width: 783px) 100vw, 783px\" \/><\/p>\n<p>&nbsp;<\/p>\n<p>&nbsp;<\/p>\n<p>&nbsp;<\/p>\n<p>&nbsp;<\/p>\n<p>&nbsp;<\/p>\n<p>&nbsp;<\/p>\n","protected":false},"excerpt":{"rendered":"<h5><span style=\"color: #808080;\"><strong>Maste &#8211; konisch<br \/>\n\u2022 Stahl, feuerverzinkt<br \/>\n\u2022 Zopfdurchmesser 76 mm<br \/>\n\u2022 Stahlg\u00fcte S235 \/ S275 \/ S355<br \/>\n\u2022 DIN EN 40<\/strong><\/span><\/h5>\n<p>&nbsp;<\/p>\n<hr \/>\n<p>&nbsp;<\/p>\n","protected":false},"featured_media":3818,"template":"","meta":{"_crdt_document":"","_monsterinsights_skip_tracking":false,"_monsterinsights_sitenote_active":false,"_monsterinsights_sitenote_note":"","_monsterinsights_sitenote_category":0},"product_brand":[],"product_cat":[108],"product_tag":[167,212,165,166,168,169],"class_list":{"0":"post-3811","1":"product","2":"type-product","3":"status-publish","4":"has-post-thumbnail","6":"product_cat-maste","7":"product_tag-feuerverzinkt","8":"product_tag-konisch","9":"product_tag-mast","10":"product_tag-maste","11":"product_tag-sonderanfertigung","12":"product_tag-zopfdurchmesser","14":"first","15":"outofstock","16":"shipping-taxable","17":"product-type-variable"},"_links":{"self":[{"href":"https:\/\/www.endres-lighting.de\/el\/wp-json\/wp\/v2\/product\/3811","targetHints":{"allow":["GET"]}}],"collection":[{"href":"https:\/\/www.endres-lighting.de\/el\/wp-json\/wp\/v2\/product"}],"about":[{"href":"https:\/\/www.endres-lighting.de\/el\/wp-json\/wp\/v2\/types\/product"}],"wp:featuredmedia":[{"embeddable":true,"href":"https:\/\/www.endres-lighting.de\/el\/wp-json\/wp\/v2\/media\/3818"}],"wp:attachment":[{"href":"https:\/\/www.endres-lighting.de\/el\/wp-json\/wp\/v2\/media?parent=3811"}],"wp:term":[{"taxonomy":"product_brand","embeddable":true,"href":"https:\/\/www.endres-lighting.de\/el\/wp-json\/wp\/v2\/product_brand?post=3811"},{"taxonomy":"product_cat","embeddable":true,"href":"https:\/\/www.endres-lighting.de\/el\/wp-json\/wp\/v2\/product_cat?post=3811"},{"taxonomy":"product_tag","embeddable":true,"href":"https:\/\/www.endres-lighting.de\/el\/wp-json\/wp\/v2\/product_tag?post=3811"}],"curies":[{"name":"wp","href":"https:\/\/api.w.org\/{rel}","templated":true}]}}