{"id":3840,"date":"2020-03-25T11:20:05","date_gmt":"2020-03-25T10:20:05","guid":{"rendered":"https:\/\/www.endres-lighting.de\/wordpress\/?post_type=product&#038;p=3840"},"modified":"2025-01-09T09:52:15","modified_gmt":"2025-01-09T08:52:15","slug":"maste-konisch-peitsche","status":"publish","type":"product","link":"https:\/\/www.endres-lighting.de\/el\/produkt\/maste-konisch-peitsche\/","title":{"rendered":"Maste &#8211; konisch Peitsche"},"content":{"rendered":"<h3>Maste &#8211; konisch Peitsche<\/h3>\n<div class=\"woocommerce-product-details__short-description\">\n<p><strong>Stahl, feuerverzinkt<br \/>\nZopfdurchmesser 60 mm Neigung 15 Grad<br \/>\nStahlg\u00fcte S235 \/ S275 \/ S355 DIN EN 40<\/strong><\/p>\n<\/div>\n<p><strong>Standardausstattung:<br \/>\n<\/strong>T\u00fcr nach DIN 49778 mit Dreikantverschlussschraube, Kabeleinf\u00fchrungs\u00f6ffnung 50 x 150 mm, feuerverzinkt gem\u00e4\u00df DIN EN ISO 1461.<\/p>\n<p style=\"text-align: left;\"><img fetchpriority=\"high\" decoding=\"async\" class=\"wp-image-3717 alignleft\" src=\"https:\/\/www.endres-lighting.de\/el\/wp-content\/uploads\/2020\/03\/Konischer-Peitschenmast-Zopf-60-15-Grad.png\" alt=\"\" width=\"134\" height=\"591\" srcset=\"https:\/\/www.endres-lighting.de\/el\/wp-content\/uploads\/2020\/03\/Konischer-Peitschenmast-Zopf-60-15-Grad.png 164w, https:\/\/www.endres-lighting.de\/el\/wp-content\/uploads\/2020\/03\/Konischer-Peitschenmast-Zopf-60-15-Grad-68x300.png 68w\" sizes=\"(max-width: 134px) 100vw, 134px\" \/><\/p>\n<p>&nbsp;<\/p>\n<p>&nbsp;<\/p>\n<p><strong>Sonderausstattung\/-anfertigung:<\/strong><\/p>\n<ul>\n<li style=\"text-align: left;\">Stutzen \u00d8 42 mm, anschraubbare Grundplatte<\/li>\n<li style=\"text-align: left;\">Korrosionsschutzmanschette PE w\u00e4rmeschrumpfend<\/li>\n<li style=\"text-align: left;\">Schutzanstrich f\u00fcr das Erdst\u00fcck<\/li>\n<li style=\"text-align: left;\">Kantenschutz f\u00fcr Kabeleinf\u00fchrungs\u00f6ffnung<\/li>\n<li style=\"text-align: left;\">Pulverbeschichtung gem. RAL\/DB<\/li>\n<li style=\"text-align: left;\">Nasslackierung gem. RAL\/DB<\/li>\n<li style=\"text-align: left;\">Maste mit Korrosionsschutzmanschette aus Stahl<\/li>\n<li style=\"text-align: left;\">Maste mit Flanschplatte zum Aufschrauben<\/li>\n<\/ul>\n<p><img decoding=\"async\" class=\"alignleft wp-image-3861 \" src=\"https:\/\/www.endres-lighting.de\/el\/wp-content\/uploads\/2020\/03\/Daten-Mast-konisch-peitsche.png\" alt=\"\" width=\"364\" height=\"197\" srcset=\"https:\/\/www.endres-lighting.de\/el\/wp-content\/uploads\/2020\/03\/Daten-Mast-konisch-peitsche.png 501w, https:\/\/www.endres-lighting.de\/el\/wp-content\/uploads\/2020\/03\/Daten-Mast-konisch-peitsche-300x162.png 300w\" sizes=\"(max-width: 364px) 100vw, 364px\" \/><\/p>\n<p>&nbsp;<\/p>\n<p>&nbsp;<\/p>\n<p>&nbsp;<\/p>\n<p>&nbsp;<\/p>\n<p>&nbsp;<\/p>\n<p>&nbsp;<\/p>\n","protected":false},"excerpt":{"rendered":"<h5><span style=\"color: #808080;\"><strong>Maste &#8211; konisch Peitsche<br \/>\n\u2022 Stahl, feuerverzinkt<br \/>\n\u2022 Zopfdurchmesser 76 mm<br \/>\n\u2022 Stahlg\u00fcte S235 \/ S275 \/ S355<br \/>\n\u2022 DIN EN 40<\/strong><\/span><\/h5>\n<p>&nbsp;<\/p>\n[rule style=\"rule-dotted\" ]\n","protected":false},"featured_media":3862,"template":"","meta":{"_crdt_document":"","_monsterinsights_skip_tracking":false,"_monsterinsights_sitenote_active":false,"_monsterinsights_sitenote_note":"","_monsterinsights_sitenote_category":0},"product_brand":[],"product_cat":[108],"product_tag":[167,165,166,168,169],"class_list":{"0":"post-3840","1":"product","2":"type-product","3":"status-publish","4":"has-post-thumbnail","6":"product_cat-maste","7":"product_tag-feuerverzinkt","8":"product_tag-mast","9":"product_tag-maste","10":"product_tag-sonderanfertigung","11":"product_tag-zopfdurchmesser","13":"first","14":"outofstock","15":"shipping-taxable","16":"product-type-variable"},"_links":{"self":[{"href":"https:\/\/www.endres-lighting.de\/el\/wp-json\/wp\/v2\/product\/3840","targetHints":{"allow":["GET"]}}],"collection":[{"href":"https:\/\/www.endres-lighting.de\/el\/wp-json\/wp\/v2\/product"}],"about":[{"href":"https:\/\/www.endres-lighting.de\/el\/wp-json\/wp\/v2\/types\/product"}],"wp:featuredmedia":[{"embeddable":true,"href":"https:\/\/www.endres-lighting.de\/el\/wp-json\/wp\/v2\/media\/3862"}],"wp:attachment":[{"href":"https:\/\/www.endres-lighting.de\/el\/wp-json\/wp\/v2\/media?parent=3840"}],"wp:term":[{"taxonomy":"product_brand","embeddable":true,"href":"https:\/\/www.endres-lighting.de\/el\/wp-json\/wp\/v2\/product_brand?post=3840"},{"taxonomy":"product_cat","embeddable":true,"href":"https:\/\/www.endres-lighting.de\/el\/wp-json\/wp\/v2\/product_cat?post=3840"},{"taxonomy":"product_tag","embeddable":true,"href":"https:\/\/www.endres-lighting.de\/el\/wp-json\/wp\/v2\/product_tag?post=3840"}],"curies":[{"name":"wp","href":"https:\/\/api.w.org\/{rel}","templated":true}]}}