{"id":3909,"date":"2020-03-25T13:47:19","date_gmt":"2020-03-25T12:47:19","guid":{"rendered":"https:\/\/www.endres-lighting.de\/wordpress\/?post_type=product&#038;p=3909"},"modified":"2025-01-09T09:18:22","modified_gmt":"2025-01-09T08:18:22","slug":"eck-wandausleger-fuer-led-strassenbeleuchtung","status":"publish","type":"product","link":"https:\/\/www.endres-lighting.de\/el\/produkt\/eck-wandausleger-fuer-led-strassenbeleuchtung\/","title":{"rendered":"Eck-\/Wandausleger f\u00fcr LED Stra\u00dfenleuchten"},"content":{"rendered":"<p>Eck-\/Wandausleger, Stahl, feuerverzinkt<\/p>\n<p><img fetchpriority=\"high\" decoding=\"async\" class=\"alignnone wp-image-8606 \" src=\"https:\/\/www.endres-lighting.de\/el\/wp-content\/uploads\/2020\/03\/Liste-Wandausleger-1920x749.jpg\" alt=\"\" width=\"722\" height=\"282\" srcset=\"https:\/\/www.endres-lighting.de\/el\/wp-content\/uploads\/2020\/03\/Liste-Wandausleger-1920x749.jpg 1920w, https:\/\/www.endres-lighting.de\/el\/wp-content\/uploads\/2020\/03\/Liste-Wandausleger-300x117.jpg 300w, https:\/\/www.endres-lighting.de\/el\/wp-content\/uploads\/2020\/03\/Liste-Wandausleger-768x300.jpg 768w, https:\/\/www.endres-lighting.de\/el\/wp-content\/uploads\/2020\/03\/Liste-Wandausleger-1536x599.jpg 1536w, https:\/\/www.endres-lighting.de\/el\/wp-content\/uploads\/2020\/03\/Liste-Wandausleger-2048x799.jpg 2048w, https:\/\/www.endres-lighting.de\/el\/wp-content\/uploads\/2020\/03\/Liste-Wandausleger-700x273.jpg 700w\" sizes=\"(max-width: 722px) 100vw, 722px\" \/><\/p>\n<p><img decoding=\"async\" class=\"alignnone wp-image-8611 \" src=\"https:\/\/www.endres-lighting.de\/el\/wp-content\/uploads\/2020\/03\/Eck-und-Wandausleger_Tabelle.jpg\" alt=\"\" width=\"596\" height=\"149\" srcset=\"https:\/\/www.endres-lighting.de\/el\/wp-content\/uploads\/2020\/03\/Eck-und-Wandausleger_Tabelle.jpg 1397w, https:\/\/www.endres-lighting.de\/el\/wp-content\/uploads\/2020\/03\/Eck-und-Wandausleger_Tabelle-300x75.jpg 300w, https:\/\/www.endres-lighting.de\/el\/wp-content\/uploads\/2020\/03\/Eck-und-Wandausleger_Tabelle-768x192.jpg 768w, https:\/\/www.endres-lighting.de\/el\/wp-content\/uploads\/2020\/03\/Eck-und-Wandausleger_Tabelle-700x175.jpg 700w\" sizes=\"(max-width: 596px) 100vw, 596px\" \/><\/p>\n<p style=\"text-align: left;\">Individuelle Ausleger f\u00fcr Stra\u00dfen- und Fu\u00dfwegbeleuchtung fertigen wir nach Ihren Anforderungen und W\u00fcnschen &#8211; Sprechen Sie uns an!<\/p>\n<p style=\"text-align: left;\"><img decoding=\"async\" class=\"wp-image-3886 alignleft\" src=\"https:\/\/www.endres-lighting.de\/el\/wp-content\/uploads\/2020\/03\/Ausleger-nach-ihren-anforderungen.png\" alt=\"\" width=\"241\" height=\"108\" \/><\/p>\n<p>&nbsp;<\/p>\n<p>&nbsp;<\/p>\n<p>&nbsp;<\/p>\n<p>&nbsp;<\/p>\n<p style=\"text-align: left;\"><strong>Tipp<\/strong>: Optional ist die Integration zus\u00e4tzlicher Steckdosen oder Halterungen z. B. f\u00fcr Weihnachtsbeleuchtung m\u00f6glich.<\/p>\n","protected":false},"excerpt":{"rendered":"<h5><span style=\"color: #808080;\">Eck-\/Wandausleger f\u00fcr LED Stra\u00dfenleuchten &#8211; Indiuviduelle Ausleger f\u00fcr<br \/>\nStra\u00dfen- und Fu\u00dfwegbeleuchtung fertigen wir nach Ihren Anforderungen<br \/>\nund W\u00fcnschen &#8211; sprechen Sie uns an!<\/span><\/h5>\n<p>&nbsp;<\/p>\n<hr \/>\n<p>&nbsp;<\/p>\n","protected":false},"featured_media":3914,"template":"","meta":{"_crdt_document":"","_monsterinsights_skip_tracking":false,"_monsterinsights_sitenote_active":false,"_monsterinsights_sitenote_note":"","_monsterinsights_sitenote_category":0},"product_brand":[],"product_cat":[341,108,342],"product_tag":[170,172,167,165,166,168,171,169],"class_list":{"0":"post-3909","1":"product","2":"type-product","3":"status-publish","4":"has-post-thumbnail","6":"product_cat-ausleger-fuer-strassenbeleuchtung","7":"product_cat-maste","8":"product_cat-maste-zubehoer","9":"product_tag-ausleger","10":"product_tag-eckausleger","11":"product_tag-feuerverzinkt","12":"product_tag-mast","13":"product_tag-maste","14":"product_tag-sonderanfertigung","15":"product_tag-wandausleger","16":"product_tag-zopfdurchmesser","18":"first","19":"instock","20":"shipping-taxable","21":"product-type-variable"},"_links":{"self":[{"href":"https:\/\/www.endres-lighting.de\/el\/wp-json\/wp\/v2\/product\/3909","targetHints":{"allow":["GET"]}}],"collection":[{"href":"https:\/\/www.endres-lighting.de\/el\/wp-json\/wp\/v2\/product"}],"about":[{"href":"https:\/\/www.endres-lighting.de\/el\/wp-json\/wp\/v2\/types\/product"}],"wp:featuredmedia":[{"embeddable":true,"href":"https:\/\/www.endres-lighting.de\/el\/wp-json\/wp\/v2\/media\/3914"}],"wp:attachment":[{"href":"https:\/\/www.endres-lighting.de\/el\/wp-json\/wp\/v2\/media?parent=3909"}],"wp:term":[{"taxonomy":"product_brand","embeddable":true,"href":"https:\/\/www.endres-lighting.de\/el\/wp-json\/wp\/v2\/product_brand?post=3909"},{"taxonomy":"product_cat","embeddable":true,"href":"https:\/\/www.endres-lighting.de\/el\/wp-json\/wp\/v2\/product_cat?post=3909"},{"taxonomy":"product_tag","embeddable":true,"href":"https:\/\/www.endres-lighting.de\/el\/wp-json\/wp\/v2\/product_tag?post=3909"}],"curies":[{"name":"wp","href":"https:\/\/api.w.org\/{rel}","templated":true}]}}