{"id":4125,"date":"2020-03-31T12:31:08","date_gmt":"2020-03-31T10:31:08","guid":{"rendered":"https:\/\/www.endres-lighting.de\/wordpress\/?post_type=product&#038;p=4125"},"modified":"2023-04-20T09:22:55","modified_gmt":"2023-04-20T07:22:55","slug":"pandia-laliniaris-led-langfeldleuchte","status":"publish","type":"product","link":"https:\/\/www.endres-lighting.de\/el\/produkt\/pandia-laliniaris-led-langfeldleuchte\/","title":{"rendered":"Pandia Laliniaris LED Langfeldleuchte"},"content":{"rendered":"<p><strong>Eigenschaften:<\/strong><\/p>\n<p>Eine energieeffiziente und wartungsarme Alternative zu traditionellen (linearen) Leuchtstofflampen. Laliniaris ist die optimale L\u00f6sung, sowohl f\u00fcr herk\u00f6mmliche Beleuchtungssysteme, als auch f\u00fcr neue Anlagen &#8211; alles in einer Leuchte und die Installation ist nahezu werkzeuglos. Das spart Zeit und Geld, auch im Hinblick auf die geringe Wartungskosten.<\/p>\n<p><img fetchpriority=\"high\" decoding=\"async\" class=\"wp-image-4128 aligncenter\" src=\"https:\/\/www.endres-lighting.de\/el\/wp-content\/uploads\/2020\/03\/laliniaris-montage.jpg\" alt=\"\" width=\"861\" height=\"330\" \/><\/p>\n<p><img decoding=\"async\" class=\"wp-image-4256 aligncenter\" src=\"https:\/\/www.endres-lighting.de\/el\/wp-content\/uploads\/2020\/03\/laliniaris-montage-stecksystem.jpg\" alt=\"\" width=\"860\" height=\"458\" srcset=\"https:\/\/www.endres-lighting.de\/el\/wp-content\/uploads\/2020\/03\/laliniaris-montage-stecksystem.jpg 1920w, https:\/\/www.endres-lighting.de\/el\/wp-content\/uploads\/2020\/03\/laliniaris-montage-stecksystem-700x373.jpg 700w, https:\/\/www.endres-lighting.de\/el\/wp-content\/uploads\/2020\/03\/laliniaris-montage-stecksystem-300x160.jpg 300w, https:\/\/www.endres-lighting.de\/el\/wp-content\/uploads\/2020\/03\/laliniaris-montage-stecksystem-768x410.jpg 768w, https:\/\/www.endres-lighting.de\/el\/wp-content\/uploads\/2020\/03\/laliniaris-montage-stecksystem-1536x819.jpg 1536w\" sizes=\"(max-width: 860px) 100vw, 860px\" \/><\/p>\n<p><img decoding=\"async\" class=\"wp-image-4129 aligncenter\" src=\"https:\/\/www.endres-lighting.de\/el\/wp-content\/uploads\/2020\/03\/laliniaris-abstrahlwinkel.png\" alt=\"\" width=\"901\" height=\"178\" \/><\/p>\n<p><strong>3-Phasen Stromschiene:<\/strong><br \/>\nVormontierte Verbinder in der Schiene gew\u00e4hrleisten den Anschluss ohne die Verwendung von Werkzeugen. In der Schiene enthalten sind 5 eigenst\u00e4ndige Stromanschl\u00fcsse f\u00fcr die separate Schaltung. Optional zwei Steuerleitungen f\u00fcr DALI und 4 Leitungen f\u00fcr 2 unah\u00e4ngige Notlichtkreise.<\/p>\n<p><strong>Vorteile:<\/strong><br \/>\nKosteneffiziente Lichtbandl\u00f6sung, die durch einfache Installation f\u00fcr industrielle, gewerbliche und andere Anwendungen die optimale L\u00f6sung bietet. Gute Lichtqualit\u00e4t mit hoher Lichtausbeute f\u00fcr unterschiedliche Anforderungen machen dieses System so flexibel nutzbar.<\/p>\n<p><img loading=\"lazy\" decoding=\"async\" class=\"alignleft wp-image-4130\" src=\"https:\/\/www.endres-lighting.de\/el\/wp-content\/uploads\/2020\/03\/laliniaris-befestigung.jpg\" alt=\"\" width=\"281\" height=\"313\" \/><\/p>\n<p><img loading=\"lazy\" decoding=\"async\" class=\"alignleft wp-image-4131\" src=\"https:\/\/www.endres-lighting.de\/el\/wp-content\/uploads\/2020\/03\/Daten-Laliniaris.png\" alt=\"\" width=\"580\" height=\"352\" \/><\/p>\n","protected":false},"excerpt":{"rendered":"<h5>Pandia Laliniaris LED Langfeldleuchte<\/h5>\n","protected":false},"featured_media":4127,"template":"","meta":{"_crdt_document":"","_monsterinsights_skip_tracking":false,"_monsterinsights_sitenote_active":false,"_monsterinsights_sitenote_note":"","_monsterinsights_sitenote_category":0},"product_brand":[],"product_cat":[69],"product_tag":[237,240,245,204,203,78,200,163,244,247],"class_list":{"0":"post-4125","1":"product","2":"type-product","3":"status-publish","4":"has-post-thumbnail","6":"product_cat-led-roehren","7":"product_tag-ausstellung","8":"product_tag-bahnhof","9":"product_tag-lagerhalle","10":"product_tag-laliniaris","11":"product_tag-langfeld","12":"product_tag-led-roehre","13":"product_tag-lichtband","14":"product_tag-pandia-laliniaris-led-langfeldleuchte","15":"product_tag-produktionshalle","16":"product_tag-verkaufsraum","18":"first","19":"outofstock","20":"shipping-taxable","21":"product-type-variable"},"_links":{"self":[{"href":"https:\/\/www.endres-lighting.de\/el\/wp-json\/wp\/v2\/product\/4125","targetHints":{"allow":["GET"]}}],"collection":[{"href":"https:\/\/www.endres-lighting.de\/el\/wp-json\/wp\/v2\/product"}],"about":[{"href":"https:\/\/www.endres-lighting.de\/el\/wp-json\/wp\/v2\/types\/product"}],"wp:featuredmedia":[{"embeddable":true,"href":"https:\/\/www.endres-lighting.de\/el\/wp-json\/wp\/v2\/media\/4127"}],"wp:attachment":[{"href":"https:\/\/www.endres-lighting.de\/el\/wp-json\/wp\/v2\/media?parent=4125"}],"wp:term":[{"taxonomy":"product_brand","embeddable":true,"href":"https:\/\/www.endres-lighting.de\/el\/wp-json\/wp\/v2\/product_brand?post=4125"},{"taxonomy":"product_cat","embeddable":true,"href":"https:\/\/www.endres-lighting.de\/el\/wp-json\/wp\/v2\/product_cat?post=4125"},{"taxonomy":"product_tag","embeddable":true,"href":"https:\/\/www.endres-lighting.de\/el\/wp-json\/wp\/v2\/product_tag?post=4125"}],"curies":[{"name":"wp","href":"https:\/\/api.w.org\/{rel}","templated":true}]}}