{"id":4503,"date":"2020-04-22T08:39:13","date_gmt":"2020-04-22T06:39:13","guid":{"rendered":"https:\/\/www.endres-lighting.de\/wordpress\/?post_type=product&#038;p=4503"},"modified":"2023-04-20T09:37:39","modified_gmt":"2023-04-20T07:37:39","slug":"led-deckenpanel","status":"publish","type":"product","link":"https:\/\/www.endres-lighting.de\/el\/produkt\/led-deckenpanel\/","title":{"rendered":"LED Deckenpanel"},"content":{"rendered":"<p>Im Gegensatz zu Leuchtstoffr\u00f6hren strahlen LED-Leuchten konstant Licht ab und es ist kein UV Licht im Abstrahlspektrum enthalten. L\u00e4ngeres Arbeiten ohne erm\u00fcdende Augen ist besonders im B\u00fcro ein entscheidender Vorteil der LED Deckenpanel, denn auch der Reflektionseffekt der konventionellen Rasterleuchten entf\u00e4llt.\u00a0 LED-Leuchten enthalten kein Quecksilber, wie herk\u00f6mmliche Leuchtstoffr\u00f6hren, ein Pluspunkt f\u00fcr Umwelt und Gesundheit.<\/p>\n<p>&nbsp;<\/p>\n<p><strong><img fetchpriority=\"high\" decoding=\"async\" class=\"alignleft wp-image-4506 \" src=\"https:\/\/www.endres-lighting.de\/el\/wp-content\/uploads\/2020\/04\/deckenpanel-P_30095-nah.jpg\" alt=\"\" width=\"651\" height=\"347\" srcset=\"https:\/\/www.endres-lighting.de\/el\/wp-content\/uploads\/2020\/04\/deckenpanel-P_30095-nah.jpg 1920w, https:\/\/www.endres-lighting.de\/el\/wp-content\/uploads\/2020\/04\/deckenpanel-P_30095-nah-768x410.jpg 768w, https:\/\/www.endres-lighting.de\/el\/wp-content\/uploads\/2020\/04\/deckenpanel-P_30095-nah-1536x819.jpg 1536w, https:\/\/www.endres-lighting.de\/el\/wp-content\/uploads\/2020\/04\/deckenpanel-P_30095-nah-700x373.jpg 700w, https:\/\/www.endres-lighting.de\/el\/wp-content\/uploads\/2020\/04\/deckenpanel-P_30095-nah-300x160.jpg 300w\" sizes=\"(max-width: 651px) 100vw, 651px\" \/><\/strong><\/p>\n<p><strong>Eigenschaften<br \/>\n<\/strong>\u2022 geringe Einbauh\u00f6he<br \/>\n\u2022 hohe Lichtausbeute<br \/>\n\u2022 besonders geeignet f\u00fcr den Einbau in Odenwald-Decken<br \/>\n\u2022 angenehmes und flackerfreies Licht<br \/>\n\u2022 zur Verwendung mit Pr\u00e4senzmelder (optional)<br \/>\n\u2022 auch als dimmbare Version mit Meanwell Treiber<br \/>\n\u2022 optional mit Aluminiumrahmen in wei\u00df oder silber<\/p>\n<p>&nbsp;<\/p>\n<p>&nbsp;<\/p>\n<p>&nbsp;<\/p>\n<p>&nbsp;<\/p>\n<p><strong><img decoding=\"async\" class=\"wp-image-2298 alignleft\" src=\"https:\/\/www.endres-lighting.de\/el\/wp-content\/uploads\/2020\/02\/DHL-Freight-gmbh-2.jpg\" alt=\"Das B\u00fcrogeb\u00e4ude der DHL Freight GmbH wurde mit LED-Panels ausgestattet.\" width=\"650\" height=\"361\" srcset=\"https:\/\/www.endres-lighting.de\/el\/wp-content\/uploads\/2020\/02\/DHL-Freight-gmbh-2.jpg 1100w, https:\/\/www.endres-lighting.de\/el\/wp-content\/uploads\/2020\/02\/DHL-Freight-gmbh-2-700x388.jpg 700w, https:\/\/www.endres-lighting.de\/el\/wp-content\/uploads\/2020\/02\/DHL-Freight-gmbh-2-300x166.jpg 300w, https:\/\/www.endres-lighting.de\/el\/wp-content\/uploads\/2020\/02\/DHL-Freight-gmbh-2-768x426.jpg 768w\" sizes=\"(max-width: 650px) 100vw, 650px\" \/><\/strong><\/p>\n<p>&nbsp;<\/p>\n<p><strong>Einsatzbereiche:<br \/>\n<\/strong>\u2022 B\u00fcro<br \/>\n\u2022 Besprechungsraum<br \/>\n\u2022 Flur<br \/>\n\u2022 Ausstellung<\/p>\n<p>&nbsp;<\/p>\n<p>&nbsp;<\/p>\n<p>&nbsp;<\/p>\n<p>&nbsp;<\/p>\n<p>&nbsp;<\/p>\n<p>&nbsp;<\/p>\n<p><img decoding=\"async\" class=\"alignleft wp-image-4542\" src=\"https:\/\/www.endres-lighting.de\/el\/wp-content\/uploads\/2020\/04\/deckenpanel-P_30095-data.jpg\" alt=\"\" width=\"688\" height=\"277\" \/><\/p>\n","protected":false},"excerpt":{"rendered":"<h5><span style=\"color: #808080;\">LED Deckenpanel &#8211; ein Pluspunkt f\u00fcr Umwelt und Gesundheit!<\/span><\/h5>\n","protected":false},"featured_media":4504,"template":"","meta":{"_crdt_document":"","_monsterinsights_skip_tracking":false,"_monsterinsights_sitenote_active":false,"_monsterinsights_sitenote_note":"","_monsterinsights_sitenote_category":0},"product_brand":[],"product_cat":[227],"product_tag":[237,235,234,230,233,231,236,228,232,229],"class_list":{"0":"post-4503","1":"product","2":"type-product","3":"status-publish","4":"has-post-thumbnail","6":"product_cat-led-panel","7":"product_tag-ausstellung","8":"product_tag-besprechungsraum","9":"product_tag-buero","10":"product_tag-deckenpanel","11":"product_tag-dimmbar","12":"product_tag-einbaupanel","13":"product_tag-flur","14":"product_tag-led-panel","15":"product_tag-odenwald-decke","16":"product_tag-panel","18":"first","19":"outofstock","20":"shipping-taxable","21":"product-type-variable"},"_links":{"self":[{"href":"https:\/\/www.endres-lighting.de\/el\/wp-json\/wp\/v2\/product\/4503","targetHints":{"allow":["GET"]}}],"collection":[{"href":"https:\/\/www.endres-lighting.de\/el\/wp-json\/wp\/v2\/product"}],"about":[{"href":"https:\/\/www.endres-lighting.de\/el\/wp-json\/wp\/v2\/types\/product"}],"wp:featuredmedia":[{"embeddable":true,"href":"https:\/\/www.endres-lighting.de\/el\/wp-json\/wp\/v2\/media\/4504"}],"wp:attachment":[{"href":"https:\/\/www.endres-lighting.de\/el\/wp-json\/wp\/v2\/media?parent=4503"}],"wp:term":[{"taxonomy":"product_brand","embeddable":true,"href":"https:\/\/www.endres-lighting.de\/el\/wp-json\/wp\/v2\/product_brand?post=4503"},{"taxonomy":"product_cat","embeddable":true,"href":"https:\/\/www.endres-lighting.de\/el\/wp-json\/wp\/v2\/product_cat?post=4503"},{"taxonomy":"product_tag","embeddable":true,"href":"https:\/\/www.endres-lighting.de\/el\/wp-json\/wp\/v2\/product_tag?post=4503"}],"curies":[{"name":"wp","href":"https:\/\/api.w.org\/{rel}","templated":true}]}}