{"id":4596,"date":"2020-04-29T09:56:44","date_gmt":"2020-04-29T07:56:44","guid":{"rendered":"https:\/\/www.endres-lighting.de\/wordpress\/?post_type=product&#038;p=4596"},"modified":"2023-04-20T10:15:07","modified_gmt":"2023-04-20T08:15:07","slug":"led-einbaupanel-eckig","status":"publish","type":"product","link":"https:\/\/www.endres-lighting.de\/el\/produkt\/led-einbaupanel-eckig\/","title":{"rendered":"LED Einbaupanel eckig"},"content":{"rendered":"<p>Bei der Ausleuchtung von Innenr\u00e4umen spielt LED Beleuchtung eine wichtige Rolle. Der Energieverbrauch ist deutlich geringer, die Lichtst\u00e4rke ist h\u00f6her und die langlebige LED punktet durch eine hohe Lebensdauer von bis zu 20.000 Stunden. Weitere Vorteile sind die geringe Einbau- und Aufbauh\u00f6he und der Wegfall einer W\u00e4rmeentwicklung.<\/p>\n<p><strong><img fetchpriority=\"high\" decoding=\"async\" class=\"alignleft wp-image-4615 \" src=\"https:\/\/www.endres-lighting.de\/el\/wp-content\/uploads\/2020\/04\/Einbau-Panel-quadrat-150x150mm-9w-4000k.jpg\" alt=\"\" width=\"651\" height=\"465\" \/><\/strong><\/p>\n<p>&nbsp;<\/p>\n<p>&nbsp;<\/p>\n<p><strong>Eigenschaften:<\/strong><br \/>\n\u2022 warme Licht-Atmosph\u00e4re und Betonung der Innenarchitektur<br \/>\n\u2022 angenehmes und flackerfreies Licht<\/p>\n<p>&nbsp;<\/p>\n<p>&nbsp;<\/p>\n<p>&nbsp;<\/p>\n<p>&nbsp;<\/p>\n<p>&nbsp;<\/p>\n<p><img decoding=\"async\" class=\"alignleft wp-image-4616 \" src=\"https:\/\/www.endres-lighting.de\/el\/wp-content\/uploads\/2020\/04\/Einbau-Panel-quadrat-150x150mm-9w-4000k-back.jpg\" alt=\"\" width=\"651\" height=\"267\" \/><\/p>\n<p>&nbsp;<\/p>\n<p>&nbsp;<\/p>\n<p>&nbsp;<\/p>\n<p>&nbsp;<\/p>\n<p>&nbsp;<\/p>\n<p>&nbsp;<\/p>\n<p>&nbsp;<\/p>\n<p>&nbsp;<\/p>\n<p>&nbsp;<\/p>\n<p>&nbsp;<\/p>\n<p><img decoding=\"async\" class=\"alignleft wp-image-4617 size-full\" src=\"https:\/\/www.endres-lighting.de\/el\/wp-content\/uploads\/2020\/04\/Data-einbaupanel-eckig-L-53690-53740.jpg\" alt=\"\" width=\"842\" height=\"390\" srcset=\"https:\/\/www.endres-lighting.de\/el\/wp-content\/uploads\/2020\/04\/Data-einbaupanel-eckig-L-53690-53740.jpg 842w, https:\/\/www.endres-lighting.de\/el\/wp-content\/uploads\/2020\/04\/Data-einbaupanel-eckig-L-53690-53740-768x356.jpg 768w, https:\/\/www.endres-lighting.de\/el\/wp-content\/uploads\/2020\/04\/Data-einbaupanel-eckig-L-53690-53740-700x324.jpg 700w, https:\/\/www.endres-lighting.de\/el\/wp-content\/uploads\/2020\/04\/Data-einbaupanel-eckig-L-53690-53740-300x139.jpg 300w\" sizes=\"(max-width: 842px) 100vw, 842px\" \/><\/p>\n","protected":false},"excerpt":{"rendered":"<h5>LED Einbaupanel eckig<\/h5>\n","protected":false},"featured_media":4615,"template":"","meta":{"_crdt_document":"","_monsterinsights_skip_tracking":false,"_monsterinsights_sitenote_active":false,"_monsterinsights_sitenote_note":"","_monsterinsights_sitenote_category":0},"product_brand":[],"product_cat":[227],"product_tag":[266,268,231,229,267],"class_list":{"0":"post-4596","1":"product","2":"type-product","3":"status-publish","4":"has-post-thumbnail","6":"product_cat-led-panel","7":"product_tag-aufbaupanel","8":"product_tag-eckig","9":"product_tag-einbaupanel","10":"product_tag-panel","11":"product_tag-rund","13":"first","14":"outofstock","15":"shipping-taxable","16":"product-type-variable"},"_links":{"self":[{"href":"https:\/\/www.endres-lighting.de\/el\/wp-json\/wp\/v2\/product\/4596","targetHints":{"allow":["GET"]}}],"collection":[{"href":"https:\/\/www.endres-lighting.de\/el\/wp-json\/wp\/v2\/product"}],"about":[{"href":"https:\/\/www.endres-lighting.de\/el\/wp-json\/wp\/v2\/types\/product"}],"wp:featuredmedia":[{"embeddable":true,"href":"https:\/\/www.endres-lighting.de\/el\/wp-json\/wp\/v2\/media\/4615"}],"wp:attachment":[{"href":"https:\/\/www.endres-lighting.de\/el\/wp-json\/wp\/v2\/media?parent=4596"}],"wp:term":[{"taxonomy":"product_brand","embeddable":true,"href":"https:\/\/www.endres-lighting.de\/el\/wp-json\/wp\/v2\/product_brand?post=4596"},{"taxonomy":"product_cat","embeddable":true,"href":"https:\/\/www.endres-lighting.de\/el\/wp-json\/wp\/v2\/product_cat?post=4596"},{"taxonomy":"product_tag","embeddable":true,"href":"https:\/\/www.endres-lighting.de\/el\/wp-json\/wp\/v2\/product_tag?post=4596"}],"curies":[{"name":"wp","href":"https:\/\/api.w.org\/{rel}","templated":true}]}}