{"id":4742,"date":"2020-06-03T11:27:21","date_gmt":"2020-06-03T09:27:21","guid":{"rendered":"https:\/\/www.endres-lighting.de\/wordpress\/?post_type=product&#038;p=4742"},"modified":"2023-04-20T10:50:31","modified_gmt":"2023-04-20T08:50:31","slug":"deckeneinbaustrahler-rund","status":"publish","type":"product","link":"https:\/\/www.endres-lighting.de\/el\/produkt\/deckeneinbaustrahler-rund\/","title":{"rendered":"Einbaustrahler rund"},"content":{"rendered":"<h4><span style=\"color: #808080;\">LED-Einbaustrahler bieten viele Gestaltungs- und Designm\u00f6glichkeiten f\u00fcr die Beleuchtung Ihrer R\u00e4ume. Sie k\u00f6nnen in Wand oder Decke eingebaut werden. Durch den um 15\u00b0 schwenkbaren Einsatz, durch den Sie die Richtung des Lichtstrahls variieren k\u00f6nnen, sind sie individuell an Ihr Raumkonzept anpassbar. LED Einbaustrahler sind in wei\u00df oder Metall, rund oder eckig erh\u00e4ltlich.<\/span><\/h4>\n<p>LED Deckeneinbaustrahler\/ Einbaustrahler \/ Downlights &#8211; rund \u00d8 83 x 55 mm<\/p>\n<h4><a href=\"https:\/\/www.endres-lighting.de\/el\/wp-content\/uploads\/2020\/06\/deckeneinbauleuchte-rund-L-53902-F.jpg\"><img fetchpriority=\"high\" decoding=\"async\" class=\"alignleft wp-image-4767\" src=\"https:\/\/www.endres-lighting.de\/el\/wp-content\/uploads\/2020\/06\/deckeneinbauleuchte-rund-L-53902-F.jpg\" alt=\"\" width=\"506\" height=\"277\" \/><\/a><a href=\"https:\/\/www.endres-lighting.de\/el\/wp-content\/uploads\/2020\/06\/deckeneinbauleuchte-rund-metall-L-53902-SF.jpg\"><img decoding=\"async\" class=\"alignleft wp-image-4759\" src=\"https:\/\/www.endres-lighting.de\/el\/wp-content\/uploads\/2020\/06\/deckeneinbauleuchte-rund-metall-L-53902-SF.jpg\" alt=\"\" width=\"509\" height=\"272\" srcset=\"https:\/\/www.endres-lighting.de\/el\/wp-content\/uploads\/2020\/06\/deckeneinbauleuchte-rund-metall-L-53902-SF.jpg 1920w, https:\/\/www.endres-lighting.de\/el\/wp-content\/uploads\/2020\/06\/deckeneinbauleuchte-rund-metall-L-53902-SF-768x410.jpg 768w, https:\/\/www.endres-lighting.de\/el\/wp-content\/uploads\/2020\/06\/deckeneinbauleuchte-rund-metall-L-53902-SF-1536x819.jpg 1536w, https:\/\/www.endres-lighting.de\/el\/wp-content\/uploads\/2020\/06\/deckeneinbauleuchte-rund-metall-L-53902-SF-700x373.jpg 700w, https:\/\/www.endres-lighting.de\/el\/wp-content\/uploads\/2020\/06\/deckeneinbauleuchte-rund-metall-L-53902-SF-300x160.jpg 300w\" sizes=\"(max-width: 509px) 100vw, 509px\" \/><\/a><\/h4>\n<p>&nbsp;<\/p>\n<p>&nbsp;<\/p>\n<p>&nbsp;<\/p>\n<p>&nbsp;<\/p>\n<p>&nbsp;<\/p>\n<p>&nbsp;<\/p>\n<p>&nbsp;<\/p>\n<hr class=\" rule-thin osc-rule\" \/>\n<h4><\/h4>\n<h4><a href=\"https:\/\/www.endres-lighting.de\/el\/wp-content\/uploads\/2020\/06\/deckeneinbauleuchte-rund-L-53902-F-perspektive.jpg\"><img decoding=\"async\" class=\"alignleft wp-image-4760\" src=\"https:\/\/www.endres-lighting.de\/el\/wp-content\/uploads\/2020\/06\/deckeneinbauleuchte-rund-L-53902-F-perspektive.jpg\" alt=\"\" width=\"601\" height=\"335\" \/><\/a>Eigenschaften:<\/h4>\n<p>\u2022 mit externem Netzteil<br \/>\n\u2022 besonders geeignet f\u00fcr den Einbau in abgehangenen Decken<br \/>\n\u2022 schwenkbar um 15\u00b0<br \/>\n\u2022 Angenehmes und flackerfreies Licht<\/p>\n<p>&nbsp;<\/p>\n<h4>Einsatzbereiche:<\/h4>\n<p>\u2022 Wohnr\u00e4ume<br \/>\n\u2022 B\u00fcro, Arbeitsplatz<br \/>\n\u2022 Ausstellungen<br \/>\n\u2022 Flur und Treppenhaus<\/p>\n<p>&nbsp;<\/p>\n<p><a href=\"https:\/\/www.endres-lighting.de\/el\/wp-content\/uploads\/2020\/06\/deckeneinbauleuchte-downlights-techdata.jpg\"><img loading=\"lazy\" decoding=\"async\" class=\"alignleft wp-image-4771\" src=\"https:\/\/www.endres-lighting.de\/el\/wp-content\/uploads\/2020\/06\/deckeneinbauleuchte-downlights-techdata.jpg\" alt=\"\" width=\"846\" height=\"418\" \/><\/a><\/p>\n","protected":false},"excerpt":{"rendered":"<h5>Einbaustrahler rund<\/h5>\n","protected":false},"featured_media":4767,"template":"","meta":{"_crdt_document":"","_monsterinsights_skip_tracking":false,"_monsterinsights_sitenote_active":false,"_monsterinsights_sitenote_note":"","_monsterinsights_sitenote_category":0},"product_brand":[],"product_cat":[284],"product_tag":[289,288],"class_list":{"0":"post-4742","1":"product","2":"type-product","3":"status-publish","4":"has-post-thumbnail","6":"product_cat-deckeneinbaustrahler","7":"product_tag-downlights","8":"product_tag-einbaustrahler","10":"first","11":"outofstock","12":"shipping-taxable","13":"product-type-variable"},"_links":{"self":[{"href":"https:\/\/www.endres-lighting.de\/el\/wp-json\/wp\/v2\/product\/4742","targetHints":{"allow":["GET"]}}],"collection":[{"href":"https:\/\/www.endres-lighting.de\/el\/wp-json\/wp\/v2\/product"}],"about":[{"href":"https:\/\/www.endres-lighting.de\/el\/wp-json\/wp\/v2\/types\/product"}],"wp:featuredmedia":[{"embeddable":true,"href":"https:\/\/www.endres-lighting.de\/el\/wp-json\/wp\/v2\/media\/4767"}],"wp:attachment":[{"href":"https:\/\/www.endres-lighting.de\/el\/wp-json\/wp\/v2\/media?parent=4742"}],"wp:term":[{"taxonomy":"product_brand","embeddable":true,"href":"https:\/\/www.endres-lighting.de\/el\/wp-json\/wp\/v2\/product_brand?post=4742"},{"taxonomy":"product_cat","embeddable":true,"href":"https:\/\/www.endres-lighting.de\/el\/wp-json\/wp\/v2\/product_cat?post=4742"},{"taxonomy":"product_tag","embeddable":true,"href":"https:\/\/www.endres-lighting.de\/el\/wp-json\/wp\/v2\/product_tag?post=4742"}],"curies":[{"name":"wp","href":"https:\/\/api.w.org\/{rel}","templated":true}]}}