{"id":4778,"date":"2020-06-17T08:23:32","date_gmt":"2020-06-17T06:23:32","guid":{"rendered":"https:\/\/www.endres-lighting.de\/wordpress\/?post_type=product&#038;p=4778"},"modified":"2023-04-20T11:04:51","modified_gmt":"2023-04-20T09:04:51","slug":"einbaustrahler-rund-optional-mit-ronde","status":"publish","type":"product","link":"https:\/\/www.endres-lighting.de\/el\/produkt\/einbaustrahler-rund-optional-mit-ronde\/","title":{"rendered":"Einbaustrahler rund &#8211; optional mit Ronde"},"content":{"rendered":"<h4><span style=\"color: #808080;\">LED-Einbaustrahler bieten viele Gestaltungs- und Designm\u00f6glichkeiten f\u00fcr die Beleuchtung Ihrer R\u00e4ume. Sie k\u00f6nnen in Wand oder Decke eingebaut werden. Durch den um 15\u00b0 schwenkbaren Einsatz, durch den Sie die Richtung des Lichtstrahls variieren k\u00f6nnen, sind sie individuell an Ihr Raumkonzept anpassbar. Beide Gr\u00f6\u00dfen sind optional mit einer Ronde aus geb\u00fcrstetem Edelstahl erh\u00e4ltlich.<\/span><\/h4>\n<p>LED Deckeneinbaustrahler\/ Einbaustrahler \/ Downlights &#8211; rund<\/p>\n<h4><a href=\"https:\/\/www.endres-lighting.de\/el\/wp-content\/uploads\/2020\/06\/Deckeneinbaustrahler-opt-Ronde-L-53900_F.jpg\"><img fetchpriority=\"high\" decoding=\"async\" class=\"alignleft wp-image-4781\" src=\"https:\/\/www.endres-lighting.de\/el\/wp-content\/uploads\/2020\/06\/Deckeneinbaustrahler-opt-Ronde-L-53900_F.jpg\" alt=\"\" width=\"510\" height=\"279\" \/><\/a><a href=\"https:\/\/www.endres-lighting.de\/el\/wp-content\/uploads\/2020\/06\/Deckeneinbaustrahler-opt-Ronde-L-53904_F.jpg\"><img decoding=\"async\" class=\"alignleft wp-image-4782\" src=\"https:\/\/www.endres-lighting.de\/el\/wp-content\/uploads\/2020\/06\/Deckeneinbaustrahler-opt-Ronde-L-53904_F.jpg\" alt=\"\" width=\"525\" height=\"277\" \/><\/a><\/h4>\n<h4><\/h4>\n<p>&nbsp;<\/p>\n<p>&nbsp;<\/p>\n<p>&nbsp;<\/p>\n<p>&nbsp;<\/p>\n<p>&nbsp;<\/p>\n<p>&nbsp;<\/p>\n<p>&nbsp;<\/p>\n<p>&nbsp;<\/p>\n<hr class=\" rule-thin osc-rule\" \/>\n<h4><a href=\"https:\/\/www.endres-lighting.de\/el\/wp-content\/uploads\/2020\/06\/Deckeneinbaustrahler-L-53900_F_mit_ronde.jpg\"><img decoding=\"async\" class=\"alignleft wp-image-4784\" src=\"https:\/\/www.endres-lighting.de\/el\/wp-content\/uploads\/2020\/06\/Deckeneinbaustrahler-L-53900_F_mit_ronde.jpg\" alt=\"\" width=\"712\" height=\"388\" \/><\/a><\/h4>\n<p>&nbsp;<\/p>\n<h4>Eigenschaften:<\/h4>\n<p>\u2022 mit externem Netzteil<br \/>\n\u2022 besonders geeignet f\u00fcr den Einbau in abgehangenen Decken<br \/>\n\u2022 schwenkbar um 15\u00b0<br \/>\n\u2022 Angenehmes und flackerfreies Licht<\/p>\n<h4>Einsatzbereiche:<\/h4>\n<p>\u2022 Wohnr\u00e4ume<br \/>\n\u2022 B\u00fcro, Arbeitsplatz<br \/>\n\u2022 Ausstellungen<br \/>\n\u2022 Flur und Treppenhaus<\/p>\n<p>&nbsp;<\/p>\n<p>&nbsp;<\/p>\n<p>&nbsp;<\/p>\n<p>Beide Gr\u00f6\u00dfen sind optional mit einer Ronde aus geb\u00fcrstetem Edelstahl erh\u00e4ltlich. Sprechen Sie uns an!<\/p>\n<p>&nbsp;<\/p>\n<p><img loading=\"lazy\" decoding=\"async\" class=\"wp-image-4783 alignleft\" src=\"https:\/\/www.endres-lighting.de\/el\/wp-content\/uploads\/2020\/06\/Deckeneinbaustrahler-Techdata-L-53900-L53904_F_mit_ronde.jpg\" alt=\"\" width=\"393\" height=\"524\" \/><\/p>\n<p>&nbsp;<\/p>\n","protected":false},"excerpt":{"rendered":"<h5>Einbaustrahler rund &#8211; optional mit Ronde<\/h5>\n","protected":false},"featured_media":4784,"template":"","meta":{"_crdt_document":"","_monsterinsights_skip_tracking":false,"_monsterinsights_sitenote_active":false,"_monsterinsights_sitenote_note":"","_monsterinsights_sitenote_category":0},"product_brand":[],"product_cat":[294],"product_tag":[289,288],"class_list":{"0":"post-4778","1":"product","2":"type-product","3":"status-publish","4":"has-post-thumbnail","6":"product_cat-einbaustrahler","7":"product_tag-downlights","8":"product_tag-einbaustrahler","10":"first","11":"outofstock","12":"shipping-taxable","13":"product-type-variable"},"_links":{"self":[{"href":"https:\/\/www.endres-lighting.de\/el\/wp-json\/wp\/v2\/product\/4778","targetHints":{"allow":["GET"]}}],"collection":[{"href":"https:\/\/www.endres-lighting.de\/el\/wp-json\/wp\/v2\/product"}],"about":[{"href":"https:\/\/www.endres-lighting.de\/el\/wp-json\/wp\/v2\/types\/product"}],"wp:featuredmedia":[{"embeddable":true,"href":"https:\/\/www.endres-lighting.de\/el\/wp-json\/wp\/v2\/media\/4784"}],"wp:attachment":[{"href":"https:\/\/www.endres-lighting.de\/el\/wp-json\/wp\/v2\/media?parent=4778"}],"wp:term":[{"taxonomy":"product_brand","embeddable":true,"href":"https:\/\/www.endres-lighting.de\/el\/wp-json\/wp\/v2\/product_brand?post=4778"},{"taxonomy":"product_cat","embeddable":true,"href":"https:\/\/www.endres-lighting.de\/el\/wp-json\/wp\/v2\/product_cat?post=4778"},{"taxonomy":"product_tag","embeddable":true,"href":"https:\/\/www.endres-lighting.de\/el\/wp-json\/wp\/v2\/product_tag?post=4778"}],"curies":[{"name":"wp","href":"https:\/\/api.w.org\/{rel}","templated":true}]}}