{"id":4843,"date":"2020-06-24T08:27:39","date_gmt":"2020-06-24T06:27:39","guid":{"rendered":"https:\/\/www.endres-lighting.de\/wordpress\/?post_type=product&#038;p=4843"},"modified":"2026-01-13T14:17:19","modified_gmt":"2026-01-13T13:17:19","slug":"led-hallenstrahler-prodoris-high-bay","status":"publish","type":"product","link":"https:\/\/www.endres-lighting.de\/el\/produkt\/led-hallenstrahler-prodoris-high-bay\/","title":{"rendered":"LED Hallenstrahler Prodoris &#8211; High Bay"},"content":{"rendered":"<h4><span style=\"color: #808080;\">Die Prodoris High Bay Leuchte verwendet ein patentiertes Linsensystem, das eine Lichtdurchl\u00e4ssigkeit 95% erreicht. Dar\u00fcber hinaus sind die Abmessungen der Lampe minimiert und die W\u00e4rmeableitung gleichzeitig verbessert. Die Leuchte kann auf verschiedene Weise installiert werden. Die LED werden mit einem Meanwell-Treiber betrieben.<\/span><\/h4>\n<h4><img fetchpriority=\"high\" decoding=\"async\" class=\"alignleft wp-image-4852 \" src=\"https:\/\/www.endres-lighting.de\/el\/wp-content\/uploads\/2020\/06\/Prodoris-High-Bay.jpg\" alt=\"\" width=\"525\" height=\"265\" \/><img decoding=\"async\" class=\"alignleft wp-image-4850 \" src=\"https:\/\/www.endres-lighting.de\/el\/wp-content\/uploads\/2020\/06\/Prodoris-High-Bay-3.jpg\" alt=\"\" width=\"525\" height=\"275\" \/><\/h4>\n<h4><\/h4>\n<p>&nbsp;<\/p>\n<p>&nbsp;<\/p>\n<p>&nbsp;<\/p>\n<p>&nbsp;<\/p>\n<p>&nbsp;<\/p>\n<p>&nbsp;<\/p>\n<p>&nbsp;<\/p>\n<p>&nbsp;<\/p>\n<hr class=\" rule-thin osc-rule\" \/>\n<h4><img decoding=\"async\" class=\"alignleft wp-image-4851 \" src=\"https:\/\/www.endres-lighting.de\/el\/wp-content\/uploads\/2020\/06\/Prodoris-High-Bay-2.jpg\" alt=\"\" width=\"720\" height=\"376\" \/><\/h4>\n<h4>Eigenschaften:<\/h4>\n<p>\u00b7 Patentiertes Linsensystem<br \/>\n\u00b7 3 verschiedene Abstrahlwinkel in 4000 K und 5000 K lieferbar<br \/>\n\u00b7 Verschiedene Installationsm\u00f6glichkeiten<br \/>\n\u00b7 gesch\u00fctzt gegen Strahlwasser<br \/>\n\u00b7 Mean Well Treiber &#8211; 5 Jahre Garantie!<br \/>\n\u00b7 lange Lebensdauer, dabei wartungsfrei<br \/>\n\u00b7 keine UV- oder sonstige Strahlung<\/p>\n<h4>Einsatzbereiche:<\/h4>\n<p>Die Prodoris LED High Bay Leuchte eignet sich f\u00fcr viele Einsatzbereiche, beispielsweise in Ausstellungshallen, Tankstellen, Industriegeb\u00e4uden, Lagerhallen, Einkaufszentren, Sport- oder Schwimmhallen und auch in gesch\u00fctzen Au\u00dfenbereichen<br \/>\n(Semi Outdoor).<\/p>\n<p>&nbsp;<\/p>\n<hr class=\" rule-thin osc-rule\" \/>\n<p><img loading=\"lazy\" decoding=\"async\" class=\"wp-image-4857 aligncenter\" src=\"https:\/\/www.endres-lighting.de\/el\/wp-content\/uploads\/2020\/06\/prodoris-Installationsmoeglich-abstrahlwinkel.jpg\" alt=\"\" width=\"815\" height=\"388\" \/><\/p>\n<p>&nbsp;<\/p>\n<hr class=\" rule-thin osc-rule\" \/>\n<p><img loading=\"lazy\" decoding=\"async\" class=\"wp-image-4853 aligncenter\" src=\"https:\/\/www.endres-lighting.de\/el\/wp-content\/uploads\/2020\/06\/Prodoris-High-Bay-explosion.jpg\" alt=\"\" width=\"1060\" height=\"565\" srcset=\"https:\/\/www.endres-lighting.de\/el\/wp-content\/uploads\/2020\/06\/Prodoris-High-Bay-explosion.jpg 1920w, https:\/\/www.endres-lighting.de\/el\/wp-content\/uploads\/2020\/06\/Prodoris-High-Bay-explosion-768x410.jpg 768w, https:\/\/www.endres-lighting.de\/el\/wp-content\/uploads\/2020\/06\/Prodoris-High-Bay-explosion-1536x819.jpg 1536w, https:\/\/www.endres-lighting.de\/el\/wp-content\/uploads\/2020\/06\/Prodoris-High-Bay-explosion-700x373.jpg 700w, https:\/\/www.endres-lighting.de\/el\/wp-content\/uploads\/2020\/06\/Prodoris-High-Bay-explosion-300x160.jpg 300w\" sizes=\"(max-width: 1060px) 100vw, 1060px\" \/><\/p>\n<hr class=\" rule-thin osc-rule\" \/>\n<p><img loading=\"lazy\" decoding=\"async\" class=\"alignleft wp-image-4892 \" src=\"https:\/\/www.endres-lighting.de\/el\/wp-content\/uploads\/2020\/06\/prodoris-high-bay-techdata-2-4.jpg\" alt=\"\" width=\"840\" height=\"769\" \/><\/p>\n<p>&nbsp;<\/p>\n<p>&nbsp;<\/p>\n<p>&nbsp;<\/p>\n<p><img loading=\"lazy\" decoding=\"async\" class=\"alignleft wp-image-4893\" src=\"https:\/\/www.endres-lighting.de\/el\/wp-content\/uploads\/2020\/06\/Prodoris-High-Bay-dimensions-1.jpg\" alt=\"\" width=\"218\" height=\"350\" \/><\/p>\n","protected":false},"excerpt":{"rendered":"<h5>LED Hallenstrahler Prodoris &#8211; High Bay<\/h5>\n","protected":false},"featured_media":4852,"template":"","meta":{"_crdt_document":"","_monsterinsights_skip_tracking":false,"_monsterinsights_sitenote_active":false,"_monsterinsights_sitenote_note":"","_monsterinsights_sitenote_category":0},"product_brand":[],"product_cat":[43],"product_tag":[301,303,302],"class_list":{"0":"post-4843","1":"product","2":"type-product","3":"status-publish","4":"has-post-thumbnail","6":"product_cat-unkategorisiert","7":"product_tag-hallenstrahler","8":"product_tag-icepipe","9":"product_tag-led-strahler","11":"first","12":"outofstock","13":"shipping-taxable","14":"product-type-variable"},"_links":{"self":[{"href":"https:\/\/www.endres-lighting.de\/el\/wp-json\/wp\/v2\/product\/4843","targetHints":{"allow":["GET"]}}],"collection":[{"href":"https:\/\/www.endres-lighting.de\/el\/wp-json\/wp\/v2\/product"}],"about":[{"href":"https:\/\/www.endres-lighting.de\/el\/wp-json\/wp\/v2\/types\/product"}],"wp:featuredmedia":[{"embeddable":true,"href":"https:\/\/www.endres-lighting.de\/el\/wp-json\/wp\/v2\/media\/4852"}],"wp:attachment":[{"href":"https:\/\/www.endres-lighting.de\/el\/wp-json\/wp\/v2\/media?parent=4843"}],"wp:term":[{"taxonomy":"product_brand","embeddable":true,"href":"https:\/\/www.endres-lighting.de\/el\/wp-json\/wp\/v2\/product_brand?post=4843"},{"taxonomy":"product_cat","embeddable":true,"href":"https:\/\/www.endres-lighting.de\/el\/wp-json\/wp\/v2\/product_cat?post=4843"},{"taxonomy":"product_tag","embeddable":true,"href":"https:\/\/www.endres-lighting.de\/el\/wp-json\/wp\/v2\/product_tag?post=4843"}],"curies":[{"name":"wp","href":"https:\/\/api.w.org\/{rel}","templated":true}]}}