{"id":4894,"date":"2020-06-25T10:31:26","date_gmt":"2020-06-25T08:31:26","guid":{"rendered":"https:\/\/www.endres-lighting.de\/wordpress\/?post_type=product&#038;p=4894"},"modified":"2024-05-02T15:09:22","modified_gmt":"2024-05-02T13:09:22","slug":"led-hallenstrahler-sali-high-bay","status":"publish","type":"product","link":"https:\/\/www.endres-lighting.de\/el\/produkt\/led-hallenstrahler-sali-high-bay\/","title":{"rendered":"LED Hallenstrahler Sali High Bay"},"content":{"rendered":"<h4><span style=\"color: #808080;\">LED Hallenstrahler Sali ist einfach mit E39 \/ E40 Sockel zu installieren und eignet sich als Ersatz von 500W \/ 750W Natriumdampflampen. Die Oberfl\u00e4che der Leuchte ist mit einer Antikorrosionsbeschichtung ausgestattet. Sali High Bay hat zudem eine maximierte W\u00e4rmeableitfl\u00e4che, die zu einer l\u00e4ngeren Lebensdauer der Leuchte beitr\u00e4gt.<\/span><\/h4>\n<h4><img fetchpriority=\"high\" decoding=\"async\" class=\"wp-image-4900 aligncenter\" src=\"https:\/\/www.endres-lighting.de\/el\/wp-content\/uploads\/2020\/06\/Sali-High-Bay-Titel.jpg\" alt=\"\" width=\"1036\" height=\"539\" \/><\/h4>\n<hr class=\" rule-thin osc-rule\" \/>\n<h4><img decoding=\"async\" class=\"wp-image-4908 aligncenter\" src=\"https:\/\/www.endres-lighting.de\/el\/wp-content\/uploads\/2020\/06\/Sali-High-Bay-Explosionszeichnung-quer-1.jpg\" alt=\"\" width=\"979\" height=\"523\" srcset=\"https:\/\/www.endres-lighting.de\/el\/wp-content\/uploads\/2020\/06\/Sali-High-Bay-Explosionszeichnung-quer-1.jpg 1920w, https:\/\/www.endres-lighting.de\/el\/wp-content\/uploads\/2020\/06\/Sali-High-Bay-Explosionszeichnung-quer-1-768x410.jpg 768w, https:\/\/www.endres-lighting.de\/el\/wp-content\/uploads\/2020\/06\/Sali-High-Bay-Explosionszeichnung-quer-1-1536x819.jpg 1536w, https:\/\/www.endres-lighting.de\/el\/wp-content\/uploads\/2020\/06\/Sali-High-Bay-Explosionszeichnung-quer-1-700x373.jpg 700w, https:\/\/www.endres-lighting.de\/el\/wp-content\/uploads\/2020\/06\/Sali-High-Bay-Explosionszeichnung-quer-1-300x160.jpg 300w\" sizes=\"(max-width: 979px) 100vw, 979px\" \/><\/h4>\n<hr class=\" rule-thin osc-rule\" \/>\n<h4><img decoding=\"async\" class=\"alignleft wp-image-4903\" src=\"https:\/\/www.endres-lighting.de\/el\/wp-content\/uploads\/2020\/06\/spacer-hochformat-100px-breit.jpg\" alt=\"\" width=\"157\" height=\"393\" \/><img loading=\"lazy\" decoding=\"async\" class=\"alignleft wp-image-4899 \" src=\"https:\/\/www.endres-lighting.de\/el\/wp-content\/uploads\/2020\/06\/Sali-High-Bay-Diagramm.jpg\" alt=\"\" width=\"273\" height=\"367\" \/><\/h4>\n<h4><img loading=\"lazy\" decoding=\"async\" class=\"alignleft size-full wp-image-4903\" src=\"https:\/\/www.endres-lighting.de\/el\/wp-content\/uploads\/2020\/06\/spacer-hochformat-100px-breit.jpg\" alt=\"\" width=\"100\" height=\"250\" \/><br \/>\nEigenschaften:<\/h4>\n<p>\u2022 Einfach zu installieren durch E39\/E40 Sockel<br \/>\n\u2022 Antikorrosionsbeschichtete Oberfl\u00e4che<br \/>\n\u2022 maximierte W\u00e4rmeableitfl\u00e4che<\/p>\n<h4>Einsatzbereiche:<\/h4>\n<p>\u2022 Einkaufszentrum<br \/>\n\u2022 Bahnhof, Flughafen<br \/>\n\u2022 Lager-, Logistik- und Produktionshalle<\/p>\n<p>&nbsp;<\/p>\n<p>&nbsp;<\/p>\n<p>&nbsp;<\/p>\n<hr class=\" rule-thin osc-rule\" \/>\n<p><img loading=\"lazy\" decoding=\"async\" class=\"alignleft wp-image-4905 \" src=\"https:\/\/www.endres-lighting.de\/el\/wp-content\/uploads\/2020\/06\/Sali-High-Bay-Techdata.jpg\" alt=\"\" width=\"363\" height=\"289\" \/><\/p>\n<p>&nbsp;<\/p>\n","protected":false},"excerpt":{"rendered":"<h5>LED Hallenstrahler Sali High Bay<\/h5>\n","protected":false},"featured_media":4900,"template":"","meta":{"_crdt_document":"","_monsterinsights_skip_tracking":false,"_monsterinsights_sitenote_active":false,"_monsterinsights_sitenote_note":"","_monsterinsights_sitenote_category":0},"product_brand":[],"product_cat":[297,309,330],"product_tag":[301,303,302],"class_list":{"0":"post-4894","1":"product","2":"type-product","3":"status-publish","4":"has-post-thumbnail","6":"product_cat-hallenstrahler","7":"product_cat-led-leuchtmittel-mit-e-sockel","8":"product_cat-leuchtmittel-mit-e-27-sockel","9":"product_tag-hallenstrahler","10":"product_tag-icepipe","11":"product_tag-led-strahler","13":"first","14":"outofstock","15":"shipping-taxable","16":"product-type-variable"},"_links":{"self":[{"href":"https:\/\/www.endres-lighting.de\/el\/wp-json\/wp\/v2\/product\/4894","targetHints":{"allow":["GET"]}}],"collection":[{"href":"https:\/\/www.endres-lighting.de\/el\/wp-json\/wp\/v2\/product"}],"about":[{"href":"https:\/\/www.endres-lighting.de\/el\/wp-json\/wp\/v2\/types\/product"}],"wp:featuredmedia":[{"embeddable":true,"href":"https:\/\/www.endres-lighting.de\/el\/wp-json\/wp\/v2\/media\/4900"}],"wp:attachment":[{"href":"https:\/\/www.endres-lighting.de\/el\/wp-json\/wp\/v2\/media?parent=4894"}],"wp:term":[{"taxonomy":"product_brand","embeddable":true,"href":"https:\/\/www.endres-lighting.de\/el\/wp-json\/wp\/v2\/product_brand?post=4894"},{"taxonomy":"product_cat","embeddable":true,"href":"https:\/\/www.endres-lighting.de\/el\/wp-json\/wp\/v2\/product_cat?post=4894"},{"taxonomy":"product_tag","embeddable":true,"href":"https:\/\/www.endres-lighting.de\/el\/wp-json\/wp\/v2\/product_tag?post=4894"}],"curies":[{"name":"wp","href":"https:\/\/api.w.org\/{rel}","templated":true}]}}