{"id":4909,"date":"2020-06-25T11:38:54","date_gmt":"2020-06-25T09:38:54","guid":{"rendered":"https:\/\/www.endres-lighting.de\/wordpress\/?post_type=product&#038;p=4909"},"modified":"2023-04-20T11:52:16","modified_gmt":"2023-04-20T09:52:16","slug":"led-hallenstrahler-sega","status":"publish","type":"product","link":"https:\/\/www.endres-lighting.de\/el\/produkt\/led-hallenstrahler-sega\/","title":{"rendered":"LED Hallenstrahler Sega"},"content":{"rendered":"<h4><span style=\"color: #808080;\">LED Hallenstrahler Sega punktet mit einer einzigartigen Effizienz von 150 lm\/Watt. Das Geh\u00e4use besteht aus Aluminium, pulverbeschichtet, die Abdeckung aus geh\u00e4rtetem Glas (klar). Sega LED Hallenstrahler ist Ballwurfsicher und eignet sich zum Einsatz in gef\u00e4hrdeten Bereichen, wie Sportanlagen, Arenen und Produktionshallen.<\/span><\/h4>\n<h4><img fetchpriority=\"high\" decoding=\"async\" class=\"alignleft wp-image-4918 \" src=\"https:\/\/www.endres-lighting.de\/el\/wp-content\/uploads\/2020\/06\/SEGA_LED-Hallenstrahler.jpg\" alt=\"\" width=\"543\" height=\"291\" srcset=\"https:\/\/www.endres-lighting.de\/el\/wp-content\/uploads\/2020\/06\/SEGA_LED-Hallenstrahler.jpg 1920w, https:\/\/www.endres-lighting.de\/el\/wp-content\/uploads\/2020\/06\/SEGA_LED-Hallenstrahler-768x410.jpg 768w, https:\/\/www.endres-lighting.de\/el\/wp-content\/uploads\/2020\/06\/SEGA_LED-Hallenstrahler-1536x819.jpg 1536w, https:\/\/www.endres-lighting.de\/el\/wp-content\/uploads\/2020\/06\/SEGA_LED-Hallenstrahler-300x160.jpg 300w\" sizes=\"(max-width: 543px) 100vw, 543px\" \/><img decoding=\"async\" class=\"alignleft wp-image-4919 \" src=\"https:\/\/www.endres-lighting.de\/el\/wp-content\/uploads\/2020\/06\/SEGA_LED-Hallenstrahler-von-oben-1.jpg\" alt=\"\" width=\"518\" height=\"272\" \/><\/h4>\n<h4><\/h4>\n<p>&nbsp;<\/p>\n<p>&nbsp;<\/p>\n<p>&nbsp;<\/p>\n<p>&nbsp;<\/p>\n<p>&nbsp;<\/p>\n<p>&nbsp;<\/p>\n<p>&nbsp;<\/p>\n<p>&nbsp;<\/p>\n<p>&nbsp;<\/p>\n<hr class=\" rule-thin osc-rule\" \/>\n<h4><img decoding=\"async\" class=\"alignleft wp-image-4915 \" src=\"https:\/\/www.endres-lighting.de\/el\/wp-content\/uploads\/2020\/06\/SEGA_LED-Detail-2.jpg\" alt=\"\" width=\"795\" height=\"510\" \/><\/h4>\n<h4><strong>Eigenschaften:<\/strong><\/h4>\n<p>\u2022 Geh\u00e4use aus Aluminium<br \/>\n\u2022 Abdeckung aus geh\u00e4rtetem Glas 3,2T (klar)<br \/>\n\u2022 Pulverbeschichtung<br \/>\n\u2022 Montage mit Kette oder Stab<br \/>\n\u2022 Lichtverteilung 80 oder 130 Grad (symmetrisch)<br \/>\n\u2022 Kontrollsystem: drahtlos (ZigBee)\/Sensor (Tageslichtabh\u00e4ngig), Kabel (0-10V)<\/p>\n<h4><strong>Merkmale:<\/strong><\/h4>\n<p>\u2022 einzigartige Effizienz von 150 lm\/W<br \/>\n\u2022 vertikale Str\u00f6mungsk\u00fchlung<br \/>\n\u2022 Kabelgebundenes\/drahtloses Licht-Kontrollsystem<br \/>\n\u2022 Individuelle K\u00fchlstruktur<\/p>\n<h4><strong>Einsatzbereiche:<\/strong><\/h4>\n<p>\u2022 Gro\u00dfm\u00e4rkte<br \/>\n\u2022 Sportarena, Sporthallen<br \/>\n\u2022 Fabrik-, Logistik-, Produktions- und Lagerhallen<br \/>\n\u2022 Flughafen, Bahnh\u00f6fe<\/p>\n<p>&nbsp;<\/p>\n<h4><\/h4>\n<hr class=\" rule-thin osc-rule\" \/>\n<p><img loading=\"lazy\" decoding=\"async\" class=\"wp-image-4914 aligncenter\" src=\"https:\/\/www.endres-lighting.de\/el\/wp-content\/uploads\/2020\/06\/SEGA_an-Kette.jpg\" alt=\"\" width=\"989\" height=\"518\" \/><\/p>\n<hr class=\" rule-thin osc-rule\" \/>\n<p><img loading=\"lazy\" decoding=\"async\" class=\"alignleft wp-image-5730 size-full\" src=\"https:\/\/www.endres-lighting.de\/el\/wp-content\/uploads\/2020\/06\/P-78315-78325-Sega-100_130_160-Infoblatt.jpg\" alt=\"\" width=\"417\" height=\"310\" srcset=\"https:\/\/www.endres-lighting.de\/el\/wp-content\/uploads\/2020\/06\/P-78315-78325-Sega-100_130_160-Infoblatt.jpg 417w, https:\/\/www.endres-lighting.de\/el\/wp-content\/uploads\/2020\/06\/P-78315-78325-Sega-100_130_160-Infoblatt-300x223.jpg 300w\" sizes=\"(max-width: 417px) 100vw, 417px\" \/><img loading=\"lazy\" decoding=\"async\" class=\"alignleft wp-image-4903\" src=\"https:\/\/www.endres-lighting.de\/el\/wp-content\/uploads\/2020\/06\/spacer-hochformat-100px-breit.jpg\" alt=\"\" width=\"49\" height=\"136\" \/><\/p>\n<p><img loading=\"lazy\" decoding=\"async\" class=\"alignleft wp-image-4920\" src=\"https:\/\/www.endres-lighting.de\/el\/wp-content\/uploads\/2020\/06\/Sega-Beispiel.jpg\" alt=\"\" width=\"473\" height=\"249\" \/><\/p>\n<p>&nbsp;<\/p>\n<p>&nbsp;<\/p>\n<p>&nbsp;<\/p>\n<p>&nbsp;<\/p>\n<p>&nbsp;<\/p>\n<p>&nbsp;<\/p>\n<p>&nbsp;<\/p>\n<p><img loading=\"lazy\" decoding=\"async\" class=\"alignleft wp-image-4903\" src=\"https:\/\/www.endres-lighting.de\/el\/wp-content\/uploads\/2020\/06\/spacer-hochformat-100px-breit.jpg\" alt=\"\" width=\"36\" height=\"110\" \/><\/p>\n<p>&nbsp;<\/p>\n","protected":false},"excerpt":{"rendered":"<h5>LED Hallenstrahler Sega<\/h5>\n","protected":false},"featured_media":4914,"template":"","meta":{"_crdt_document":"","_monsterinsights_skip_tracking":false,"_monsterinsights_sitenote_active":false,"_monsterinsights_sitenote_note":"","_monsterinsights_sitenote_category":0},"product_brand":[],"product_cat":[297],"product_tag":[301,303,302],"class_list":{"0":"post-4909","1":"product","2":"type-product","3":"status-publish","4":"has-post-thumbnail","6":"product_cat-hallenstrahler","7":"product_tag-hallenstrahler","8":"product_tag-icepipe","9":"product_tag-led-strahler","11":"first","12":"outofstock","13":"shipping-taxable","14":"product-type-variable"},"_links":{"self":[{"href":"https:\/\/www.endres-lighting.de\/el\/wp-json\/wp\/v2\/product\/4909","targetHints":{"allow":["GET"]}}],"collection":[{"href":"https:\/\/www.endres-lighting.de\/el\/wp-json\/wp\/v2\/product"}],"about":[{"href":"https:\/\/www.endres-lighting.de\/el\/wp-json\/wp\/v2\/types\/product"}],"wp:featuredmedia":[{"embeddable":true,"href":"https:\/\/www.endres-lighting.de\/el\/wp-json\/wp\/v2\/media\/4914"}],"wp:attachment":[{"href":"https:\/\/www.endres-lighting.de\/el\/wp-json\/wp\/v2\/media?parent=4909"}],"wp:term":[{"taxonomy":"product_brand","embeddable":true,"href":"https:\/\/www.endres-lighting.de\/el\/wp-json\/wp\/v2\/product_brand?post=4909"},{"taxonomy":"product_cat","embeddable":true,"href":"https:\/\/www.endres-lighting.de\/el\/wp-json\/wp\/v2\/product_cat?post=4909"},{"taxonomy":"product_tag","embeddable":true,"href":"https:\/\/www.endres-lighting.de\/el\/wp-json\/wp\/v2\/product_tag?post=4909"}],"curies":[{"name":"wp","href":"https:\/\/api.w.org\/{rel}","templated":true}]}}