{"id":4926,"date":"2020-06-30T11:34:40","date_gmt":"2020-06-30T09:34:40","guid":{"rendered":"https:\/\/www.endres-lighting.de\/wordpress\/?post_type=product&#038;p=4926"},"modified":"2025-07-31T10:57:14","modified_gmt":"2025-07-31T08:57:14","slug":"led-hallenstrahler-wapa","status":"publish","type":"product","link":"https:\/\/www.endres-lighting.de\/el\/produkt\/led-hallenstrahler-wapa\/","title":{"rendered":"LED Hallenstrahler Wapa"},"content":{"rendered":"<h4><span style=\"color: #808080;\">LED Hallenstrahler Wapa punktet mit einer einzigartigen Effizienz von 135 lm\/Watt und verf\u00fcgt \u00fcber ein exzellentes K\u00fchlmanagement, das f\u00fcr eine l\u00e4ngere Betriebslebensdauer sorgt. Das Geh\u00e4use besteht aus Aluminiumguss, pulverbeschichtet, die Abdeckung aus geh\u00e4rtetem Glas (klar). Wapa LED Hallenstrahler eignet sich zur Mastmontage oder kann mit Klammer oder Wandhalterung montiert werden.<\/span><\/h4>\n<h4><img fetchpriority=\"high\" decoding=\"async\" class=\"alignleft wp-image-4932 \" src=\"https:\/\/www.endres-lighting.de\/el\/wp-content\/uploads\/2020\/06\/WAPA-LED-Hallenleuchte-4.jpg\" alt=\"\" width=\"505\" height=\"271\" srcset=\"https:\/\/www.endres-lighting.de\/el\/wp-content\/uploads\/2020\/06\/WAPA-LED-Hallenleuchte-4-768x410.jpg 768w, https:\/\/www.endres-lighting.de\/el\/wp-content\/uploads\/2020\/06\/WAPA-LED-Hallenleuchte-4-300x160.jpg 300w\" sizes=\"(max-width: 505px) 100vw, 505px\" \/><img decoding=\"async\" class=\"alignleft wp-image-4934 \" src=\"https:\/\/www.endres-lighting.de\/el\/wp-content\/uploads\/2020\/06\/WAPA-LED-Hallenleuchte-3.jpg\" alt=\"\" width=\"513\" height=\"270\" \/><\/h4>\n<h4><\/h4>\n<p>&nbsp;<\/p>\n<p>&nbsp;<\/p>\n<p>&nbsp;<\/p>\n<p>&nbsp;<\/p>\n<p>&nbsp;<\/p>\n<p>&nbsp;<\/p>\n<p>&nbsp;<\/p>\n<p>&nbsp;<\/p>\n<p>&nbsp;<\/p>\n<hr class=\" rule-thin osc-rule\" \/>\n<h4><img decoding=\"async\" class=\"alignleft wp-image-4933 \" src=\"https:\/\/www.endres-lighting.de\/el\/wp-content\/uploads\/2020\/06\/WAPA-LED-Hallenleuchte-Detail.jpg\" alt=\"\" width=\"804\" height=\"429\" srcset=\"https:\/\/www.endres-lighting.de\/el\/wp-content\/uploads\/2020\/06\/WAPA-LED-Hallenleuchte-Detail.jpg 1920w, https:\/\/www.endres-lighting.de\/el\/wp-content\/uploads\/2020\/06\/WAPA-LED-Hallenleuchte-Detail-768x410.jpg 768w, https:\/\/www.endres-lighting.de\/el\/wp-content\/uploads\/2020\/06\/WAPA-LED-Hallenleuchte-Detail-1536x819.jpg 1536w, https:\/\/www.endres-lighting.de\/el\/wp-content\/uploads\/2020\/06\/WAPA-LED-Hallenleuchte-Detail-700x373.jpg 700w, https:\/\/www.endres-lighting.de\/el\/wp-content\/uploads\/2020\/06\/WAPA-LED-Hallenleuchte-Detail-300x160.jpg 300w\" sizes=\"(max-width: 804px) 100vw, 804px\" \/><\/h4>\n<h4><strong>Eigenschaften:<\/strong><\/h4>\n<p>\u2022 Geh\u00e4use aus Aluminium<br \/>\n\u2022 Abdeckung aus geh\u00e4rtetem Glas 3,2T (klar)<br \/>\n\u2022 Pulverbeschichtung<br \/>\n\u2022 Montage: Wandhalterung, Klammer, Mastmontage<br \/>\n\u2022 Lichtverteilung asymmetrisch breit<\/p>\n<h4><strong>Merkmale:<\/strong><\/h4>\n<p>\u2022 einzigartige Effizienz von 135 lm\/W<br \/>\n\u2022 exzellentes K\u00fchlmanagement<br \/>\n\u2022 \u00dcberspannungsschutz: 20 kV<\/p>\n<h4><strong>Einsatzbereiche:<\/strong><\/h4>\n<p>\u2022 Gro\u00dfm\u00e4rkte<br \/>\n\u2022 Sportarena, Sporthallen<br \/>\n\u2022 Fabrik-, Logistik-, Produktions- und Lagerhallen<br \/>\n\u2022 Flughafen, Bahnh\u00f6fe<\/p>\n<p>&nbsp;<\/p>\n<hr class=\" rule-thin osc-rule\" \/>\n<p><img loading=\"lazy\" decoding=\"async\" class=\"alignleft wp-image-5533 \" src=\"https:\/\/www.endres-lighting.de\/el\/wp-content\/uploads\/2020\/06\/LED-Hallenstrahler-Wapa-1.jpg\" alt=\"\" width=\"1187\" height=\"626\" srcset=\"https:\/\/www.endres-lighting.de\/el\/wp-content\/uploads\/2020\/06\/LED-Hallenstrahler-Wapa-1-768x404.jpg 768w, https:\/\/www.endres-lighting.de\/el\/wp-content\/uploads\/2020\/06\/LED-Hallenstrahler-Wapa-1-700x368.jpg 700w, https:\/\/www.endres-lighting.de\/el\/wp-content\/uploads\/2020\/06\/LED-Hallenstrahler-Wapa-1-300x158.jpg 300w\" sizes=\"(max-width: 1187px) 100vw, 1187px\" \/><\/p>\n<p>&nbsp;<\/p>\n<p>&nbsp;<\/p>\n<p><img loading=\"lazy\" decoding=\"async\" class=\"alignleft wp-image-4938 \" src=\"https:\/\/www.endres-lighting.de\/el\/wp-content\/uploads\/2020\/06\/WAPA-LED-Hallenleuchte-techdata.jpg\" alt=\"\" width=\"599\" height=\"337\" srcset=\"https:\/\/www.endres-lighting.de\/el\/wp-content\/uploads\/2020\/06\/WAPA-LED-Hallenleuchte-techdata.jpg 841w, https:\/\/www.endres-lighting.de\/el\/wp-content\/uploads\/2020\/06\/WAPA-LED-Hallenleuchte-techdata-768x434.jpg 768w, https:\/\/www.endres-lighting.de\/el\/wp-content\/uploads\/2020\/06\/WAPA-LED-Hallenleuchte-techdata-730x410.jpg 730w, https:\/\/www.endres-lighting.de\/el\/wp-content\/uploads\/2020\/06\/WAPA-LED-Hallenleuchte-techdata-700x395.jpg 700w, https:\/\/www.endres-lighting.de\/el\/wp-content\/uploads\/2020\/06\/WAPA-LED-Hallenleuchte-techdata-300x169.jpg 300w\" sizes=\"(max-width: 599px) 100vw, 599px\" \/><\/p>\n<p><img loading=\"lazy\" decoding=\"async\" class=\"alignleft wp-image-4937 \" src=\"https:\/\/www.endres-lighting.de\/el\/wp-content\/uploads\/2020\/06\/WAPA-LED-Hallenleuchte.jpg\" alt=\"\" width=\"474\" height=\"182\" \/><\/p>\n<p>&nbsp;<\/p>\n<p>&nbsp;<\/p>\n<p>&nbsp;<\/p>\n<p>&nbsp;<\/p>\n<p>&nbsp;<\/p>\n<p>&nbsp;<\/p>\n<p>&nbsp;<\/p>\n<p>&nbsp;<\/p>\n<p>&nbsp;<\/p>\n<p>&nbsp;<\/p>\n<p>&nbsp;<\/p>\n<p>&nbsp;<\/p>\n<p>&nbsp;<\/p>\n<p>&nbsp;<\/p>\n","protected":false},"excerpt":{"rendered":"<h5>LED Hallenstrahler Wapa<\/h5>\n","protected":false},"featured_media":4934,"template":"","meta":{"_crdt_document":"","_monsterinsights_skip_tracking":false,"_monsterinsights_sitenote_active":false,"_monsterinsights_sitenote_note":"","_monsterinsights_sitenote_category":0},"product_brand":[],"product_cat":[318,297],"product_tag":[301,303,302],"class_list":{"0":"post-4926","1":"product","2":"type-product","3":"status-publish","4":"has-post-thumbnail","6":"product_cat-flutlicht","7":"product_cat-hallenstrahler","8":"product_tag-hallenstrahler","9":"product_tag-icepipe","10":"product_tag-led-strahler","12":"first","13":"outofstock","14":"shipping-taxable","15":"product-type-variable"},"_links":{"self":[{"href":"https:\/\/www.endres-lighting.de\/el\/wp-json\/wp\/v2\/product\/4926","targetHints":{"allow":["GET"]}}],"collection":[{"href":"https:\/\/www.endres-lighting.de\/el\/wp-json\/wp\/v2\/product"}],"about":[{"href":"https:\/\/www.endres-lighting.de\/el\/wp-json\/wp\/v2\/types\/product"}],"wp:featuredmedia":[{"embeddable":true,"href":"https:\/\/www.endres-lighting.de\/el\/wp-json\/wp\/v2\/media\/4934"}],"wp:attachment":[{"href":"https:\/\/www.endres-lighting.de\/el\/wp-json\/wp\/v2\/media?parent=4926"}],"wp:term":[{"taxonomy":"product_brand","embeddable":true,"href":"https:\/\/www.endres-lighting.de\/el\/wp-json\/wp\/v2\/product_brand?post=4926"},{"taxonomy":"product_cat","embeddable":true,"href":"https:\/\/www.endres-lighting.de\/el\/wp-json\/wp\/v2\/product_cat?post=4926"},{"taxonomy":"product_tag","embeddable":true,"href":"https:\/\/www.endres-lighting.de\/el\/wp-json\/wp\/v2\/product_tag?post=4926"}],"curies":[{"name":"wp","href":"https:\/\/api.w.org\/{rel}","templated":true}]}}