{"id":4998,"date":"2020-07-07T09:40:11","date_gmt":"2020-07-07T07:40:11","guid":{"rendered":"https:\/\/www.endres-lighting.de\/wordpress\/?post_type=product&#038;p=4998"},"modified":"2023-10-24T14:54:41","modified_gmt":"2023-10-24T12:54:41","slug":"led-flutlicht-sufa","status":"publish","type":"product","link":"https:\/\/www.endres-lighting.de\/el\/produkt\/led-flutlicht-sufa\/","title":{"rendered":"LED Flutlicht Sufa"},"content":{"rendered":"<h4><span style=\"color: #808080;\">LED Flutlicht Sufa verf\u00fcgt \u00fcber ein exzellentes K\u00fchlmanagement und einen integrierten 20kV \u00dcberspannungsschutz, es leistet eine homogene<br \/>\nund verlustarme Lichtverteilung und erm\u00f6glicht den kostg\u00fcnstigen 1 zu 1 Austausch f\u00fcr HID Flutlicht.<br \/>\nDas Geh\u00e4use besteht aus Aluminiumguss, pulverbeschichtet, die Abdeckung aus geh\u00e4rtetem Glas (klar).<br \/>\n<\/span><\/h4>\n<p>&nbsp;<\/p>\n\n<table id=\"tablepress-10\" class=\"tablepress tablepress-id-10\">\n<tbody class=\"row-striping row-hover\">\n<tr class=\"row-1\">\n\t<td class=\"column-1\"><a href=\"https:\/\/www.endres-lighting.de\/el\/wp-content\/uploads\/2020\/07\/SUFA200_auf-schiff.jpg\"><img decoding=\"async\" src=\"https:\/\/www.endres-lighting.de\/el\/wp-content\/uploads\/2020\/07\/SUFA200_auf-schiff-300x160.jpg\" alt=\"\" width=\"300\" height=\"160\" class=\"alignleft size-medium wp-image-5006\" srcset=\"https:\/\/www.endres-lighting.de\/el\/wp-content\/uploads\/2020\/07\/SUFA200_auf-schiff-300x160.jpg 300w, https:\/\/www.endres-lighting.de\/el\/wp-content\/uploads\/2020\/07\/SUFA200_auf-schiff-768x410.jpg 768w, https:\/\/www.endres-lighting.de\/el\/wp-content\/uploads\/2020\/07\/SUFA200_auf-schiff-1536x819.jpg 1536w, https:\/\/www.endres-lighting.de\/el\/wp-content\/uploads\/2020\/07\/SUFA200_auf-schiff-700x373.jpg 700w, https:\/\/www.endres-lighting.de\/el\/wp-content\/uploads\/2020\/07\/SUFA200_auf-schiff.jpg 1920w\" sizes=\"(max-width: 300px) 100vw, 300px\" \/><\/a><\/td><td class=\"column-2\"><a href=\"https:\/\/www.endres-lighting.de\/el\/wp-content\/uploads\/2020\/07\/SUFA400_Perspective_02.jpg\"><img decoding=\"async\" src=\"https:\/\/www.endres-lighting.de\/el\/wp-content\/uploads\/2020\/07\/SUFA400_Perspective_02-300x160.jpg\" alt=\"\" width=\"300\" height=\"160\" class=\"alignleft size-medium wp-image-5016\" srcset=\"https:\/\/www.endres-lighting.de\/el\/wp-content\/uploads\/2020\/07\/SUFA400_Perspective_02-300x160.jpg 300w, https:\/\/www.endres-lighting.de\/el\/wp-content\/uploads\/2020\/07\/SUFA400_Perspective_02-768x410.jpg 768w, https:\/\/www.endres-lighting.de\/el\/wp-content\/uploads\/2020\/07\/SUFA400_Perspective_02-1536x819.jpg 1536w, https:\/\/www.endres-lighting.de\/el\/wp-content\/uploads\/2020\/07\/SUFA400_Perspective_02-700x373.jpg 700w, https:\/\/www.endres-lighting.de\/el\/wp-content\/uploads\/2020\/07\/SUFA400_Perspective_02.jpg 1920w\" sizes=\"(max-width: 300px) 100vw, 300px\" \/><\/a><\/td><td class=\"column-3\"><a href=\"https:\/\/www.endres-lighting.de\/el\/wp-content\/uploads\/2020\/07\/SUFA800_Perspective_02.jpg\"><img decoding=\"async\" src=\"https:\/\/www.endres-lighting.de\/el\/wp-content\/uploads\/2020\/07\/SUFA800_Perspective_02-300x160.jpg\" alt=\"\" width=\"300\" height=\"160\" class=\"alignleft size-medium wp-image-5015\" srcset=\"https:\/\/www.endres-lighting.de\/el\/wp-content\/uploads\/2020\/07\/SUFA800_Perspective_02-300x160.jpg 300w, https:\/\/www.endres-lighting.de\/el\/wp-content\/uploads\/2020\/07\/SUFA800_Perspective_02-768x410.jpg 768w, https:\/\/www.endres-lighting.de\/el\/wp-content\/uploads\/2020\/07\/SUFA800_Perspective_02-1536x819.jpg 1536w, https:\/\/www.endres-lighting.de\/el\/wp-content\/uploads\/2020\/07\/SUFA800_Perspective_02-700x373.jpg 700w, https:\/\/www.endres-lighting.de\/el\/wp-content\/uploads\/2020\/07\/SUFA800_Perspective_02.jpg 1920w\" sizes=\"(max-width: 300px) 100vw, 300px\" \/><\/a><\/td>\n<\/tr>\n<tr class=\"row-2\">\n\t<td class=\"column-1\">Sufa 200<\/td><td class=\"column-2\">Sufa 400<\/td><td class=\"column-3\">Sufa 800<\/td>\n<\/tr>\n<\/tbody>\n<\/table>\n<!-- #tablepress-10 from cache -->\n<p>&nbsp;<\/p>\n<hr class=\" rule-thin osc-rule\" \/>\n<h4><img loading=\"lazy\" decoding=\"async\" class=\"alignleft wp-image-5009 \" src=\"https:\/\/www.endres-lighting.de\/el\/wp-content\/uploads\/2020\/07\/Sufa-beispiel.jpg\" alt=\"\" width=\"697\" height=\"373\" srcset=\"https:\/\/www.endres-lighting.de\/el\/wp-content\/uploads\/2020\/07\/Sufa-beispiel.jpg 1920w, https:\/\/www.endres-lighting.de\/el\/wp-content\/uploads\/2020\/07\/Sufa-beispiel-768x410.jpg 768w, https:\/\/www.endres-lighting.de\/el\/wp-content\/uploads\/2020\/07\/Sufa-beispiel-1536x819.jpg 1536w, https:\/\/www.endres-lighting.de\/el\/wp-content\/uploads\/2020\/07\/Sufa-beispiel-300x160.jpg 300w\" sizes=\"(max-width: 697px) 100vw, 697px\" \/><\/h4>\n<h4><strong>Eigenschaften:<\/strong><\/h4>\n<p>\u2022 exzellentes K\u00fchlmanagement<br \/>\n\u2022 integrierter 20kV \u00dcberspannungsschutz<br \/>\n\u2022 drahtloses Licht-Kontrollsystem<br \/>\n\u2022 homogene und verlustarme Lichtverteilung<\/p>\n<h4><strong>Ausstattung:<\/strong><\/h4>\n<p>Geh\u00e4use: Aluminiumguss<br \/>\nAbdeckung: geh\u00e4rtetes Glas 3T (klar)<br \/>\nBeschichtung: pulverbeschichtet<br \/>\nMontageoptionen: SF200 Mastmontage 60er Zopf<br \/>\nSF400\/800 B\u00fcgel (verstellbar)<br \/>\nLichtverteilung: 150 und 30\u00b0 symmetrisch\/150 asymmetrisch<br \/>\nKontrollsystem: drahtlos \/ FS-485<\/p>\n<hr class=\" rule-thin osc-rule\" \/>\n<h4><img loading=\"lazy\" decoding=\"async\" class=\"alignleft wp-image-5007\" src=\"https:\/\/www.endres-lighting.de\/el\/wp-content\/uploads\/2020\/07\/SUFA400_Thailand_montiert.jpg\" alt=\"\" width=\"697\" height=\"371\" srcset=\"https:\/\/www.endres-lighting.de\/el\/wp-content\/uploads\/2020\/07\/SUFA400_Thailand_montiert.jpg 1920w, https:\/\/www.endres-lighting.de\/el\/wp-content\/uploads\/2020\/07\/SUFA400_Thailand_montiert-768x410.jpg 768w, https:\/\/www.endres-lighting.de\/el\/wp-content\/uploads\/2020\/07\/SUFA400_Thailand_montiert-1536x819.jpg 1536w, https:\/\/www.endres-lighting.de\/el\/wp-content\/uploads\/2020\/07\/SUFA400_Thailand_montiert-700x373.jpg 700w, https:\/\/www.endres-lighting.de\/el\/wp-content\/uploads\/2020\/07\/SUFA400_Thailand_montiert-300x160.jpg 300w\" sizes=\"(max-width: 697px) 100vw, 697px\" \/>Einsatzbereiche:<\/h4>\n<p>\u2022 Sporteinrichtungen, Stadien, Golfpl\u00e4tze<br \/>\n\u2022 H\u00e4fen, Flugh\u00e4fen, Flugzeughallen, Flughafenrampen<br \/>\n\u2022 Container Terminals<br \/>\n\u2022 Parkpl\u00e4tze<br \/>\n\u2022 Werksgel\u00e4nde<\/p>\n<p>&nbsp;<\/p>\n<p>&nbsp;<\/p>\n<p>&nbsp;<\/p>\n<p>&nbsp;<\/p>\n<p>&nbsp;<\/p>\n<p>&nbsp;<\/p>\n<hr class=\" rule-thin osc-rule\" \/>\n<p><img loading=\"lazy\" decoding=\"async\" class=\"wp-image-5017 aligncenter\" src=\"https:\/\/www.endres-lighting.de\/el\/wp-content\/uploads\/2020\/07\/SUFA400_Detail_Shot_03.jpg\" alt=\"\" width=\"1129\" height=\"602\" srcset=\"https:\/\/www.endres-lighting.de\/el\/wp-content\/uploads\/2020\/07\/SUFA400_Detail_Shot_03.jpg 1920w, https:\/\/www.endres-lighting.de\/el\/wp-content\/uploads\/2020\/07\/SUFA400_Detail_Shot_03-768x410.jpg 768w, https:\/\/www.endres-lighting.de\/el\/wp-content\/uploads\/2020\/07\/SUFA400_Detail_Shot_03-1536x819.jpg 1536w, https:\/\/www.endres-lighting.de\/el\/wp-content\/uploads\/2020\/07\/SUFA400_Detail_Shot_03-700x373.jpg 700w, https:\/\/www.endres-lighting.de\/el\/wp-content\/uploads\/2020\/07\/SUFA400_Detail_Shot_03-300x160.jpg 300w\" sizes=\"(max-width: 1129px) 100vw, 1129px\" \/><\/p>\n<p>&nbsp;<\/p>\n<hr class=\" rule-thin osc-rule\" \/>\n<p><img loading=\"lazy\" decoding=\"async\" class=\"alignleft wp-image-5011 \" src=\"https:\/\/www.endres-lighting.de\/el\/wp-content\/uploads\/2020\/07\/Sufa-Techdata.jpg\" alt=\"\" width=\"843\" height=\"378\" \/><\/p>\n<p>&nbsp;<\/p>\n<p>&nbsp;<\/p>\n<p>&nbsp;<\/p>\n<p>&nbsp;<\/p>\n<p>&nbsp;<\/p>\n<p>&nbsp;<\/p>\n<p>&nbsp;<\/p>\n<p>&nbsp;<\/p>\n<p>&nbsp;<\/p>\n<p>&nbsp;<\/p>\n<p>&nbsp;<\/p>\n<p>&nbsp;<\/p>\n<p>&nbsp;<\/p>\n","protected":false},"excerpt":{"rendered":"<h5>LED Flutlicht Sufa<\/h5>\n","protected":false},"featured_media":5015,"template":"","meta":{"_crdt_document":"","_monsterinsights_skip_tracking":false,"_monsterinsights_sitenote_active":false,"_monsterinsights_sitenote_note":"","_monsterinsights_sitenote_category":0},"product_brand":[],"product_cat":[318,297],"product_tag":[301,303,302],"class_list":{"0":"post-4998","1":"product","2":"type-product","3":"status-publish","4":"has-post-thumbnail","6":"product_cat-flutlicht","7":"product_cat-hallenstrahler","8":"product_tag-hallenstrahler","9":"product_tag-icepipe","10":"product_tag-led-strahler","12":"first","13":"outofstock","14":"shipping-taxable","15":"product-type-variable"},"_links":{"self":[{"href":"https:\/\/www.endres-lighting.de\/el\/wp-json\/wp\/v2\/product\/4998","targetHints":{"allow":["GET"]}}],"collection":[{"href":"https:\/\/www.endres-lighting.de\/el\/wp-json\/wp\/v2\/product"}],"about":[{"href":"https:\/\/www.endres-lighting.de\/el\/wp-json\/wp\/v2\/types\/product"}],"wp:featuredmedia":[{"embeddable":true,"href":"https:\/\/www.endres-lighting.de\/el\/wp-json\/wp\/v2\/media\/5015"}],"wp:attachment":[{"href":"https:\/\/www.endres-lighting.de\/el\/wp-json\/wp\/v2\/media?parent=4998"}],"wp:term":[{"taxonomy":"product_brand","embeddable":true,"href":"https:\/\/www.endres-lighting.de\/el\/wp-json\/wp\/v2\/product_brand?post=4998"},{"taxonomy":"product_cat","embeddable":true,"href":"https:\/\/www.endres-lighting.de\/el\/wp-json\/wp\/v2\/product_cat?post=4998"},{"taxonomy":"product_tag","embeddable":true,"href":"https:\/\/www.endres-lighting.de\/el\/wp-json\/wp\/v2\/product_tag?post=4998"}],"curies":[{"name":"wp","href":"https:\/\/api.w.org\/{rel}","templated":true}]}}